{"id":93,"date":"2020-01-06T10:05:22","date_gmt":"2020-01-06T09:05:22","guid":{"rendered":"http:\/\/melbordat.fr\/?page_id=93"},"modified":"2021-02-26T11:50:13","modified_gmt":"2021-02-26T10:50:13","slug":"posture-insolite","status":"publish","type":"page","link":"https:\/\/melbordat.fr\/index.php\/photographies\/posture-insolite\/","title":{"rendered":"TROUBLES DU SOMMEIL"},"content":{"rendered":"\t\t<div data-elementor-type=\"wp-page\" data-elementor-id=\"93\" class=\"elementor elementor-93\" data-elementor-settings=\"[]\">\n\t\t\t\t\t\t<div class=\"elementor-inner\">\n\t\t\t\t\t\t\t<div class=\"elementor-section-wrap\">\n\t\t\t\t\t\t\t<section class=\"elementor-section elementor-top-section elementor-element elementor-element-fa6f237 elementor-section-stretched elementor-section-boxed elementor-section-height-default elementor-section-height-default\" data-id=\"fa6f237\" data-element_type=\"section\" data-settings=\"{&quot;stretch_section&quot;:&quot;section-stretched&quot;}\">\n\t\t\t\t\t\t<div class=\"elementor-container elementor-column-gap-default\">\n\t\t\t\t\t\t\t<div class=\"elementor-row\">\n\t\t\t\t\t<div class=\"elementor-column elementor-col-100 elementor-top-column elementor-element elementor-element-9b74991\" data-id=\"9b74991\" data-element_type=\"column\">\n\t\t\t<div class=\"elementor-column-wrap elementor-element-populated\">\n\t\t\t\t\t\t\t<div class=\"elementor-widget-wrap\">\n\t\t\t\t\t\t<div class=\"elementor-element elementor-element-c7f0b34 elementor-widget elementor-widget-image\" data-id=\"c7f0b34\" data-element_type=\"widget\" data-settings=\"{&quot;_animation&quot;:&quot;none&quot;}\" data-widget_type=\"image.default\">\n\t\t\t\t<div class=\"elementor-widget-container\">\n\t\t\t\t\t\t\t\t<div class=\"elementor-image\">\n\t\t\t\t\t\t\t\t\t\t\t\t<img width=\"2560\" height=\"1953\" src=\"https:\/\/melbordat.fr\/wp-content\/uploads\/2020\/01\/IMG_1242-scaled.jpg\" class=\"attachment-full size-full\" alt=\"\" loading=\"lazy\" srcset=\"https:\/\/melbordat.fr\/wp-content\/uploads\/2020\/01\/IMG_1242-scaled.jpg 2560w, https:\/\/melbordat.fr\/wp-content\/uploads\/2020\/01\/IMG_1242-300x229.jpg 300w, https:\/\/melbordat.fr\/wp-content\/uploads\/2020\/01\/IMG_1242-1024x781.jpg 1024w, https:\/\/melbordat.fr\/wp-content\/uploads\/2020\/01\/IMG_1242-768x586.jpg 768w, https:\/\/melbordat.fr\/wp-content\/uploads\/2020\/01\/IMG_1242-1536x1172.jpg 1536w, https:\/\/melbordat.fr\/wp-content\/uploads\/2020\/01\/IMG_1242-2048x1562.jpg 2048w, https:\/\/melbordat.fr\/wp-content\/uploads\/2020\/01\/IMG_1242-370x282.jpg 370w, https:\/\/melbordat.fr\/wp-content\/uploads\/2020\/01\/IMG_1242-1040x793.jpg 1040w\" sizes=\"(max-width: 2560px) 100vw, 2560px\" \/>\t\t\t\t\t\t\t\t\t\t\t\t\t\t<\/div>\n\t\t\t\t\t\t<\/div>\n\t\t\t\t<\/div>\n\t\t\t\t\t\t<\/div>\n\t\t\t\t\t<\/div>\n\t\t<\/div>\n\t\t\t\t\t\t\t\t<\/div>\n\t\t\t\t\t<\/div>\n\t\t<\/section>\n\t\t\t\t<section class=\"elementor-section elementor-top-section elementor-element elementor-element-223e0b8 elementor-section-stretched elementor-section-boxed elementor-section-height-default elementor-section-height-default\" data-id=\"223e0b8\" data-element_type=\"section\" data-settings=\"{&quot;stretch_section&quot;:&quot;section-stretched&quot;}\">\n\t\t\t\t\t\t<div class=\"elementor-container elementor-column-gap-default\">\n\t\t\t\t\t\t\t<div class=\"elementor-row\">\n\t\t\t\t\t<div class=\"elementor-column elementor-col-50 elementor-top-column elementor-element elementor-element-bf8742b\" data-id=\"bf8742b\" data-element_type=\"column\">\n\t\t\t<div class=\"elementor-column-wrap elementor-element-populated\">\n\t\t\t\t\t\t\t<div class=\"elementor-widget-wrap\">\n\t\t\t\t\t\t<div class=\"elementor-element elementor-element-941dffc elementor-widget elementor-widget-image\" data-id=\"941dffc\" data-element_type=\"widget\" data-settings=\"{&quot;_animation&quot;:&quot;none&quot;}\" data-widget_type=\"image.default\">\n\t\t\t\t<div class=\"elementor-widget-container\">\n\t\t\t\t\t\t\t\t<div class=\"elementor-image\">\n\t\t\t\t\t\t\t\t\t\t\t\t<img width=\"781\" height=\"1024\" src=\"https:\/\/melbordat.fr\/wp-content\/uploads\/2020\/01\/IMG_1308-781x1024.jpg\" class=\"attachment-large size-large\" alt=\"\" loading=\"lazy\" srcset=\"https:\/\/melbordat.fr\/wp-content\/uploads\/2020\/01\/IMG_1308-781x1024.jpg 781w, https:\/\/melbordat.fr\/wp-content\/uploads\/2020\/01\/IMG_1308-229x300.jpg 229w, https:\/\/melbordat.fr\/wp-content\/uploads\/2020\/01\/IMG_1308-768x1007.jpg 768w, https:\/\/melbordat.fr\/wp-content\/uploads\/2020\/01\/IMG_1308-1172x1536.jpg 1172w, https:\/\/melbordat.fr\/wp-content\/uploads\/2020\/01\/IMG_1308-1562x2048.jpg 1562w, https:\/\/melbordat.fr\/wp-content\/uploads\/2020\/01\/IMG_1308-370x485.jpg 370w, https:\/\/melbordat.fr\/wp-content\/uploads\/2020\/01\/IMG_1308-1040x1363.jpg 1040w, https:\/\/melbordat.fr\/wp-content\/uploads\/2020\/01\/IMG_1308-scaled.jpg 1953w\" sizes=\"(max-width: 781px) 100vw, 781px\" \/>\t\t\t\t\t\t\t\t\t\t\t\t\t\t<\/div>\n\t\t\t\t\t\t<\/div>\n\t\t\t\t<\/div>\n\t\t\t\t\t\t<\/div>\n\t\t\t\t\t<\/div>\n\t\t<\/div>\n\t\t\t\t<div class=\"elementor-column elementor-col-50 elementor-top-column elementor-element elementor-element-0c27203\" data-id=\"0c27203\" data-element_type=\"column\">\n\t\t\t<div class=\"elementor-column-wrap elementor-element-populated\">\n\t\t\t\t\t\t\t<div class=\"elementor-widget-wrap\">\n\t\t\t\t\t\t<div class=\"elementor-element elementor-element-7894e95 elementor-widget elementor-widget-image\" data-id=\"7894e95\" data-element_type=\"widget\" data-settings=\"{&quot;_animation&quot;:&quot;none&quot;}\" data-widget_type=\"image.default\">\n\t\t\t\t<div class=\"elementor-widget-container\">\n\t\t\t\t\t\t\t\t<div class=\"elementor-image\">\n\t\t\t\t\t\t\t\t\t\t\t\t<img width=\"781\" height=\"1024\" src=\"https:\/\/melbordat.fr\/wp-content\/uploads\/2020\/01\/IMG_1279-781x1024.jpg\" class=\"attachment-large size-large\" alt=\"\" loading=\"lazy\" srcset=\"https:\/\/melbordat.fr\/wp-content\/uploads\/2020\/01\/IMG_1279-781x1024.jpg 781w, https:\/\/melbordat.fr\/wp-content\/uploads\/2020\/01\/IMG_1279-229x300.jpg 229w, https:\/\/melbordat.fr\/wp-content\/uploads\/2020\/01\/IMG_1279-768x1007.jpg 768w, https:\/\/melbordat.fr\/wp-content\/uploads\/2020\/01\/IMG_1279-1172x1536.jpg 1172w, https:\/\/melbordat.fr\/wp-content\/uploads\/2020\/01\/IMG_1279-1562x2048.jpg 1562w, https:\/\/melbordat.fr\/wp-content\/uploads\/2020\/01\/IMG_1279-370x485.jpg 370w, https:\/\/melbordat.fr\/wp-content\/uploads\/2020\/01\/IMG_1279-1040x1363.jpg 1040w, https:\/\/melbordat.fr\/wp-content\/uploads\/2020\/01\/IMG_1279-scaled.jpg 1953w\" sizes=\"(max-width: 781px) 100vw, 781px\" \/>\t\t\t\t\t\t\t\t\t\t\t\t\t\t<\/div>\n\t\t\t\t\t\t<\/div>\n\t\t\t\t<\/div>\n\t\t\t\t\t\t<\/div>\n\t\t\t\t\t<\/div>\n\t\t<\/div>\n\t\t\t\t\t\t\t\t<\/div>\n\t\t\t\t\t<\/div>\n\t\t<\/section>\n\t\t\t\t<section class=\"elementor-section elementor-top-section elementor-element elementor-element-aade60d elementor-section-stretched elementor-section-boxed elementor-section-height-default elementor-section-height-default\" data-id=\"aade60d\" data-element_type=\"section\" data-settings=\"{&quot;stretch_section&quot;:&quot;section-stretched&quot;}\">\n\t\t\t\t\t\t<div class=\"elementor-container elementor-column-gap-default\">\n\t\t\t\t\t\t\t<div class=\"elementor-row\">\n\t\t\t\t\t<div class=\"elementor-column elementor-col-50 elementor-top-column elementor-element elementor-element-8ced9b9\" data-id=\"8ced9b9\" data-element_type=\"column\">\n\t\t\t<div class=\"elementor-column-wrap elementor-element-populated\">\n\t\t\t\t\t\t\t<div class=\"elementor-widget-wrap\">\n\t\t\t\t\t\t<div class=\"elementor-element elementor-element-2dcb22b elementor-widget elementor-widget-image\" data-id=\"2dcb22b\" data-element_type=\"widget\" data-widget_type=\"image.default\">\n\t\t\t\t<div class=\"elementor-widget-container\">\n\t\t\t\t\t\t\t\t<div class=\"elementor-image\">\n\t\t\t\t\t\t\t\t\t\t\t\t<img width=\"920\" height=\"702\" src=\"https:\/\/melbordat.fr\/wp-content\/uploads\/2020\/01\/IMG_1319-1024x781.jpg\" class=\"attachment-large size-large\" alt=\"\" loading=\"lazy\" srcset=\"https:\/\/melbordat.fr\/wp-content\/uploads\/2020\/01\/IMG_1319-1024x781.jpg 1024w, https:\/\/melbordat.fr\/wp-content\/uploads\/2020\/01\/IMG_1319-300x229.jpg 300w, https:\/\/melbordat.fr\/wp-content\/uploads\/2020\/01\/IMG_1319-768x586.jpg 768w, https:\/\/melbordat.fr\/wp-content\/uploads\/2020\/01\/IMG_1319-1536x1172.jpg 1536w, https:\/\/melbordat.fr\/wp-content\/uploads\/2020\/01\/IMG_1319-2048x1562.jpg 2048w, https:\/\/melbordat.fr\/wp-content\/uploads\/2020\/01\/IMG_1319-370x282.jpg 370w, https:\/\/melbordat.fr\/wp-content\/uploads\/2020\/01\/IMG_1319-1040x793.jpg 1040w\" sizes=\"(max-width: 920px) 100vw, 920px\" \/>\t\t\t\t\t\t\t\t\t\t\t\t\t\t<\/div>\n\t\t\t\t\t\t<\/div>\n\t\t\t\t<\/div>\n\t\t\t\t\t\t<\/div>\n\t\t\t\t\t<\/div>\n\t\t<\/div>\n\t\t\t\t<div class=\"elementor-column elementor-col-50 elementor-top-column elementor-element elementor-element-fc3ccfb\" data-id=\"fc3ccfb\" data-element_type=\"column\">\n\t\t\t<div class=\"elementor-column-wrap elementor-element-populated\">\n\t\t\t\t\t\t\t<div class=\"elementor-widget-wrap\">\n\t\t\t\t\t\t<div class=\"elementor-element elementor-element-d75d915 elementor-widget elementor-widget-image\" data-id=\"d75d915\" data-element_type=\"widget\" data-settings=\"{&quot;_animation&quot;:&quot;none&quot;}\" data-widget_type=\"image.default\">\n\t\t\t\t<div class=\"elementor-widget-container\">\n\t\t\t\t\t\t\t\t<div class=\"elementor-image\">\n\t\t\t\t\t\t\t\t\t\t\t\t<img width=\"781\" height=\"1024\" src=\"https:\/\/melbordat.fr\/wp-content\/uploads\/2020\/01\/IMG_1290-781x1024.jpg\" class=\"attachment-large size-large\" alt=\"\" loading=\"lazy\" srcset=\"https:\/\/melbordat.fr\/wp-content\/uploads\/2020\/01\/IMG_1290-781x1024.jpg 781w, https:\/\/melbordat.fr\/wp-content\/uploads\/2020\/01\/IMG_1290-229x300.jpg 229w, https:\/\/melbordat.fr\/wp-content\/uploads\/2020\/01\/IMG_1290-768x1007.jpg 768w, https:\/\/melbordat.fr\/wp-content\/uploads\/2020\/01\/IMG_1290-1172x1536.jpg 1172w, https:\/\/melbordat.fr\/wp-content\/uploads\/2020\/01\/IMG_1290-1562x2048.jpg 1562w, https:\/\/melbordat.fr\/wp-content\/uploads\/2020\/01\/IMG_1290-370x485.jpg 370w, https:\/\/melbordat.fr\/wp-content\/uploads\/2020\/01\/IMG_1290-1040x1363.jpg 1040w, https:\/\/melbordat.fr\/wp-content\/uploads\/2020\/01\/IMG_1290-scaled.jpg 1953w\" sizes=\"(max-width: 781px) 100vw, 781px\" \/>\t\t\t\t\t\t\t\t\t\t\t\t\t\t<\/div>\n\t\t\t\t\t\t<\/div>\n\t\t\t\t<\/div>\n\t\t\t\t\t\t<\/div>\n\t\t\t\t\t<\/div>\n\t\t<\/div>\n\t\t\t\t\t\t\t\t<\/div>\n\t\t\t\t\t<\/div>\n\t\t<\/section>\n\t\t\t\t<section class=\"elementor-section elementor-top-section elementor-element elementor-element-81ee724 elementor-section-stretched elementor-section-boxed elementor-section-height-default elementor-section-height-default\" data-id=\"81ee724\" data-element_type=\"section\" data-settings=\"{&quot;stretch_section&quot;:&quot;section-stretched&quot;}\">\n\t\t\t\t\t\t<div class=\"elementor-container elementor-column-gap-default\">\n\t\t\t\t\t\t\t<div class=\"elementor-row\">\n\t\t\t\t\t<div class=\"elementor-column elementor-col-100 elementor-top-column elementor-element elementor-element-052b77d\" data-id=\"052b77d\" data-element_type=\"column\">\n\t\t\t<div class=\"elementor-column-wrap elementor-element-populated\">\n\t\t\t\t\t\t\t<div class=\"elementor-widget-wrap\">\n\t\t\t\t\t\t<div class=\"elementor-element elementor-element-d5cd52a elementor-widget elementor-widget-text-editor\" data-id=\"d5cd52a\" data-element_type=\"widget\" data-widget_type=\"text-editor.default\">\n\t\t\t\t<div class=\"elementor-widget-container\">\n\t\t\t\t\t\t\t\t<div class=\"elementor-text-editor elementor-clearfix\">\n\t\t\t\t\t<p style=\"font-family: Barlow, sans-serif; font-size: 19px;\">Projet photo r\u00e9alis\u00e9 dans le cadre scolaire.<br \/>Le but \u00e9tait de mettre en sc\u00e8ne le corps dans des postures improbables dans l&rsquo;espace.\u00a0J&rsquo;ai choisi de travailler autour du sommeil. A travers des postures improbables dans un lit j&rsquo;ai voulu illustrer des troubles du sommeil.\u00a0Ici, Valentine Ambroggi, a \u00e9t\u00e9 captur\u00e9e dans des positions de contorsions extr\u00eames dans un lit aux draps froiss\u00e9s, synonyme d&rsquo;un sommeil agit\u00e9.<br \/>J&rsquo;ai accompagn\u00e9 mon projet d&rsquo;un gif vid\u00e9o afin d&rsquo;illustrer dans le temps les troubles du sommeil.<\/p><p><em><span lang=\"en\">Photo project carried out in the school setting. <br \/>The goal was to stage the body in improbable postures in space.\u00a0<\/span>I chose to work around sleep. Through improbable postures in a bed I wanted to illustrate sleep disorders. Here, Valentine Ambroggi, was captured in extreme contortive positions in a bed with crumpled sheets, synonymous with restless sleep.<\/em><br \/><em>I accompanied my project with a video gif to illustrate sleep disorders over time.\u00a0<\/em><\/p>\t\t\t\t\t<\/div>\n\t\t\t\t\t\t<\/div>\n\t\t\t\t<\/div>\n\t\t\t\t\t\t<\/div>\n\t\t\t\t\t<\/div>\n\t\t<\/div>\n\t\t\t\t\t\t\t\t<\/div>\n\t\t\t\t\t<\/div>\n\t\t<\/section>\n\t\t\t\t<section class=\"elementor-section elementor-top-section elementor-element elementor-element-7dd97a9 elementor-section-stretched elementor-section-boxed elementor-section-height-default elementor-section-height-default\" data-id=\"7dd97a9\" data-element_type=\"section\" data-settings=\"{&quot;stretch_section&quot;:&quot;section-stretched&quot;}\">\n\t\t\t\t\t\t<div class=\"elementor-container elementor-column-gap-default\">\n\t\t\t\t\t\t\t<div class=\"elementor-row\">\n\t\t\t\t\t<div class=\"elementor-column elementor-col-100 elementor-top-column elementor-element elementor-element-56bae0b\" data-id=\"56bae0b\" data-element_type=\"column\">\n\t\t\t<div class=\"elementor-column-wrap elementor-element-populated\">\n\t\t\t\t\t\t\t<div class=\"elementor-widget-wrap\">\n\t\t\t\t\t\t<div class=\"elementor-element elementor-element-f64cb3b elementor-widget elementor-widget-image\" data-id=\"f64cb3b\" data-element_type=\"widget\" data-widget_type=\"image.default\">\n\t\t\t\t<div class=\"elementor-widget-container\">\n\t\t\t\t\t\t\t\t<div class=\"elementor-image\">\n\t\t\t\t\t\t\t\t\t\t\t\t<img width=\"1667\" height=\"2500\" src=\"https:\/\/melbordat.fr\/wp-content\/uploads\/2020\/01\/trouble-du-sommeil-1.gif\" class=\"attachment-full size-full\" alt=\"\" loading=\"lazy\" \/>\t\t\t\t\t\t\t\t\t\t\t\t\t\t<\/div>\n\t\t\t\t\t\t<\/div>\n\t\t\t\t<\/div>\n\t\t\t\t\t\t<\/div>\n\t\t\t\t\t<\/div>\n\t\t<\/div>\n\t\t\t\t\t\t\t\t<\/div>\n\t\t\t\t\t<\/div>\n\t\t<\/section>\n\t\t\t\t<section class=\"elementor-section elementor-top-section elementor-element elementor-element-acc6a37 elementor-section-boxed elementor-section-height-default elementor-section-height-default\" data-id=\"acc6a37\" data-element_type=\"section\">\n\t\t\t\t\t\t<div class=\"elementor-container elementor-column-gap-default\">\n\t\t\t\t\t\t\t<div class=\"elementor-row\">\n\t\t\t\t\t<div class=\"elementor-column elementor-col-100 elementor-top-column elementor-element elementor-element-2bda7f5\" data-id=\"2bda7f5\" data-element_type=\"column\">\n\t\t\t<div class=\"elementor-column-wrap elementor-element-populated\">\n\t\t\t\t\t\t\t<div class=\"elementor-widget-wrap\">\n\t\t\t\t\t\t<div class=\"elementor-element elementor-element-59a140d elementor-align-center elementor-widget elementor-widget-button\" data-id=\"59a140d\" data-element_type=\"widget\" data-widget_type=\"button.default\">\n\t\t\t\t<div class=\"elementor-widget-container\">\n\t\t\t\t\t<div class=\"elementor-button-wrapper\">\n\t\t\t<a href=\"http:\/\/melbordat.fr\/index.php\/photographies\/\" class=\"elementor-button-link elementor-button elementor-size-sm elementor-animation-grow\" role=\"button\">\n\t\t\t\t\t\t<span class=\"elementor-button-content-wrapper\">\n\t\t\t\t\t\t<span class=\"elementor-button-text\">VOIR LES AUTRES PHOTOGRAPHIES<\/span>\n\t\t<\/span>\n\t\t\t\t\t<\/a>\n\t\t<\/div>\n\t\t\t\t<\/div>\n\t\t\t\t<\/div>\n\t\t\t\t\t\t<\/div>\n\t\t\t\t\t<\/div>\n\t\t<\/div>\n\t\t\t\t\t\t\t\t<\/div>\n\t\t\t\t\t<\/div>\n\t\t<\/section>\n\t\t\t\t\t\t<\/div>\n\t\t\t\t\t\t<\/div>\n\t\t\t\t\t<\/div>\n\t\t","protected":false},"excerpt":{"rendered":"<p>Projet photo r\u00e9alis\u00e9 dans le cadre scolaire. Le but \u00e9tait de mettre en sc\u00e8ne le corps dans des postures improbables dans l&rsquo;espace.&nbsp;J&rsquo;ai choisi de travailler autour du sommeil. A travers des postures improbables dans un lit j&rsquo;ai voulu illustrer des troubles du sommeil.&nbsp;Ici, Valentine Ambroggi, a \u00e9t\u00e9 captur\u00e9e dans des positions de contorsions extr\u00eames dans<span class=\"more-button\"><a href=\"https:\/\/melbordat.fr\/index.php\/photographies\/posture-insolite\/\" class=\"more-link\">Continue reading<span class=\"screen-reader-text\">TROUBLES DU SOMMEIL<\/span><\/a><\/span><\/p>\n","protected":false},"author":1,"featured_media":81,"parent":27,"menu_order":0,"comment_status":"closed","ping_status":"closed","template":"","meta":[],"_links":{"self":[{"href":"https:\/\/melbordat.fr\/index.php\/wp-json\/wp\/v2\/pages\/93"}],"collection":[{"href":"https:\/\/melbordat.fr\/index.php\/wp-json\/wp\/v2\/pages"}],"about":[{"href":"https:\/\/melbordat.fr\/index.php\/wp-json\/wp\/v2\/types\/page"}],"author":[{"embeddable":true,"href":"https:\/\/melbordat.fr\/index.php\/wp-json\/wp\/v2\/users\/1"}],"replies":[{"embeddable":true,"href":"https:\/\/melbordat.fr\/index.php\/wp-json\/wp\/v2\/comments?post=93"}],"version-history":[{"count":13,"href":"https:\/\/melbordat.fr\/index.php\/wp-json\/wp\/v2\/pages\/93\/revisions"}],"predecessor-version":[{"id":1085,"href":"https:\/\/melbordat.fr\/index.php\/wp-json\/wp\/v2\/pages\/93\/revisions\/1085"}],"up":[{"embeddable":true,"href":"https:\/\/melbordat.fr\/index.php\/wp-json\/wp\/v2\/pages\/27"}],"wp:featuredmedia":[{"embeddable":true,"href":"https:\/\/melbordat.fr\/index.php\/wp-json\/wp\/v2\/media\/81"}],"wp:attachment":[{"href":"https:\/\/melbordat.fr\/index.php\/wp-json\/wp\/v2\/media?parent=93"}],"curies":[{"name":"wp","href":"https:\/\/api.w.org\/{rel}","templated":true}]}}