{"id":809,"date":"2021-01-11T15:16:16","date_gmt":"2021-01-11T14:16:16","guid":{"rendered":"http:\/\/melbordat.fr\/?page_id=809"},"modified":"2021-02-26T11:32:58","modified_gmt":"2021-02-26T10:32:58","slug":"elhiasca","status":"publish","type":"page","link":"https:\/\/melbordat.fr\/index.php\/motion-gifographie\/elhiasca\/","title":{"rendered":"ELHIASCA"},"content":{"rendered":"\t\t<div data-elementor-type=\"wp-page\" data-elementor-id=\"809\" class=\"elementor elementor-809\" data-elementor-settings=\"[]\">\n\t\t\t\t\t\t<div class=\"elementor-inner\">\n\t\t\t\t\t\t\t<div class=\"elementor-section-wrap\">\n\t\t\t\t\t\t\t<section class=\"elementor-section elementor-top-section elementor-element elementor-element-95393d5 elementor-section-stretched elementor-section-boxed elementor-section-height-default elementor-section-height-default\" data-id=\"95393d5\" data-element_type=\"section\" data-settings=\"{&quot;stretch_section&quot;:&quot;section-stretched&quot;}\">\n\t\t\t\t\t\t<div class=\"elementor-container elementor-column-gap-default\">\n\t\t\t\t\t\t\t<div class=\"elementor-row\">\n\t\t\t\t\t<div class=\"elementor-column elementor-col-100 elementor-top-column elementor-element elementor-element-e855cd0\" data-id=\"e855cd0\" data-element_type=\"column\">\n\t\t\t<div class=\"elementor-column-wrap elementor-element-populated\">\n\t\t\t\t\t\t\t<div class=\"elementor-widget-wrap\">\n\t\t\t\t\t\t<div class=\"elementor-element elementor-element-4e3531b4 elementor-widget elementor-widget-text-editor\" data-id=\"4e3531b4\" data-element_type=\"widget\" data-widget_type=\"text-editor.default\">\n\t\t\t\t<div class=\"elementor-widget-container\">\n\t\t\t\t\t\t\t\t<div class=\"elementor-text-editor elementor-clearfix\">\n\t\t\t\t\t<p>En collaboration avec Valentine AMBROGGI, Louise BARSALI, Anna\u00eblle MATHIEU, Virgile ZINTZMEYER.\u00a0<br \/>R\u00e9alisation de l&rsquo;image de marque d&rsquo;un.une artiste musical.e.\u00a0<br \/>L&rsquo;image de marque devait se composer de l&rsquo;identit\u00e9 physique et visuelle de l&rsquo;artiste, de sa strat\u00e9gie de communication sur les r\u00e9seaux, de son univers (graphique, musical&#8230;) et d&rsquo;extraits de vid\u00e9o clips.\u00a0<br \/>Pour ce projet, j&rsquo;ai r\u00e9alis\u00e9 les extraits de vid\u00e9o clips.\u00a0<\/p><p><em><span lang=\"en\">In collaboration with Valentine AMBROGGI, Louise BARSALI, Anna\u00eblle MATHIEU, Virgile ZINTZMEYER. <br \/>Achievement of the brand image of a musical artist. The brand image had to consist of the physical and visual identity of the artist, his communication strategy on the networks, his universe (graphic, musical &#8230;) and extracts from video clips. <br \/>For this project, I made the video clips extracts.<br \/><\/span><span style=\"letter-spacing: 1.3px;\">The character of Elhiasca was entierely created :<\/span><\/em><\/p><p>Le personnage de Elhiasca a \u00e9t\u00e9 cr\u00e9\u00e9 de toutes pi\u00e8ces :\u00a0<\/p>\t\t\t\t\t<\/div>\n\t\t\t\t\t\t<\/div>\n\t\t\t\t<\/div>\n\t\t\t\t<div class=\"elementor-element elementor-element-c97840c elementor-widget elementor-widget-image\" data-id=\"c97840c\" data-element_type=\"widget\" data-widget_type=\"image.default\">\n\t\t\t\t<div class=\"elementor-widget-container\">\n\t\t\t\t\t\t\t\t<div class=\"elementor-image\">\n\t\t\t\t\t\t\t\t\t\t\t\t<img width=\"920\" height=\"785\" src=\"https:\/\/melbordat.fr\/wp-content\/uploads\/2021\/01\/Capture-d\u2019e\u0301cran-2021-01-11-a\u0300-15.24.48-1024x874.png\" class=\"attachment-large size-large\" alt=\"\" loading=\"lazy\" srcset=\"https:\/\/melbordat.fr\/wp-content\/uploads\/2021\/01\/Capture-d\u2019e\u0301cran-2021-01-11-a\u0300-15.24.48-1024x874.png 1024w, https:\/\/melbordat.fr\/wp-content\/uploads\/2021\/01\/Capture-d\u2019e\u0301cran-2021-01-11-a\u0300-15.24.48-300x256.png 300w, https:\/\/melbordat.fr\/wp-content\/uploads\/2021\/01\/Capture-d\u2019e\u0301cran-2021-01-11-a\u0300-15.24.48-768x656.png 768w, https:\/\/melbordat.fr\/wp-content\/uploads\/2021\/01\/Capture-d\u2019e\u0301cran-2021-01-11-a\u0300-15.24.48.png 1284w\" sizes=\"(max-width: 920px) 100vw, 920px\" \/>\t\t\t\t\t\t\t\t\t\t\t\t\t\t<\/div>\n\t\t\t\t\t\t<\/div>\n\t\t\t\t<\/div>\n\t\t\t\t\t\t<\/div>\n\t\t\t\t\t<\/div>\n\t\t<\/div>\n\t\t\t\t\t\t\t\t<\/div>\n\t\t\t\t\t<\/div>\n\t\t<\/section>\n\t\t\t\t<section class=\"elementor-section elementor-top-section elementor-element elementor-element-aea844c elementor-section-stretched elementor-section-boxed elementor-section-height-default elementor-section-height-default\" data-id=\"aea844c\" data-element_type=\"section\" data-settings=\"{&quot;stretch_section&quot;:&quot;section-stretched&quot;}\">\n\t\t\t\t\t\t<div class=\"elementor-container elementor-column-gap-default\">\n\t\t\t\t\t\t\t<div class=\"elementor-row\">\n\t\t\t\t\t<div class=\"elementor-column elementor-col-100 elementor-top-column elementor-element elementor-element-d9f91d3\" data-id=\"d9f91d3\" data-element_type=\"column\">\n\t\t\t<div class=\"elementor-column-wrap elementor-element-populated\">\n\t\t\t\t\t\t\t<div class=\"elementor-widget-wrap\">\n\t\t\t\t\t\t<div class=\"elementor-element elementor-element-06a742e elementor-aspect-ratio-169 elementor-widget elementor-widget-video\" data-id=\"06a742e\" data-element_type=\"widget\" data-settings=\"{&quot;video_type&quot;:&quot;hosted&quot;,&quot;controls&quot;:&quot;yes&quot;,&quot;aspect_ratio&quot;:&quot;169&quot;}\" data-widget_type=\"video.default\">\n\t\t\t\t<div class=\"elementor-widget-container\">\n\t\t\t\t\t<div class=\"e-hosted-video elementor-wrapper elementor-fit-aspect-ratio elementor-open-inline\">\n\t\t\t\t\t<video class=\"elementor-video\" src=\"http:\/\/melbordat.fr\/wp-content\/uploads\/2021\/01\/elhiasca-clip-psyche\u0301.mp4\" controls=\"\" controlsList=\"nodownload\"><\/video>\n\t\t\t\t<\/div>\n\t\t\t\t<\/div>\n\t\t\t\t<\/div>\n\t\t\t\t\t\t<\/div>\n\t\t\t\t\t<\/div>\n\t\t<\/div>\n\t\t\t\t\t\t\t\t<\/div>\n\t\t\t\t\t<\/div>\n\t\t<\/section>\n\t\t\t\t<section class=\"elementor-section elementor-top-section elementor-element elementor-element-67cf037 elementor-section-stretched elementor-section-boxed elementor-section-height-default elementor-section-height-default\" data-id=\"67cf037\" data-element_type=\"section\" data-settings=\"{&quot;stretch_section&quot;:&quot;section-stretched&quot;}\">\n\t\t\t\t\t\t<div class=\"elementor-container elementor-column-gap-default\">\n\t\t\t\t\t\t\t<div class=\"elementor-row\">\n\t\t\t\t\t<div class=\"elementor-column elementor-col-100 elementor-top-column elementor-element elementor-element-eddd0d1\" data-id=\"eddd0d1\" data-element_type=\"column\">\n\t\t\t<div class=\"elementor-column-wrap elementor-element-populated\">\n\t\t\t\t\t\t\t<div class=\"elementor-widget-wrap\">\n\t\t\t\t\t\t<div class=\"elementor-element elementor-element-0e57638 elementor-widget elementor-widget-text-editor\" data-id=\"0e57638\" data-element_type=\"widget\" data-widget_type=\"text-editor.default\">\n\t\t\t\t<div class=\"elementor-widget-container\">\n\t\t\t\t\t\t\t\t<div class=\"elementor-text-editor elementor-clearfix\">\n\t\t\t\t\t<p>Le premier clip a \u00e9t\u00e9 r\u00e9alis\u00e9 sur after effect, il correspond au premier album de Elhiasca, album dans lequel l&rsquo;artiste se d\u00e9couvre. Je me suis inspir\u00e9e de tapisseries psych\u00e9d\u00e9liques hippies.\u00a0<\/p><p><em><span lang=\"en\">The first clip was made on after effect, it corresponds to Elhiasca&rsquo;s first album, album in which the artist discovers herself. I was inspired by psychedelic hippie tapestries.<\/span><\/em><\/p>\t\t\t\t\t<\/div>\n\t\t\t\t\t\t<\/div>\n\t\t\t\t<\/div>\n\t\t\t\t\t\t<\/div>\n\t\t\t\t\t<\/div>\n\t\t<\/div>\n\t\t\t\t\t\t\t\t<\/div>\n\t\t\t\t\t<\/div>\n\t\t<\/section>\n\t\t\t\t<section class=\"elementor-section elementor-top-section elementor-element elementor-element-ea29658 elementor-section-stretched elementor-section-boxed elementor-section-height-default elementor-section-height-default\" data-id=\"ea29658\" data-element_type=\"section\" data-settings=\"{&quot;stretch_section&quot;:&quot;section-stretched&quot;}\">\n\t\t\t\t\t\t<div class=\"elementor-container elementor-column-gap-default\">\n\t\t\t\t\t\t\t<div class=\"elementor-row\">\n\t\t\t\t\t<div class=\"elementor-column elementor-col-100 elementor-top-column elementor-element elementor-element-5ac9037\" data-id=\"5ac9037\" data-element_type=\"column\">\n\t\t\t<div class=\"elementor-column-wrap elementor-element-populated\">\n\t\t\t\t\t\t\t<div class=\"elementor-widget-wrap\">\n\t\t\t\t\t\t<div class=\"elementor-element elementor-element-2b3baf3 elementor-aspect-ratio-169 elementor-widget elementor-widget-video\" data-id=\"2b3baf3\" data-element_type=\"widget\" data-settings=\"{&quot;video_type&quot;:&quot;hosted&quot;,&quot;controls&quot;:&quot;yes&quot;,&quot;aspect_ratio&quot;:&quot;169&quot;}\" data-widget_type=\"video.default\">\n\t\t\t\t<div class=\"elementor-widget-container\">\n\t\t\t\t\t<div class=\"e-hosted-video elementor-wrapper elementor-fit-aspect-ratio elementor-open-inline\">\n\t\t\t\t\t<video class=\"elementor-video\" src=\"http:\/\/melbordat.fr\/wp-content\/uploads\/2021\/01\/clip-1-final-fluides.mp4\" controls=\"\" controlsList=\"nodownload\"><\/video>\n\t\t\t\t<\/div>\n\t\t\t\t<\/div>\n\t\t\t\t<\/div>\n\t\t\t\t\t\t<\/div>\n\t\t\t\t\t<\/div>\n\t\t<\/div>\n\t\t\t\t\t\t\t\t<\/div>\n\t\t\t\t\t<\/div>\n\t\t<\/section>\n\t\t\t\t<section class=\"elementor-section elementor-top-section elementor-element elementor-element-9bc829d elementor-section-stretched elementor-section-boxed elementor-section-height-default elementor-section-height-default\" data-id=\"9bc829d\" data-element_type=\"section\" data-settings=\"{&quot;stretch_section&quot;:&quot;section-stretched&quot;}\">\n\t\t\t\t\t\t<div class=\"elementor-container elementor-column-gap-default\">\n\t\t\t\t\t\t\t<div class=\"elementor-row\">\n\t\t\t\t\t<div class=\"elementor-column elementor-col-100 elementor-top-column elementor-element elementor-element-8b75d87\" data-id=\"8b75d87\" data-element_type=\"column\">\n\t\t\t<div class=\"elementor-column-wrap elementor-element-populated\">\n\t\t\t\t\t\t\t<div class=\"elementor-widget-wrap\">\n\t\t\t\t\t\t<div class=\"elementor-element elementor-element-40010ea elementor-widget elementor-widget-text-editor\" data-id=\"40010ea\" data-element_type=\"widget\" data-widget_type=\"text-editor.default\">\n\t\t\t\t<div class=\"elementor-widget-container\">\n\t\t\t\t\t\t\t\t<div class=\"elementor-text-editor elementor-clearfix\">\n\t\t\t\t\t<p>Le second clip a \u00e9t\u00e9 r\u00e9alis\u00e9 sur premiere pro. Il correspond au dernier album de Elhisaca dans lequel elle s&rsquo;\u00e9mancipe. Pour r\u00e9aliser ce clip vid\u00e9o, j&rsquo;ai film\u00e9 en tr\u00e8s gros plan des fluides de diff\u00e9rentes textures que j&rsquo;ai m\u00e9lang\u00e9 (lait, cr\u00e8me, eau, encre de chine, encres color\u00e9es, acrylique, paillettes&#8230;)\u00a0<\/p><p><em><span lang=\"en\">The second clip was made on premiere pro. It corresponds to Elhisaca&rsquo;s last album in which she emancipates herself. To make this video clip, I filmed a very close-up of fluids of different textures that I mixed (milk, cream, water, Indian ink, colored inks, acrylic, glitter &#8230;)<\/span><\/em><\/p>\t\t\t\t\t<\/div>\n\t\t\t\t\t\t<\/div>\n\t\t\t\t<\/div>\n\t\t\t\t\t\t<\/div>\n\t\t\t\t\t<\/div>\n\t\t<\/div>\n\t\t\t\t\t\t\t\t<\/div>\n\t\t\t\t\t<\/div>\n\t\t<\/section>\n\t\t\t\t<section class=\"elementor-section elementor-top-section elementor-element elementor-element-41403ca elementor-section-boxed elementor-section-height-default elementor-section-height-default\" data-id=\"41403ca\" data-element_type=\"section\">\n\t\t\t\t\t\t<div class=\"elementor-container elementor-column-gap-default\">\n\t\t\t\t\t\t\t<div class=\"elementor-row\">\n\t\t\t\t\t<div class=\"elementor-column elementor-col-100 elementor-top-column elementor-element elementor-element-001fa6e\" data-id=\"001fa6e\" data-element_type=\"column\">\n\t\t\t<div class=\"elementor-column-wrap elementor-element-populated\">\n\t\t\t\t\t\t\t<div class=\"elementor-widget-wrap\">\n\t\t\t\t\t\t<div class=\"elementor-element elementor-element-ab1fb0f elementor-align-center elementor-widget elementor-widget-button\" data-id=\"ab1fb0f\" data-element_type=\"widget\" data-widget_type=\"button.default\">\n\t\t\t\t<div class=\"elementor-widget-container\">\n\t\t\t\t\t<div class=\"elementor-button-wrapper\">\n\t\t\t<a href=\"http:\/\/melbordat.fr\/index.php\/motion-gifographie\/\" class=\"elementor-button-link elementor-button elementor-size-sm elementor-animation-grow\" role=\"button\">\n\t\t\t\t\t\t<span class=\"elementor-button-content-wrapper\">\n\t\t\t\t\t\t<span class=\"elementor-button-text\">VOIR LES AUTRES MOTION DESIGN OU VID\u00c9OS<\/span>\n\t\t<\/span>\n\t\t\t\t\t<\/a>\n\t\t<\/div>\n\t\t\t\t<\/div>\n\t\t\t\t<\/div>\n\t\t\t\t\t\t<\/div>\n\t\t\t\t\t<\/div>\n\t\t<\/div>\n\t\t\t\t\t\t\t\t<\/div>\n\t\t\t\t\t<\/div>\n\t\t<\/section>\n\t\t\t\t\t\t<\/div>\n\t\t\t\t\t\t<\/div>\n\t\t\t\t\t<\/div>\n\t\t","protected":false},"excerpt":{"rendered":"<p>En collaboration avec Valentine AMBROGGI, Louise BARSALI, Anna\u00eblle MATHIEU, Virgile ZINTZMEYER.\u00a0R\u00e9alisation de l&rsquo;image de marque d&rsquo;un.une artiste musical.e.\u00a0L&rsquo;image de marque devait se composer de l&rsquo;identit\u00e9 physique et visuelle de l&rsquo;artiste, de sa strat\u00e9gie de communication sur les r\u00e9seaux, de son univers (graphique, musical&#8230;) et d&rsquo;extraits de vid\u00e9o clips.\u00a0Pour ce projet, j&rsquo;ai r\u00e9alis\u00e9 les extraits de<span class=\"more-button\"><a href=\"https:\/\/melbordat.fr\/index.php\/motion-gifographie\/elhiasca\/\" class=\"more-link\">Continue reading<span class=\"screen-reader-text\">ELHIASCA<\/span><\/a><\/span><\/p>\n","protected":false},"author":1,"featured_media":0,"parent":259,"menu_order":0,"comment_status":"closed","ping_status":"closed","template":"","meta":[],"_links":{"self":[{"href":"https:\/\/melbordat.fr\/index.php\/wp-json\/wp\/v2\/pages\/809"}],"collection":[{"href":"https:\/\/melbordat.fr\/index.php\/wp-json\/wp\/v2\/pages"}],"about":[{"href":"https:\/\/melbordat.fr\/index.php\/wp-json\/wp\/v2\/types\/page"}],"author":[{"embeddable":true,"href":"https:\/\/melbordat.fr\/index.php\/wp-json\/wp\/v2\/users\/1"}],"replies":[{"embeddable":true,"href":"https:\/\/melbordat.fr\/index.php\/wp-json\/wp\/v2\/comments?post=809"}],"version-history":[{"count":6,"href":"https:\/\/melbordat.fr\/index.php\/wp-json\/wp\/v2\/pages\/809\/revisions"}],"predecessor-version":[{"id":1070,"href":"https:\/\/melbordat.fr\/index.php\/wp-json\/wp\/v2\/pages\/809\/revisions\/1070"}],"up":[{"embeddable":true,"href":"https:\/\/melbordat.fr\/index.php\/wp-json\/wp\/v2\/pages\/259"}],"wp:attachment":[{"href":"https:\/\/melbordat.fr\/index.php\/wp-json\/wp\/v2\/media?parent=809"}],"curies":[{"name":"wp","href":"https:\/\/api.w.org\/{rel}","templated":true}]}}