{"id":728,"date":"2020-11-13T08:43:28","date_gmt":"2020-11-13T07:43:28","guid":{"rendered":"http:\/\/melbordat.fr\/?page_id=728"},"modified":"2021-02-26T11:25:21","modified_gmt":"2021-02-26T10:25:21","slug":"have-you-ever-seen","status":"publish","type":"page","link":"https:\/\/melbordat.fr\/index.php\/motion-gifographie\/have-you-ever-seen\/","title":{"rendered":"AVEZ-VOUS D\u00c9JA VU ?"},"content":{"rendered":"\t\t<div data-elementor-type=\"wp-page\" data-elementor-id=\"728\" class=\"elementor elementor-728\" data-elementor-settings=\"[]\">\n\t\t\t\t\t\t<div class=\"elementor-inner\">\n\t\t\t\t\t\t\t<div class=\"elementor-section-wrap\">\n\t\t\t\t\t\t\t<section class=\"elementor-section elementor-top-section elementor-element elementor-element-72530c0c elementor-section-stretched elementor-section-boxed elementor-section-height-default elementor-section-height-default\" data-id=\"72530c0c\" data-element_type=\"section\" data-settings=\"{&quot;stretch_section&quot;:&quot;section-stretched&quot;}\">\n\t\t\t\t\t\t<div class=\"elementor-container elementor-column-gap-default\">\n\t\t\t\t\t\t\t<div class=\"elementor-row\">\n\t\t\t\t\t<div class=\"elementor-column elementor-col-100 elementor-top-column elementor-element elementor-element-4c3b9494\" data-id=\"4c3b9494\" data-element_type=\"column\">\n\t\t\t<div class=\"elementor-column-wrap elementor-element-populated\">\n\t\t\t\t\t\t\t<div class=\"elementor-widget-wrap\">\n\t\t\t\t\t\t<div class=\"elementor-element elementor-element-bf630a8 elementor-aspect-ratio-169 elementor-widget elementor-widget-video\" data-id=\"bf630a8\" data-element_type=\"widget\" data-settings=\"{&quot;video_type&quot;:&quot;hosted&quot;,&quot;controls&quot;:&quot;yes&quot;,&quot;aspect_ratio&quot;:&quot;169&quot;}\" data-widget_type=\"video.default\">\n\t\t\t\t<div class=\"elementor-widget-container\">\n\t\t\t\t\t<div class=\"e-hosted-video elementor-wrapper elementor-fit-aspect-ratio elementor-open-inline\">\n\t\t\t\t\t<video class=\"elementor-video\" src=\"http:\/\/melbordat.fr\/wp-content\/uploads\/2020\/11\/videp-RA-BORDAT.mp4\" controls=\"\" controlsList=\"nodownload\"><\/video>\n\t\t\t\t<\/div>\n\t\t\t\t<\/div>\n\t\t\t\t<\/div>\n\t\t\t\t\t\t<\/div>\n\t\t\t\t\t<\/div>\n\t\t<\/div>\n\t\t\t\t\t\t\t\t<\/div>\n\t\t\t\t\t<\/div>\n\t\t<\/section>\n\t\t\t\t<section class=\"elementor-section elementor-top-section elementor-element elementor-element-5f828a7 elementor-section-stretched elementor-section-boxed elementor-section-height-default elementor-section-height-default\" data-id=\"5f828a7\" data-element_type=\"section\" data-settings=\"{&quot;stretch_section&quot;:&quot;section-stretched&quot;}\">\n\t\t\t\t\t\t<div class=\"elementor-container elementor-column-gap-default\">\n\t\t\t\t\t\t\t<div class=\"elementor-row\">\n\t\t\t\t\t<div class=\"elementor-column elementor-col-100 elementor-top-column elementor-element elementor-element-754f61b\" data-id=\"754f61b\" data-element_type=\"column\">\n\t\t\t<div class=\"elementor-column-wrap elementor-element-populated\">\n\t\t\t\t\t\t\t<div class=\"elementor-widget-wrap\">\n\t\t\t\t\t\t<div class=\"elementor-element elementor-element-0156445 elementor-widget elementor-widget-text-editor\" data-id=\"0156445\" data-element_type=\"widget\" data-widget_type=\"text-editor.default\">\n\t\t\t\t<div class=\"elementor-widget-container\">\n\t\t\t\t\t\t\t\t<div class=\"elementor-text-editor elementor-clearfix\">\n\t\t\t\t\t<p style=\"font-family: Barlow, sans-serif; font-size: 19px; text-align: justify;\">Projet de r\u00e9alit\u00e9 augment\u00e9e r\u00e9alis\u00e9 en collaboration avec le quartier de la Duch\u00e8re \u00e0 Lyon.\u00a0Ce quartier est en plein reconstruction afin de permettre une gentrification et d\u00e9veloppement des habitants.\u00a0Ce projet de r\u00e9alit\u00e9 augment\u00e9e a pour but de partager les cultures et valeurs de ce nouvel eco-quartier.\u00a0<br \/>Ce projet devait \u00eatre pr\u00e9sent\u00e9 lors d&rsquo;une balade afin de d\u00e9couvrir les nouveaux b\u00e2timents et lieux construits.\u00a0<br \/>Nous avions pour objectif de r\u00e9aliser une parcours dans la Duch\u00e8re compos\u00e9 de 5 \u00e9tapes(lieux) sur lesquels il y aurait de la r\u00e9alit\u00e9 augment\u00e9e.\u00a0<br \/>Il \u00e9tait n\u00e9cessaire de cr\u00e9er un sc\u00e9nario pour avoir une continuit\u00e9 dans les 5 \u00e9tapes.\u00a0<\/p><p style=\"font-family: Barlow, sans-serif; font-size: 19px; text-align: justify;\">J&rsquo;ai d\u00e9cid\u00e9 de travailler sur les toits de la duch\u00e8re. En effet lorsque l&rsquo;on se balade dans la rue on ne sait pas ce qui se passe sur les toits et sur certains toits, il y a des toits v\u00e9g\u00e9talis\u00e9s, des ruches, des panneaux photovolta\u00efques des r\u00e9servoir \u00e0 eau de pluie &#8230;\u00a0<br \/>Mon but \u00e9tait de donner des informations sur les toits par l&rsquo;interm\u00e9diaire des la r\u00e9alit\u00e9 augment\u00e9e de mani\u00e8re ludique et agr\u00e9able.\u00a0<\/p><p style=\"font-family: Barlow, sans-serif; font-size: 19px; text-align: justify;\"><em>Augmented reality project carried out in collaboration with the Duch\u00e8re district in Lyon. This district is in full reconstruction in order to allow a gentrification and development of the inhabitants. This augmented reality project aims to share the cultures and values of this new eco-district.<\/em><br \/><em>This project was to be presented during a walk in order to discover the new buildings and places built. Our objective was to complete a course in the Duch\u00e8re made up of 5 stages (places) on which there would be augmented reality.<\/em><br \/><em>It was necessary to create a scenario to have continuity in the 5 steps.\u00a0<\/em><\/p><p style=\"font-family: Barlow, sans-serif; font-size: 19px; text-align: justify;\"><em>I decided to work on the roofs of the Duchere. Indeed when we walk in the street we do not know what is happening on the roofs and on some roofs, there are green roofs, beehives, photovoltaic panels in rainwater tanks &#8230;\u00a0\u00a0<\/em><br \/><em>My goal was to provide information on the rooftops through augmented reality in a fun and enjoyable way.<\/em><\/p><p style=\"font-family: Barlow, sans-serif; font-size: 19px; text-align: justify;\">\u00a0<\/p>\t\t\t\t\t<\/div>\n\t\t\t\t\t\t<\/div>\n\t\t\t\t<\/div>\n\t\t\t\t\t\t<\/div>\n\t\t\t\t\t<\/div>\n\t\t<\/div>\n\t\t\t\t\t\t\t\t<\/div>\n\t\t\t\t\t<\/div>\n\t\t<\/section>\n\t\t\t\t<section class=\"elementor-section elementor-top-section elementor-element elementor-element-fe2ec38 elementor-section-stretched elementor-section-boxed elementor-section-height-default elementor-section-height-default\" data-id=\"fe2ec38\" data-element_type=\"section\" data-settings=\"{&quot;stretch_section&quot;:&quot;section-stretched&quot;}\">\n\t\t\t\t\t\t<div class=\"elementor-container elementor-column-gap-default\">\n\t\t\t\t\t\t\t<div class=\"elementor-row\">\n\t\t\t\t\t<div class=\"elementor-column elementor-col-100 elementor-top-column elementor-element elementor-element-91e37cc\" data-id=\"91e37cc\" data-element_type=\"column\">\n\t\t\t<div class=\"elementor-column-wrap elementor-element-populated\">\n\t\t\t\t\t\t\t<div class=\"elementor-widget-wrap\">\n\t\t\t\t\t\t<div class=\"elementor-element elementor-element-027fe4c elementor-arrows-position-inside elementor-pagination-position-outside elementor-widget elementor-widget-image-carousel\" data-id=\"027fe4c\" data-element_type=\"widget\" data-settings=\"{&quot;slides_to_show&quot;:&quot;1&quot;,&quot;navigation&quot;:&quot;both&quot;,&quot;autoplay&quot;:&quot;yes&quot;,&quot;pause_on_hover&quot;:&quot;yes&quot;,&quot;pause_on_interaction&quot;:&quot;yes&quot;,&quot;autoplay_speed&quot;:5000,&quot;infinite&quot;:&quot;yes&quot;,&quot;effect&quot;:&quot;slide&quot;,&quot;speed&quot;:500}\" data-widget_type=\"image-carousel.default\">\n\t\t\t\t<div class=\"elementor-widget-container\">\n\t\t\t\t\t<div class=\"elementor-image-carousel-wrapper swiper-container\" dir=\"ltr\">\n\t\t\t<div class=\"elementor-image-carousel swiper-wrapper\">\n\t\t\t\t<div class=\"swiper-slide\"><figure class=\"swiper-slide-inner\"><img class=\"swiper-slide-image\" src=\"https:\/\/melbordat.fr\/wp-content\/uploads\/2020\/11\/pdf-1.jpg\" alt=\"pdf 1\" \/><\/figure><\/div><div class=\"swiper-slide\"><figure class=\"swiper-slide-inner\"><img class=\"swiper-slide-image\" src=\"https:\/\/melbordat.fr\/wp-content\/uploads\/2020\/11\/pdf-2.jpg\" alt=\"pdf 2\" \/><\/figure><\/div><div class=\"swiper-slide\"><figure class=\"swiper-slide-inner\"><img class=\"swiper-slide-image\" src=\"https:\/\/melbordat.fr\/wp-content\/uploads\/2020\/11\/pdf-3.jpg\" alt=\"pdf 3\" \/><\/figure><\/div><div class=\"swiper-slide\"><figure class=\"swiper-slide-inner\"><img class=\"swiper-slide-image\" src=\"https:\/\/melbordat.fr\/wp-content\/uploads\/2020\/11\/pdf-4.jpg\" alt=\"pdf 4\" \/><\/figure><\/div><div class=\"swiper-slide\"><figure class=\"swiper-slide-inner\"><img class=\"swiper-slide-image\" src=\"https:\/\/melbordat.fr\/wp-content\/uploads\/2020\/11\/pdf-5.jpg\" alt=\"pdf 5\" \/><\/figure><\/div><div class=\"swiper-slide\"><figure class=\"swiper-slide-inner\"><img class=\"swiper-slide-image\" src=\"https:\/\/melbordat.fr\/wp-content\/uploads\/2020\/11\/pdf-6.jpg\" alt=\"pdf 6\" \/><\/figure><\/div><div class=\"swiper-slide\"><figure class=\"swiper-slide-inner\"><img class=\"swiper-slide-image\" src=\"https:\/\/melbordat.fr\/wp-content\/uploads\/2020\/11\/pdf-8.jpg\" alt=\"pdf 8\" \/><\/figure><\/div><div class=\"swiper-slide\"><figure class=\"swiper-slide-inner\"><img class=\"swiper-slide-image\" src=\"https:\/\/melbordat.fr\/wp-content\/uploads\/2020\/11\/pdf-10.jpg\" alt=\"pdf 10\" \/><\/figure><\/div><div class=\"swiper-slide\"><figure class=\"swiper-slide-inner\"><img class=\"swiper-slide-image\" src=\"https:\/\/melbordat.fr\/wp-content\/uploads\/2020\/11\/pdf-9.jpg\" alt=\"pdf 9\" \/><\/figure><\/div><div class=\"swiper-slide\"><figure class=\"swiper-slide-inner\"><img class=\"swiper-slide-image\" src=\"https:\/\/melbordat.fr\/wp-content\/uploads\/2020\/11\/pdf-11.jpg\" alt=\"pdf 11\" \/><\/figure><\/div><div class=\"swiper-slide\"><figure class=\"swiper-slide-inner\"><img class=\"swiper-slide-image\" src=\"https:\/\/melbordat.fr\/wp-content\/uploads\/2020\/11\/pdf-12.jpg\" alt=\"pdf 12\" \/><\/figure><\/div>\t\t\t<\/div>\n\t\t\t\t\t\t\t\t\t\t\t\t<div class=\"swiper-pagination\"><\/div>\n\t\t\t\t\t\t\t\t\t\t\t\t\t<div class=\"elementor-swiper-button elementor-swiper-button-prev\">\n\t\t\t\t\t\t<i class=\"eicon-chevron-left\" aria-hidden=\"true\"><\/i>\n\t\t\t\t\t\t<span class=\"elementor-screen-only\">Pr\u00e9c\u00e9dent<\/span>\n\t\t\t\t\t<\/div>\n\t\t\t\t\t<div class=\"elementor-swiper-button elementor-swiper-button-next\">\n\t\t\t\t\t\t<i class=\"eicon-chevron-right\" aria-hidden=\"true\"><\/i>\n\t\t\t\t\t\t<span class=\"elementor-screen-only\">Suivant<\/span>\n\t\t\t\t\t<\/div>\n\t\t\t\t\t\t\t\t\t<\/div>\n\t\t\t\t<\/div>\n\t\t\t\t<\/div>\n\t\t\t\t\t\t<\/div>\n\t\t\t\t\t<\/div>\n\t\t<\/div>\n\t\t\t\t\t\t\t\t<\/div>\n\t\t\t\t\t<\/div>\n\t\t<\/section>\n\t\t\t\t<section class=\"elementor-section elementor-top-section elementor-element elementor-element-5891d7d elementor-section-stretched elementor-section-boxed elementor-section-height-default elementor-section-height-default\" data-id=\"5891d7d\" data-element_type=\"section\" data-settings=\"{&quot;stretch_section&quot;:&quot;section-stretched&quot;}\">\n\t\t\t\t\t\t<div class=\"elementor-container elementor-column-gap-default\">\n\t\t\t\t\t\t\t<div class=\"elementor-row\">\n\t\t\t\t\t<div class=\"elementor-column elementor-col-100 elementor-top-column elementor-element elementor-element-99c3842\" data-id=\"99c3842\" data-element_type=\"column\">\n\t\t\t<div class=\"elementor-column-wrap elementor-element-populated\">\n\t\t\t\t\t\t\t<div class=\"elementor-widget-wrap\">\n\t\t\t\t\t\t<div class=\"elementor-element elementor-element-e995665 elementor-widget elementor-widget-image\" data-id=\"e995665\" data-element_type=\"widget\" data-widget_type=\"image.default\">\n\t\t\t\t<div class=\"elementor-widget-container\">\n\t\t\t\t\t\t\t\t<div class=\"elementor-image\">\n\t\t\t\t\t\t\t\t\t\t\t\t<img width=\"2560\" height=\"1439\" src=\"https:\/\/melbordat.fr\/wp-content\/uploads\/2020\/11\/BORDAT-SAMUEL_melodie_DNMADENUM2_Avez-vous-vu-nos-toits-1-scaled.jpg\" class=\"attachment-full size-full\" alt=\"\" loading=\"lazy\" srcset=\"https:\/\/melbordat.fr\/wp-content\/uploads\/2020\/11\/BORDAT-SAMUEL_melodie_DNMADENUM2_Avez-vous-vu-nos-toits-1-scaled.jpg 2560w, https:\/\/melbordat.fr\/wp-content\/uploads\/2020\/11\/BORDAT-SAMUEL_melodie_DNMADENUM2_Avez-vous-vu-nos-toits-1-300x169.jpg 300w, https:\/\/melbordat.fr\/wp-content\/uploads\/2020\/11\/BORDAT-SAMUEL_melodie_DNMADENUM2_Avez-vous-vu-nos-toits-1-1024x576.jpg 1024w, https:\/\/melbordat.fr\/wp-content\/uploads\/2020\/11\/BORDAT-SAMUEL_melodie_DNMADENUM2_Avez-vous-vu-nos-toits-1-768x432.jpg 768w, https:\/\/melbordat.fr\/wp-content\/uploads\/2020\/11\/BORDAT-SAMUEL_melodie_DNMADENUM2_Avez-vous-vu-nos-toits-1-1536x864.jpg 1536w, https:\/\/melbordat.fr\/wp-content\/uploads\/2020\/11\/BORDAT-SAMUEL_melodie_DNMADENUM2_Avez-vous-vu-nos-toits-1-2048x1151.jpg 2048w, https:\/\/melbordat.fr\/wp-content\/uploads\/2020\/11\/BORDAT-SAMUEL_melodie_DNMADENUM2_Avez-vous-vu-nos-toits-1-1920x1080.jpg 1920w, https:\/\/melbordat.fr\/wp-content\/uploads\/2020\/11\/BORDAT-SAMUEL_melodie_DNMADENUM2_Avez-vous-vu-nos-toits-1-940x528.jpg 940w\" sizes=\"(max-width: 2560px) 100vw, 2560px\" \/>\t\t\t\t\t\t\t\t\t\t\t\t\t\t<\/div>\n\t\t\t\t\t\t<\/div>\n\t\t\t\t<\/div>\n\t\t\t\t\t\t<\/div>\n\t\t\t\t\t<\/div>\n\t\t<\/div>\n\t\t\t\t\t\t\t\t<\/div>\n\t\t\t\t\t<\/div>\n\t\t<\/section>\n\t\t\t\t<section class=\"elementor-section elementor-top-section elementor-element elementor-element-9159dc8 elementor-section-stretched elementor-section-boxed elementor-section-height-default elementor-section-height-default\" data-id=\"9159dc8\" data-element_type=\"section\" data-settings=\"{&quot;stretch_section&quot;:&quot;section-stretched&quot;}\">\n\t\t\t\t\t\t<div class=\"elementor-container elementor-column-gap-default\">\n\t\t\t\t\t\t\t<div class=\"elementor-row\">\n\t\t\t\t\t<div class=\"elementor-column elementor-col-100 elementor-top-column elementor-element elementor-element-986f3f7\" data-id=\"986f3f7\" data-element_type=\"column\">\n\t\t\t<div class=\"elementor-column-wrap elementor-element-populated\">\n\t\t\t\t\t\t\t<div class=\"elementor-widget-wrap\">\n\t\t\t\t\t\t<div class=\"elementor-element elementor-element-d4539c5 elementor-widget elementor-widget-text-editor\" data-id=\"d4539c5\" data-element_type=\"widget\" data-widget_type=\"text-editor.default\">\n\t\t\t\t<div class=\"elementor-widget-container\">\n\t\t\t\t\t\t\t\t<div class=\"elementor-text-editor elementor-clearfix\">\n\t\t\t\t\t<p>Pour vivre l&rsquo;exp\u00e9rience en r\u00e9alit\u00e9 augment\u00e9e je vous propose de t\u00e9l\u00e9charger l&rsquo;application Artivive sur votre t\u00e9l\u00e9phone et scannez cette image \ud83d\ude42<\/p><p><em><span lang=\"en\">To live the experience in augmented reality, I suggest you download the Artivive application on your phone and scan this image \ud83d\ude42<\/span><\/em><\/p>\t\t\t\t\t<\/div>\n\t\t\t\t\t\t<\/div>\n\t\t\t\t<\/div>\n\t\t\t\t\t\t<\/div>\n\t\t\t\t\t<\/div>\n\t\t<\/div>\n\t\t\t\t\t\t\t\t<\/div>\n\t\t\t\t\t<\/div>\n\t\t<\/section>\n\t\t\t\t<section class=\"elementor-section elementor-top-section elementor-element elementor-element-263d4c2 elementor-section-boxed elementor-section-height-default elementor-section-height-default\" data-id=\"263d4c2\" data-element_type=\"section\">\n\t\t\t\t\t\t<div class=\"elementor-container elementor-column-gap-default\">\n\t\t\t\t\t\t\t<div class=\"elementor-row\">\n\t\t\t\t\t<div class=\"elementor-column elementor-col-100 elementor-top-column elementor-element elementor-element-45a3f8f\" data-id=\"45a3f8f\" data-element_type=\"column\">\n\t\t\t<div class=\"elementor-column-wrap elementor-element-populated\">\n\t\t\t\t\t\t\t<div class=\"elementor-widget-wrap\">\n\t\t\t\t\t\t<div class=\"elementor-element elementor-element-b06c62c elementor-align-center elementor-widget elementor-widget-button\" data-id=\"b06c62c\" data-element_type=\"widget\" data-widget_type=\"button.default\">\n\t\t\t\t<div class=\"elementor-widget-container\">\n\t\t\t\t\t<div class=\"elementor-button-wrapper\">\n\t\t\t<a href=\"http:\/\/melbordat.fr\/index.php\/motion-gifographie\/\" class=\"elementor-button-link elementor-button elementor-size-sm elementor-animation-grow\" role=\"button\">\n\t\t\t\t\t\t<span class=\"elementor-button-content-wrapper\">\n\t\t\t\t\t\t<span class=\"elementor-button-text\">VOIR LES AUTRES MOTION DESIGN OU VID\u00c9OS<\/span>\n\t\t<\/span>\n\t\t\t\t\t<\/a>\n\t\t<\/div>\n\t\t\t\t<\/div>\n\t\t\t\t<\/div>\n\t\t\t\t\t\t<\/div>\n\t\t\t\t\t<\/div>\n\t\t<\/div>\n\t\t\t\t\t\t\t\t<\/div>\n\t\t\t\t\t<\/div>\n\t\t<\/section>\n\t\t\t\t\t\t<\/div>\n\t\t\t\t\t\t<\/div>\n\t\t\t\t\t<\/div>\n\t\t","protected":false},"excerpt":{"rendered":"<p>http:\/\/melbordat.fr\/wp-content\/uploads\/2020\/11\/videp-RA-BORDAT.mp4 Projet de r\u00e9alit\u00e9 augment\u00e9e r\u00e9alis\u00e9 en collaboration avec le quartier de la Duch\u00e8re \u00e0 Lyon.&nbsp;Ce quartier est en plein reconstruction afin de permettre une gentrification et d\u00e9veloppement des habitants.&nbsp;Ce projet de r\u00e9alit\u00e9 augment\u00e9e a pour but de partager les cultures et valeurs de ce nouvel eco-quartier.&nbsp; Ce projet devait \u00eatre pr\u00e9sent\u00e9 lors d&rsquo;une balade<span class=\"more-button\"><a href=\"https:\/\/melbordat.fr\/index.php\/motion-gifographie\/have-you-ever-seen\/\" class=\"more-link\">Continue reading<span class=\"screen-reader-text\">AVEZ-VOUS D\u00c9JA VU ?<\/span><\/a><\/span><\/p>\n","protected":false},"author":1,"featured_media":0,"parent":259,"menu_order":0,"comment_status":"closed","ping_status":"closed","template":"","meta":[],"_links":{"self":[{"href":"https:\/\/melbordat.fr\/index.php\/wp-json\/wp\/v2\/pages\/728"}],"collection":[{"href":"https:\/\/melbordat.fr\/index.php\/wp-json\/wp\/v2\/pages"}],"about":[{"href":"https:\/\/melbordat.fr\/index.php\/wp-json\/wp\/v2\/types\/page"}],"author":[{"embeddable":true,"href":"https:\/\/melbordat.fr\/index.php\/wp-json\/wp\/v2\/users\/1"}],"replies":[{"embeddable":true,"href":"https:\/\/melbordat.fr\/index.php\/wp-json\/wp\/v2\/comments?post=728"}],"version-history":[{"count":7,"href":"https:\/\/melbordat.fr\/index.php\/wp-json\/wp\/v2\/pages\/728\/revisions"}],"predecessor-version":[{"id":1061,"href":"https:\/\/melbordat.fr\/index.php\/wp-json\/wp\/v2\/pages\/728\/revisions\/1061"}],"up":[{"embeddable":true,"href":"https:\/\/melbordat.fr\/index.php\/wp-json\/wp\/v2\/pages\/259"}],"wp:attachment":[{"href":"https:\/\/melbordat.fr\/index.php\/wp-json\/wp\/v2\/media?parent=728"}],"curies":[{"name":"wp","href":"https:\/\/api.w.org\/{rel}","templated":true}]}}