{"id":714,"date":"2020-11-12T21:02:06","date_gmt":"2020-11-12T20:02:06","guid":{"rendered":"http:\/\/melbordat.fr\/?page_id=714"},"modified":"2021-02-26T11:16:05","modified_gmt":"2021-02-26T10:16:05","slug":"traboule-des-voraces","status":"publish","type":"page","link":"https:\/\/melbordat.fr\/index.php\/motion-gifographie\/traboule-des-voraces\/","title":{"rendered":"TRABOULE DES VORACES"},"content":{"rendered":"\t\t<div data-elementor-type=\"wp-page\" data-elementor-id=\"714\" class=\"elementor elementor-714\" data-elementor-settings=\"[]\">\n\t\t\t\t\t\t<div class=\"elementor-inner\">\n\t\t\t\t\t\t\t<div class=\"elementor-section-wrap\">\n\t\t\t\t\t\t\t<section class=\"elementor-section elementor-top-section elementor-element elementor-element-5b1d701f elementor-section-stretched elementor-section-boxed elementor-section-height-default elementor-section-height-default\" data-id=\"5b1d701f\" data-element_type=\"section\" data-settings=\"{&quot;stretch_section&quot;:&quot;section-stretched&quot;}\">\n\t\t\t\t\t\t<div class=\"elementor-container elementor-column-gap-default\">\n\t\t\t\t\t\t\t<div class=\"elementor-row\">\n\t\t\t\t\t<div class=\"elementor-column elementor-col-100 elementor-top-column elementor-element elementor-element-1deeecd5\" data-id=\"1deeecd5\" data-element_type=\"column\">\n\t\t\t<div class=\"elementor-column-wrap elementor-element-populated\">\n\t\t\t\t\t\t\t<div class=\"elementor-widget-wrap\">\n\t\t\t\t\t\t<div class=\"elementor-element elementor-element-4cba4ab elementor-aspect-ratio-169 elementor-widget elementor-widget-video\" data-id=\"4cba4ab\" data-element_type=\"widget\" data-settings=\"{&quot;video_type&quot;:&quot;hosted&quot;,&quot;controls&quot;:&quot;yes&quot;,&quot;aspect_ratio&quot;:&quot;169&quot;}\" data-widget_type=\"video.default\">\n\t\t\t\t<div class=\"elementor-widget-container\">\n\t\t\t\t\t<div class=\"e-hosted-video elementor-wrapper elementor-fit-aspect-ratio elementor-open-inline\">\n\t\t\t\t\t<video class=\"elementor-video\" src=\"http:\/\/melbordat.fr\/wp-content\/uploads\/2020\/11\/DETOURTRABOULE_BORDAT.mp4\" controls=\"\" controlsList=\"nodownload\"><\/video>\n\t\t\t\t<\/div>\n\t\t\t\t<\/div>\n\t\t\t\t<\/div>\n\t\t\t\t\t\t<\/div>\n\t\t\t\t\t<\/div>\n\t\t<\/div>\n\t\t\t\t\t\t\t\t<\/div>\n\t\t\t\t\t<\/div>\n\t\t<\/section>\n\t\t\t\t<section class=\"elementor-section elementor-top-section elementor-element elementor-element-a4c2b2a elementor-section-stretched elementor-section-boxed elementor-section-height-default elementor-section-height-default\" data-id=\"a4c2b2a\" data-element_type=\"section\" data-settings=\"{&quot;stretch_section&quot;:&quot;section-stretched&quot;}\">\n\t\t\t\t\t\t<div class=\"elementor-container elementor-column-gap-default\">\n\t\t\t\t\t\t\t<div class=\"elementor-row\">\n\t\t\t\t\t<div class=\"elementor-column elementor-col-100 elementor-top-column elementor-element elementor-element-afc2adf\" data-id=\"afc2adf\" data-element_type=\"column\">\n\t\t\t<div class=\"elementor-column-wrap elementor-element-populated\">\n\t\t\t\t\t\t\t<div class=\"elementor-widget-wrap\">\n\t\t\t\t\t\t<div class=\"elementor-element elementor-element-f065bff elementor-widget elementor-widget-text-editor\" data-id=\"f065bff\" data-element_type=\"widget\" data-widget_type=\"text-editor.default\">\n\t\t\t\t<div class=\"elementor-widget-container\">\n\t\t\t\t\t\t\t\t<div class=\"elementor-text-editor elementor-clearfix\">\n\t\t\t\t\t<p>Episode pilote pour une s\u00e9rie de visites touristique de lieux insolites dans Lyon.\u00a0 J&rsquo;ai choisi de faire ce premier \u00e9pisode sur La traboule des Voraces qui est mon lieu pr\u00e9f\u00e9r\u00e9 \u00e0 Lyon.\u00a0 L&rsquo;objectif de cette s\u00e9rie est de pr\u00e9senter actuellement et historiquement des lieux touristiques. Il fallait int\u00e9grer des images d&rsquo;archives.\u00a0 Le contenu devait \u00eatre \u00e0 la fois de la vid\u00e9o et du motion design avec une voix off.\u00a0<\/p><p class=\"p1\">Musique de fond : 3WW &#8211; Alt-J\u00a0<br \/>Actrice pour les \u00e9l\u00e9ments en rotoscopie : Gaylina GOUDAL<\/p><p><em>Pilot episode for a series of tourist visits to unusual places in Lyon.<\/em><br \/><em>I chose to do this first episode on La traboule des Voraces which is my favorite place in Lyon. The aim of this series is to present tourist sites today and historically.\u00a0It was necessary to integrate archival images. The content had to be both video and motion design with a voiceover.\u00a0<\/em><\/p><p class=\"p1\"><em>Background music: 3WW &#8211; Alt-J <\/em><br \/><em>Actress for rotoscopic elements: Gaylina GOUDAL<\/em><\/p><p>\u00a0<\/p>\t\t\t\t\t<\/div>\n\t\t\t\t\t\t<\/div>\n\t\t\t\t<\/div>\n\t\t\t\t\t\t<\/div>\n\t\t\t\t\t<\/div>\n\t\t<\/div>\n\t\t\t\t\t\t\t\t<\/div>\n\t\t\t\t\t<\/div>\n\t\t<\/section>\n\t\t\t\t<section class=\"elementor-section elementor-top-section elementor-element elementor-element-832cd2c elementor-section-stretched elementor-section-boxed elementor-section-height-default elementor-section-height-default\" data-id=\"832cd2c\" data-element_type=\"section\" data-settings=\"{&quot;stretch_section&quot;:&quot;section-stretched&quot;}\">\n\t\t\t\t\t\t<div class=\"elementor-container elementor-column-gap-default\">\n\t\t\t\t\t\t\t<div class=\"elementor-row\">\n\t\t\t\t\t<div class=\"elementor-column elementor-col-50 elementor-top-column elementor-element elementor-element-679f4da\" data-id=\"679f4da\" data-element_type=\"column\">\n\t\t\t<div class=\"elementor-column-wrap elementor-element-populated\">\n\t\t\t\t\t\t\t<div class=\"elementor-widget-wrap\">\n\t\t\t\t\t\t<div class=\"elementor-element elementor-element-718f49e elementor-widget elementor-widget-image\" data-id=\"718f49e\" data-element_type=\"widget\" data-widget_type=\"image.default\">\n\t\t\t\t<div class=\"elementor-widget-container\">\n\t\t\t\t\t\t\t\t<div class=\"elementor-image\">\n\t\t\t\t\t\t\t\t\t\t\t\t<img width=\"512\" height=\"384\" src=\"https:\/\/melbordat.fr\/wp-content\/uploads\/2020\/11\/canuuuus.jpg\" class=\"attachment-full size-full\" alt=\"\" loading=\"lazy\" srcset=\"https:\/\/melbordat.fr\/wp-content\/uploads\/2020\/11\/canuuuus.jpg 512w, https:\/\/melbordat.fr\/wp-content\/uploads\/2020\/11\/canuuuus-300x225.jpg 300w\" sizes=\"(max-width: 512px) 100vw, 512px\" \/>\t\t\t\t\t\t\t\t\t\t\t\t\t\t<\/div>\n\t\t\t\t\t\t<\/div>\n\t\t\t\t<\/div>\n\t\t\t\t<div class=\"elementor-element elementor-element-e78b39f elementor-widget elementor-widget-image\" data-id=\"e78b39f\" data-element_type=\"widget\" data-widget_type=\"image.default\">\n\t\t\t\t<div class=\"elementor-widget-container\">\n\t\t\t\t\t\t\t\t<div class=\"elementor-image\">\n\t\t\t\t\t\t\t\t\t\t\t\t<img width=\"920\" height=\"619\" src=\"https:\/\/melbordat.fr\/wp-content\/uploads\/2020\/11\/La_Cour_des_Voraces-1-1024x689.jpg\" class=\"attachment-large size-large\" alt=\"\" loading=\"lazy\" srcset=\"https:\/\/melbordat.fr\/wp-content\/uploads\/2020\/11\/La_Cour_des_Voraces-1-1024x689.jpg 1024w, https:\/\/melbordat.fr\/wp-content\/uploads\/2020\/11\/La_Cour_des_Voraces-1-300x202.jpg 300w, https:\/\/melbordat.fr\/wp-content\/uploads\/2020\/11\/La_Cour_des_Voraces-1-768x517.jpg 768w, https:\/\/melbordat.fr\/wp-content\/uploads\/2020\/11\/La_Cour_des_Voraces-1-1536x1034.jpg 1536w, https:\/\/melbordat.fr\/wp-content\/uploads\/2020\/11\/La_Cour_des_Voraces-1-2048x1378.jpg 2048w\" sizes=\"(max-width: 920px) 100vw, 920px\" \/>\t\t\t\t\t\t\t\t\t\t\t\t\t\t<\/div>\n\t\t\t\t\t\t<\/div>\n\t\t\t\t<\/div>\n\t\t\t\t\t\t<\/div>\n\t\t\t\t\t<\/div>\n\t\t<\/div>\n\t\t\t\t<div class=\"elementor-column elementor-col-50 elementor-top-column elementor-element elementor-element-c35da24\" data-id=\"c35da24\" data-element_type=\"column\">\n\t\t\t<div class=\"elementor-column-wrap elementor-element-populated\">\n\t\t\t\t\t\t\t<div class=\"elementor-widget-wrap\">\n\t\t\t\t\t\t<div class=\"elementor-element elementor-element-28342e6 elementor-widget elementor-widget-image\" data-id=\"28342e6\" data-element_type=\"widget\" data-widget_type=\"image.default\">\n\t\t\t\t<div class=\"elementor-widget-container\">\n\t\t\t\t\t\t\t\t<div class=\"elementor-image\">\n\t\t\t\t\t\t\t\t\t\t\t\t<img width=\"600\" height=\"840\" src=\"https:\/\/melbordat.fr\/wp-content\/uploads\/2020\/11\/La_Cour_des_Voraces.jpg\" class=\"attachment-large size-large\" alt=\"\" loading=\"lazy\" srcset=\"https:\/\/melbordat.fr\/wp-content\/uploads\/2020\/11\/La_Cour_des_Voraces.jpg 600w, https:\/\/melbordat.fr\/wp-content\/uploads\/2020\/11\/La_Cour_des_Voraces-214x300.jpg 214w\" sizes=\"(max-width: 600px) 100vw, 600px\" \/>\t\t\t\t\t\t\t\t\t\t\t\t\t\t<\/div>\n\t\t\t\t\t\t<\/div>\n\t\t\t\t<\/div>\n\t\t\t\t\t\t<\/div>\n\t\t\t\t\t<\/div>\n\t\t<\/div>\n\t\t\t\t\t\t\t\t<\/div>\n\t\t\t\t\t<\/div>\n\t\t<\/section>\n\t\t\t\t<section class=\"elementor-section elementor-top-section elementor-element elementor-element-a84ab74 elementor-section-stretched elementor-section-boxed elementor-section-height-default elementor-section-height-default\" data-id=\"a84ab74\" data-element_type=\"section\" data-settings=\"{&quot;stretch_section&quot;:&quot;section-stretched&quot;}\">\n\t\t\t\t\t\t<div class=\"elementor-container elementor-column-gap-default\">\n\t\t\t\t\t\t\t<div class=\"elementor-row\">\n\t\t\t\t\t<div class=\"elementor-column elementor-col-100 elementor-top-column elementor-element elementor-element-a7456fc\" data-id=\"a7456fc\" data-element_type=\"column\">\n\t\t\t<div class=\"elementor-column-wrap elementor-element-populated\">\n\t\t\t\t\t\t\t<div class=\"elementor-widget-wrap\">\n\t\t\t\t\t\t<div class=\"elementor-element elementor-element-754d04f elementor-widget elementor-widget-image\" data-id=\"754d04f\" data-element_type=\"widget\" data-widget_type=\"image.default\">\n\t\t\t\t<div class=\"elementor-widget-container\">\n\t\t\t\t\t\t\t\t<div class=\"elementor-image\">\n\t\t\t\t\t\t\t\t\t\t\t\t<img width=\"1920\" height=\"1080\" src=\"https:\/\/melbordat.fr\/wp-content\/uploads\/2020\/11\/image-1-gaylina-marche.jpg\" class=\"attachment-full size-full\" alt=\"\" loading=\"lazy\" srcset=\"https:\/\/melbordat.fr\/wp-content\/uploads\/2020\/11\/image-1-gaylina-marche.jpg 1920w, https:\/\/melbordat.fr\/wp-content\/uploads\/2020\/11\/image-1-gaylina-marche-300x169.jpg 300w, https:\/\/melbordat.fr\/wp-content\/uploads\/2020\/11\/image-1-gaylina-marche-1024x576.jpg 1024w, https:\/\/melbordat.fr\/wp-content\/uploads\/2020\/11\/image-1-gaylina-marche-768x432.jpg 768w, https:\/\/melbordat.fr\/wp-content\/uploads\/2020\/11\/image-1-gaylina-marche-1536x864.jpg 1536w, https:\/\/melbordat.fr\/wp-content\/uploads\/2020\/11\/image-1-gaylina-marche-940x528.jpg 940w\" sizes=\"(max-width: 1920px) 100vw, 1920px\" \/>\t\t\t\t\t\t\t\t\t\t\t\t\t\t<\/div>\n\t\t\t\t\t\t<\/div>\n\t\t\t\t<\/div>\n\t\t\t\t\t\t<\/div>\n\t\t\t\t\t<\/div>\n\t\t<\/div>\n\t\t\t\t\t\t\t\t<\/div>\n\t\t\t\t\t<\/div>\n\t\t<\/section>\n\t\t\t\t<section class=\"elementor-section elementor-top-section elementor-element elementor-element-f41be2e elementor-section-stretched elementor-section-boxed elementor-section-height-default elementor-section-height-default\" data-id=\"f41be2e\" data-element_type=\"section\" data-settings=\"{&quot;stretch_section&quot;:&quot;section-stretched&quot;}\">\n\t\t\t\t\t\t<div class=\"elementor-container elementor-column-gap-default\">\n\t\t\t\t\t\t\t<div class=\"elementor-row\">\n\t\t\t\t\t<div class=\"elementor-column elementor-col-100 elementor-top-column elementor-element elementor-element-eb931c1\" data-id=\"eb931c1\" data-element_type=\"column\">\n\t\t\t<div class=\"elementor-column-wrap elementor-element-populated\">\n\t\t\t\t\t\t\t<div class=\"elementor-widget-wrap\">\n\t\t\t\t\t\t<div class=\"elementor-element elementor-element-ca489b3 elementor-widget elementor-widget-text-editor\" data-id=\"ca489b3\" data-element_type=\"widget\" data-widget_type=\"text-editor.default\">\n\t\t\t\t<div class=\"elementor-widget-container\">\n\t\t\t\t\t\t\t\t<div class=\"elementor-text-editor elementor-clearfix\">\n\t\t\t\t\t<p>El\u00e9ments dessin\u00e9s pour animer une rotoscopie.<\/p><p><em><span lang=\"en\">Elements designed to animate a rotoscopy.<\/span><\/em><\/p>\t\t\t\t\t<\/div>\n\t\t\t\t\t\t<\/div>\n\t\t\t\t<\/div>\n\t\t\t\t\t\t<\/div>\n\t\t\t\t\t<\/div>\n\t\t<\/div>\n\t\t\t\t\t\t\t\t<\/div>\n\t\t\t\t\t<\/div>\n\t\t<\/section>\n\t\t\t\t<section class=\"elementor-section elementor-top-section elementor-element elementor-element-a533ed7 elementor-section-stretched elementor-section-boxed elementor-section-height-default elementor-section-height-default\" data-id=\"a533ed7\" data-element_type=\"section\" data-settings=\"{&quot;stretch_section&quot;:&quot;section-stretched&quot;}\">\n\t\t\t\t\t\t<div class=\"elementor-container elementor-column-gap-default\">\n\t\t\t\t\t\t\t<div class=\"elementor-row\">\n\t\t\t\t\t<div class=\"elementor-column elementor-col-50 elementor-top-column elementor-element elementor-element-f35c590\" data-id=\"f35c590\" data-element_type=\"column\">\n\t\t\t<div class=\"elementor-column-wrap elementor-element-populated\">\n\t\t\t\t\t\t\t<div class=\"elementor-widget-wrap\">\n\t\t\t\t\t\t<div class=\"elementor-element elementor-element-6be6243 elementor-widget elementor-widget-image\" data-id=\"6be6243\" data-element_type=\"widget\" data-widget_type=\"image.default\">\n\t\t\t\t<div class=\"elementor-widget-container\">\n\t\t\t\t\t\t\t\t<div class=\"elementor-image\">\n\t\t\t\t\t\t\t\t\t\t\t\t<img width=\"472\" height=\"284\" src=\"https:\/\/melbordat.fr\/wp-content\/uploads\/2020\/11\/Capture-d\u2019e\u0301cran-2020-11-17-a\u0300-14.31.29.png\" class=\"attachment-large size-large\" alt=\"\" loading=\"lazy\" srcset=\"https:\/\/melbordat.fr\/wp-content\/uploads\/2020\/11\/Capture-d\u2019e\u0301cran-2020-11-17-a\u0300-14.31.29.png 472w, https:\/\/melbordat.fr\/wp-content\/uploads\/2020\/11\/Capture-d\u2019e\u0301cran-2020-11-17-a\u0300-14.31.29-300x181.png 300w\" sizes=\"(max-width: 472px) 100vw, 472px\" \/>\t\t\t\t\t\t\t\t\t\t\t\t\t\t<\/div>\n\t\t\t\t\t\t<\/div>\n\t\t\t\t<\/div>\n\t\t\t\t\t\t<\/div>\n\t\t\t\t\t<\/div>\n\t\t<\/div>\n\t\t\t\t<div class=\"elementor-column elementor-col-50 elementor-top-column elementor-element elementor-element-82b17fa\" data-id=\"82b17fa\" data-element_type=\"column\">\n\t\t\t<div class=\"elementor-column-wrap elementor-element-populated\">\n\t\t\t\t\t\t\t<div class=\"elementor-widget-wrap\">\n\t\t\t\t\t\t<div class=\"elementor-element elementor-element-3ef75eb elementor-widget elementor-widget-text-editor\" data-id=\"3ef75eb\" data-element_type=\"widget\" data-widget_type=\"text-editor.default\">\n\t\t\t\t<div class=\"elementor-widget-container\">\n\t\t\t\t\t\t\t\t<div class=\"elementor-text-editor elementor-clearfix\">\n\t\t\t\t\t<p>Recherche d&rsquo;un gamme chromatique correspondant \u00e0 Lyon\u00a0<\/p><p><em>Search for a chromatic scale corresponding to Lyon<\/em><\/p>\t\t\t\t\t<\/div>\n\t\t\t\t\t\t<\/div>\n\t\t\t\t<\/div>\n\t\t\t\t\t\t<\/div>\n\t\t\t\t\t<\/div>\n\t\t<\/div>\n\t\t\t\t\t\t\t\t<\/div>\n\t\t\t\t\t<\/div>\n\t\t<\/section>\n\t\t\t\t<section class=\"elementor-section elementor-top-section elementor-element elementor-element-8e4b4dc elementor-section-boxed elementor-section-height-default elementor-section-height-default\" data-id=\"8e4b4dc\" data-element_type=\"section\">\n\t\t\t\t\t\t<div class=\"elementor-container elementor-column-gap-default\">\n\t\t\t\t\t\t\t<div class=\"elementor-row\">\n\t\t\t\t\t<div class=\"elementor-column elementor-col-100 elementor-top-column elementor-element elementor-element-d357dcb\" data-id=\"d357dcb\" data-element_type=\"column\">\n\t\t\t<div class=\"elementor-column-wrap elementor-element-populated\">\n\t\t\t\t\t\t\t<div class=\"elementor-widget-wrap\">\n\t\t\t\t\t\t<div class=\"elementor-element elementor-element-7e8928e elementor-align-center elementor-widget elementor-widget-button\" data-id=\"7e8928e\" data-element_type=\"widget\" data-widget_type=\"button.default\">\n\t\t\t\t<div class=\"elementor-widget-container\">\n\t\t\t\t\t<div class=\"elementor-button-wrapper\">\n\t\t\t<a href=\"http:\/\/melbordat.fr\/index.php\/motion-gifographie\/\" class=\"elementor-button-link elementor-button elementor-size-sm elementor-animation-grow\" role=\"button\">\n\t\t\t\t\t\t<span class=\"elementor-button-content-wrapper\">\n\t\t\t\t\t\t<span class=\"elementor-button-text\">VOIR LES AUTRES MOTION DESIGN OU VID\u00c9OS<\/span>\n\t\t<\/span>\n\t\t\t\t\t<\/a>\n\t\t<\/div>\n\t\t\t\t<\/div>\n\t\t\t\t<\/div>\n\t\t\t\t\t\t<\/div>\n\t\t\t\t\t<\/div>\n\t\t<\/div>\n\t\t\t\t\t\t\t\t<\/div>\n\t\t\t\t\t<\/div>\n\t\t<\/section>\n\t\t\t\t\t\t<\/div>\n\t\t\t\t\t\t<\/div>\n\t\t\t\t\t<\/div>\n\t\t","protected":false},"excerpt":{"rendered":"<p>http:\/\/melbordat.fr\/wp-content\/uploads\/2020\/11\/DETOURTRABOULE_BORDAT.mp4 Episode pilote pour une s\u00e9rie de visites touristique de lieux insolites dans Lyon.\u00a0 J&rsquo;ai choisi de faire ce premier \u00e9pisode sur La traboule des Voraces qui est mon lieu pr\u00e9f\u00e9r\u00e9 \u00e0 Lyon.\u00a0 L&rsquo;objectif de cette s\u00e9rie est de pr\u00e9senter actuellement et historiquement des lieux touristiques. Il fallait int\u00e9grer des images d&rsquo;archives.\u00a0 Le contenu devait<span class=\"more-button\"><a href=\"https:\/\/melbordat.fr\/index.php\/motion-gifographie\/traboule-des-voraces\/\" class=\"more-link\">Continue reading<span class=\"screen-reader-text\">TRABOULE DES VORACES<\/span><\/a><\/span><\/p>\n","protected":false},"author":1,"featured_media":0,"parent":259,"menu_order":0,"comment_status":"closed","ping_status":"closed","template":"","meta":[],"_links":{"self":[{"href":"https:\/\/melbordat.fr\/index.php\/wp-json\/wp\/v2\/pages\/714"}],"collection":[{"href":"https:\/\/melbordat.fr\/index.php\/wp-json\/wp\/v2\/pages"}],"about":[{"href":"https:\/\/melbordat.fr\/index.php\/wp-json\/wp\/v2\/types\/page"}],"author":[{"embeddable":true,"href":"https:\/\/melbordat.fr\/index.php\/wp-json\/wp\/v2\/users\/1"}],"replies":[{"embeddable":true,"href":"https:\/\/melbordat.fr\/index.php\/wp-json\/wp\/v2\/comments?post=714"}],"version-history":[{"count":6,"href":"https:\/\/melbordat.fr\/index.php\/wp-json\/wp\/v2\/pages\/714\/revisions"}],"predecessor-version":[{"id":1057,"href":"https:\/\/melbordat.fr\/index.php\/wp-json\/wp\/v2\/pages\/714\/revisions\/1057"}],"up":[{"embeddable":true,"href":"https:\/\/melbordat.fr\/index.php\/wp-json\/wp\/v2\/pages\/259"}],"wp:attachment":[{"href":"https:\/\/melbordat.fr\/index.php\/wp-json\/wp\/v2\/media?parent=714"}],"curies":[{"name":"wp","href":"https:\/\/api.w.org\/{rel}","templated":true}]}}