{"id":475,"date":"2020-01-14T23:44:43","date_gmt":"2020-01-14T22:44:43","guid":{"rendered":"http:\/\/melbordat.fr\/?page_id=475"},"modified":"2021-02-26T11:42:20","modified_gmt":"2021-02-26T10:42:20","slug":"infographie-dsden","status":"publish","type":"page","link":"https:\/\/melbordat.fr\/index.php\/web-design-infographie\/infographie-dsden\/","title":{"rendered":"INFOGRAPHIES DSDEN"},"content":{"rendered":"\t\t<div data-elementor-type=\"wp-page\" data-elementor-id=\"475\" class=\"elementor elementor-475\" data-elementor-settings=\"[]\">\n\t\t\t\t\t\t<div class=\"elementor-inner\">\n\t\t\t\t\t\t\t<div class=\"elementor-section-wrap\">\n\t\t\t\t\t\t\t<section class=\"elementor-section elementor-top-section elementor-element elementor-element-595cc0f elementor-section-stretched elementor-section-boxed elementor-section-height-default elementor-section-height-default\" data-id=\"595cc0f\" data-element_type=\"section\" data-settings=\"{&quot;stretch_section&quot;:&quot;section-stretched&quot;}\">\n\t\t\t\t\t\t<div class=\"elementor-container elementor-column-gap-default\">\n\t\t\t\t\t\t\t<div class=\"elementor-row\">\n\t\t\t\t\t<div class=\"elementor-column elementor-col-100 elementor-top-column elementor-element elementor-element-925e23c\" data-id=\"925e23c\" data-element_type=\"column\">\n\t\t\t<div class=\"elementor-column-wrap elementor-element-populated\">\n\t\t\t\t\t\t\t<div class=\"elementor-widget-wrap\">\n\t\t\t\t\t\t<div class=\"elementor-element elementor-element-cbfdce0 elementor-widget__width-initial elementor-widget elementor-widget-text-editor\" data-id=\"cbfdce0\" data-element_type=\"widget\" data-widget_type=\"text-editor.default\">\n\t\t\t\t<div class=\"elementor-widget-container\">\n\t\t\t\t\t\t\t\t<div class=\"elementor-text-editor elementor-clearfix\">\n\t\t\t\t\t<p>Le projet consistait \u00e0 r\u00e9aliser une infographie du r\u00e8glement int\u00e9rieur <br \/>des \u00e9coles primaires du d\u00e9partement de Lyon lisible par les parents et les enfants. Illustrations r\u00e9alis\u00e9es sur Illustrator.\u00a0<\/p><p><em><span lang=\"en\">The project consisted of producing an infographic of the internal regulations primary schools in the department of Lyon readable by parents and children. Illustrations made on Illustrator.<\/span><\/em><\/p>\t\t\t\t\t<\/div>\n\t\t\t\t\t\t<\/div>\n\t\t\t\t<\/div>\n\t\t\t\t\t\t<\/div>\n\t\t\t\t\t<\/div>\n\t\t<\/div>\n\t\t\t\t\t\t\t\t<\/div>\n\t\t\t\t\t<\/div>\n\t\t<\/section>\n\t\t\t\t<section class=\"elementor-section elementor-top-section elementor-element elementor-element-618f1f6 elementor-section-stretched elementor-section-boxed elementor-section-height-default elementor-section-height-default\" data-id=\"618f1f6\" data-element_type=\"section\" data-settings=\"{&quot;stretch_section&quot;:&quot;section-stretched&quot;}\">\n\t\t\t\t\t\t<div class=\"elementor-container elementor-column-gap-default\">\n\t\t\t\t\t\t\t<div class=\"elementor-row\">\n\t\t\t\t\t<div class=\"elementor-column elementor-col-100 elementor-top-column elementor-element elementor-element-08e3b67\" data-id=\"08e3b67\" data-element_type=\"column\">\n\t\t\t<div class=\"elementor-column-wrap elementor-element-populated\">\n\t\t\t\t\t\t\t<div class=\"elementor-widget-wrap\">\n\t\t\t\t\t\t<div class=\"elementor-element elementor-element-21e33c9 elementor-widget elementor-widget-image\" data-id=\"21e33c9\" data-element_type=\"widget\" data-widget_type=\"image.default\">\n\t\t\t\t<div class=\"elementor-widget-container\">\n\t\t\t\t\t\t\t\t<div class=\"elementor-image\">\n\t\t\t\t\t\t\t\t\t\t\t\t<img width=\"649\" height=\"2560\" src=\"https:\/\/melbordat.fr\/wp-content\/uploads\/2020\/01\/tirage_BORDAT_DSDEN-scaled.jpg\" class=\"attachment-full size-full\" alt=\"\" loading=\"lazy\" srcset=\"https:\/\/melbordat.fr\/wp-content\/uploads\/2020\/01\/tirage_BORDAT_DSDEN-scaled.jpg 649w, https:\/\/melbordat.fr\/wp-content\/uploads\/2020\/01\/tirage_BORDAT_DSDEN-76x300.jpg 76w, https:\/\/melbordat.fr\/wp-content\/uploads\/2020\/01\/tirage_BORDAT_DSDEN-768x3031.jpg 768w, https:\/\/melbordat.fr\/wp-content\/uploads\/2020\/01\/tirage_BORDAT_DSDEN-519x2048.jpg 519w, https:\/\/melbordat.fr\/wp-content\/uploads\/2020\/01\/tirage_BORDAT_DSDEN-370x1460.jpg 370w\" sizes=\"(max-width: 649px) 100vw, 649px\" \/>\t\t\t\t\t\t\t\t\t\t\t\t\t\t<\/div>\n\t\t\t\t\t\t<\/div>\n\t\t\t\t<\/div>\n\t\t\t\t\t\t<\/div>\n\t\t\t\t\t<\/div>\n\t\t<\/div>\n\t\t\t\t\t\t\t\t<\/div>\n\t\t\t\t\t<\/div>\n\t\t<\/section>\n\t\t\t\t<section class=\"elementor-section elementor-top-section elementor-element elementor-element-d19b301 elementor-section-stretched elementor-section-boxed elementor-section-height-default elementor-section-height-default\" data-id=\"d19b301\" data-element_type=\"section\" data-settings=\"{&quot;stretch_section&quot;:&quot;section-stretched&quot;}\">\n\t\t\t\t\t\t<div class=\"elementor-container elementor-column-gap-default\">\n\t\t\t\t\t\t\t<div class=\"elementor-row\">\n\t\t\t\t\t<div class=\"elementor-column elementor-col-100 elementor-top-column elementor-element elementor-element-3e308f3\" data-id=\"3e308f3\" data-element_type=\"column\">\n\t\t\t<div class=\"elementor-column-wrap elementor-element-populated\">\n\t\t\t\t\t\t\t<div class=\"elementor-widget-wrap\">\n\t\t\t\t\t\t<div class=\"elementor-element elementor-element-75cd233 elementor-widget elementor-widget-image-gallery\" data-id=\"75cd233\" data-element_type=\"widget\" data-widget_type=\"image-gallery.default\">\n\t\t\t\t<div class=\"elementor-widget-container\">\n\t\t\t\t\t<div class=\"elementor-image-gallery\">\n\t\t\t<div id='gallery-1' class='gallery galleryid-475 gallery-columns-2 gallery-size-large'><figure class='gallery-item'>\n\t\t\t<div class='gallery-icon landscape'>\n\t\t\t\t<a data-elementor-open-lightbox=\"yes\" data-elementor-lightbox-slideshow=\"75cd233\" data-elementor-lightbox-title=\"dossier recherches\" href='https:\/\/melbordat.fr\/wp-content\/uploads\/2020\/01\/dossier-recherches-1.jpg'><img width=\"920\" height=\"650\" src=\"https:\/\/melbordat.fr\/wp-content\/uploads\/2020\/01\/dossier-recherches-1-1024x724.jpg\" class=\"attachment-large size-large\" alt=\"\" loading=\"lazy\" srcset=\"https:\/\/melbordat.fr\/wp-content\/uploads\/2020\/01\/dossier-recherches-1-1024x724.jpg 1024w, https:\/\/melbordat.fr\/wp-content\/uploads\/2020\/01\/dossier-recherches-1-300x212.jpg 300w, https:\/\/melbordat.fr\/wp-content\/uploads\/2020\/01\/dossier-recherches-1-768x543.jpg 768w, https:\/\/melbordat.fr\/wp-content\/uploads\/2020\/01\/dossier-recherches-1-1536x1086.jpg 1536w, https:\/\/melbordat.fr\/wp-content\/uploads\/2020\/01\/dossier-recherches-1-2048x1448.jpg 2048w, https:\/\/melbordat.fr\/wp-content\/uploads\/2020\/01\/dossier-recherches-1-370x262.jpg 370w, https:\/\/melbordat.fr\/wp-content\/uploads\/2020\/01\/dossier-recherches-1-1040x735.jpg 1040w\" sizes=\"(max-width: 920px) 100vw, 920px\" \/><\/a>\n\t\t\t<\/div><\/figure><figure class='gallery-item'>\n\t\t\t<div class='gallery-icon landscape'>\n\t\t\t\t<a data-elementor-open-lightbox=\"yes\" data-elementor-lightbox-slideshow=\"75cd233\" data-elementor-lightbox-title=\"dossier recherches\" href='https:\/\/melbordat.fr\/wp-content\/uploads\/2020\/01\/dossier-recherches-2.jpg'><img width=\"920\" height=\"650\" src=\"https:\/\/melbordat.fr\/wp-content\/uploads\/2020\/01\/dossier-recherches-2-1024x724.jpg\" class=\"attachment-large size-large\" alt=\"\" loading=\"lazy\" srcset=\"https:\/\/melbordat.fr\/wp-content\/uploads\/2020\/01\/dossier-recherches-2-1024x724.jpg 1024w, https:\/\/melbordat.fr\/wp-content\/uploads\/2020\/01\/dossier-recherches-2-300x212.jpg 300w, https:\/\/melbordat.fr\/wp-content\/uploads\/2020\/01\/dossier-recherches-2-768x543.jpg 768w, https:\/\/melbordat.fr\/wp-content\/uploads\/2020\/01\/dossier-recherches-2-1536x1086.jpg 1536w, https:\/\/melbordat.fr\/wp-content\/uploads\/2020\/01\/dossier-recherches-2-2048x1448.jpg 2048w, https:\/\/melbordat.fr\/wp-content\/uploads\/2020\/01\/dossier-recherches-2-370x262.jpg 370w, https:\/\/melbordat.fr\/wp-content\/uploads\/2020\/01\/dossier-recherches-2-1040x735.jpg 1040w\" sizes=\"(max-width: 920px) 100vw, 920px\" \/><\/a>\n\t\t\t<\/div><\/figure><figure class='gallery-item'>\n\t\t\t<div class='gallery-icon landscape'>\n\t\t\t\t<a data-elementor-open-lightbox=\"yes\" data-elementor-lightbox-slideshow=\"75cd233\" data-elementor-lightbox-title=\"dossier recherches\" href='https:\/\/melbordat.fr\/wp-content\/uploads\/2020\/01\/dossier-recherches-3.jpg'><img width=\"920\" height=\"650\" src=\"https:\/\/melbordat.fr\/wp-content\/uploads\/2020\/01\/dossier-recherches-3-1024x724.jpg\" class=\"attachment-large size-large\" alt=\"\" loading=\"lazy\" srcset=\"https:\/\/melbordat.fr\/wp-content\/uploads\/2020\/01\/dossier-recherches-3-1024x724.jpg 1024w, https:\/\/melbordat.fr\/wp-content\/uploads\/2020\/01\/dossier-recherches-3-300x212.jpg 300w, https:\/\/melbordat.fr\/wp-content\/uploads\/2020\/01\/dossier-recherches-3-768x543.jpg 768w, https:\/\/melbordat.fr\/wp-content\/uploads\/2020\/01\/dossier-recherches-3-1536x1086.jpg 1536w, https:\/\/melbordat.fr\/wp-content\/uploads\/2020\/01\/dossier-recherches-3-2048x1448.jpg 2048w, https:\/\/melbordat.fr\/wp-content\/uploads\/2020\/01\/dossier-recherches-3-370x262.jpg 370w, https:\/\/melbordat.fr\/wp-content\/uploads\/2020\/01\/dossier-recherches-3-1040x735.jpg 1040w\" sizes=\"(max-width: 920px) 100vw, 920px\" \/><\/a>\n\t\t\t<\/div><\/figure><figure class='gallery-item'>\n\t\t\t<div class='gallery-icon landscape'>\n\t\t\t\t<a data-elementor-open-lightbox=\"yes\" data-elementor-lightbox-slideshow=\"75cd233\" data-elementor-lightbox-title=\"dossier recherches\" href='https:\/\/melbordat.fr\/wp-content\/uploads\/2020\/01\/dossier-recherches-4.jpg'><img width=\"920\" height=\"650\" src=\"https:\/\/melbordat.fr\/wp-content\/uploads\/2020\/01\/dossier-recherches-4-1024x724.jpg\" class=\"attachment-large size-large\" alt=\"\" loading=\"lazy\" srcset=\"https:\/\/melbordat.fr\/wp-content\/uploads\/2020\/01\/dossier-recherches-4-1024x724.jpg 1024w, https:\/\/melbordat.fr\/wp-content\/uploads\/2020\/01\/dossier-recherches-4-300x212.jpg 300w, https:\/\/melbordat.fr\/wp-content\/uploads\/2020\/01\/dossier-recherches-4-768x543.jpg 768w, https:\/\/melbordat.fr\/wp-content\/uploads\/2020\/01\/dossier-recherches-4-1536x1086.jpg 1536w, https:\/\/melbordat.fr\/wp-content\/uploads\/2020\/01\/dossier-recherches-4-2048x1448.jpg 2048w, https:\/\/melbordat.fr\/wp-content\/uploads\/2020\/01\/dossier-recherches-4-370x262.jpg 370w, https:\/\/melbordat.fr\/wp-content\/uploads\/2020\/01\/dossier-recherches-4-1040x735.jpg 1040w\" sizes=\"(max-width: 920px) 100vw, 920px\" \/><\/a>\n\t\t\t<\/div><\/figure><figure class='gallery-item'>\n\t\t\t<div class='gallery-icon landscape'>\n\t\t\t\t<a data-elementor-open-lightbox=\"yes\" data-elementor-lightbox-slideshow=\"75cd233\" data-elementor-lightbox-title=\"dossier recherches\" href='https:\/\/melbordat.fr\/wp-content\/uploads\/2020\/01\/dossier-recherches-5.jpg'><img width=\"920\" height=\"650\" src=\"https:\/\/melbordat.fr\/wp-content\/uploads\/2020\/01\/dossier-recherches-5-1024x724.jpg\" class=\"attachment-large size-large\" alt=\"\" loading=\"lazy\" srcset=\"https:\/\/melbordat.fr\/wp-content\/uploads\/2020\/01\/dossier-recherches-5-1024x724.jpg 1024w, https:\/\/melbordat.fr\/wp-content\/uploads\/2020\/01\/dossier-recherches-5-300x212.jpg 300w, https:\/\/melbordat.fr\/wp-content\/uploads\/2020\/01\/dossier-recherches-5-768x543.jpg 768w, https:\/\/melbordat.fr\/wp-content\/uploads\/2020\/01\/dossier-recherches-5-1536x1086.jpg 1536w, https:\/\/melbordat.fr\/wp-content\/uploads\/2020\/01\/dossier-recherches-5-2048x1448.jpg 2048w, https:\/\/melbordat.fr\/wp-content\/uploads\/2020\/01\/dossier-recherches-5-370x262.jpg 370w, https:\/\/melbordat.fr\/wp-content\/uploads\/2020\/01\/dossier-recherches-5-1040x735.jpg 1040w\" sizes=\"(max-width: 920px) 100vw, 920px\" \/><\/a>\n\t\t\t<\/div><\/figure><figure class='gallery-item'>\n\t\t\t<div class='gallery-icon landscape'>\n\t\t\t\t<a data-elementor-open-lightbox=\"yes\" data-elementor-lightbox-slideshow=\"75cd233\" data-elementor-lightbox-title=\"dossier recherches\" href='https:\/\/melbordat.fr\/wp-content\/uploads\/2020\/01\/dossier-recherches-8.jpg'><img width=\"920\" height=\"650\" src=\"https:\/\/melbordat.fr\/wp-content\/uploads\/2020\/01\/dossier-recherches-8-1024x724.jpg\" class=\"attachment-large size-large\" alt=\"\" loading=\"lazy\" srcset=\"https:\/\/melbordat.fr\/wp-content\/uploads\/2020\/01\/dossier-recherches-8-1024x724.jpg 1024w, https:\/\/melbordat.fr\/wp-content\/uploads\/2020\/01\/dossier-recherches-8-300x212.jpg 300w, https:\/\/melbordat.fr\/wp-content\/uploads\/2020\/01\/dossier-recherches-8-768x543.jpg 768w, https:\/\/melbordat.fr\/wp-content\/uploads\/2020\/01\/dossier-recherches-8-1536x1086.jpg 1536w, https:\/\/melbordat.fr\/wp-content\/uploads\/2020\/01\/dossier-recherches-8-2048x1448.jpg 2048w, https:\/\/melbordat.fr\/wp-content\/uploads\/2020\/01\/dossier-recherches-8-370x262.jpg 370w, https:\/\/melbordat.fr\/wp-content\/uploads\/2020\/01\/dossier-recherches-8-1040x735.jpg 1040w\" sizes=\"(max-width: 920px) 100vw, 920px\" \/><\/a>\n\t\t\t<\/div><\/figure><figure class='gallery-item'>\n\t\t\t<div class='gallery-icon landscape'>\n\t\t\t\t<a data-elementor-open-lightbox=\"yes\" data-elementor-lightbox-slideshow=\"75cd233\" data-elementor-lightbox-title=\"dossier recherches\" href='https:\/\/melbordat.fr\/wp-content\/uploads\/2020\/01\/dossier-recherches-9.jpg'><img width=\"920\" height=\"650\" src=\"https:\/\/melbordat.fr\/wp-content\/uploads\/2020\/01\/dossier-recherches-9-1024x724.jpg\" class=\"attachment-large size-large\" alt=\"\" loading=\"lazy\" srcset=\"https:\/\/melbordat.fr\/wp-content\/uploads\/2020\/01\/dossier-recherches-9-1024x724.jpg 1024w, https:\/\/melbordat.fr\/wp-content\/uploads\/2020\/01\/dossier-recherches-9-300x212.jpg 300w, https:\/\/melbordat.fr\/wp-content\/uploads\/2020\/01\/dossier-recherches-9-768x543.jpg 768w, https:\/\/melbordat.fr\/wp-content\/uploads\/2020\/01\/dossier-recherches-9-1536x1086.jpg 1536w, https:\/\/melbordat.fr\/wp-content\/uploads\/2020\/01\/dossier-recherches-9-2048x1448.jpg 2048w, https:\/\/melbordat.fr\/wp-content\/uploads\/2020\/01\/dossier-recherches-9-370x262.jpg 370w, https:\/\/melbordat.fr\/wp-content\/uploads\/2020\/01\/dossier-recherches-9-1040x735.jpg 1040w\" sizes=\"(max-width: 920px) 100vw, 920px\" \/><\/a>\n\t\t\t<\/div><\/figure><figure class='gallery-item'>\n\t\t\t<div class='gallery-icon landscape'>\n\t\t\t\t<a data-elementor-open-lightbox=\"yes\" data-elementor-lightbox-slideshow=\"75cd233\" data-elementor-lightbox-title=\"dossier recherches\" href='https:\/\/melbordat.fr\/wp-content\/uploads\/2020\/01\/dossier-recherches-10.jpg'><img width=\"920\" height=\"650\" src=\"https:\/\/melbordat.fr\/wp-content\/uploads\/2020\/01\/dossier-recherches-10-1024x724.jpg\" class=\"attachment-large size-large\" alt=\"\" loading=\"lazy\" srcset=\"https:\/\/melbordat.fr\/wp-content\/uploads\/2020\/01\/dossier-recherches-10-1024x724.jpg 1024w, https:\/\/melbordat.fr\/wp-content\/uploads\/2020\/01\/dossier-recherches-10-300x212.jpg 300w, https:\/\/melbordat.fr\/wp-content\/uploads\/2020\/01\/dossier-recherches-10-768x543.jpg 768w, https:\/\/melbordat.fr\/wp-content\/uploads\/2020\/01\/dossier-recherches-10-1536x1086.jpg 1536w, https:\/\/melbordat.fr\/wp-content\/uploads\/2020\/01\/dossier-recherches-10-2048x1448.jpg 2048w, https:\/\/melbordat.fr\/wp-content\/uploads\/2020\/01\/dossier-recherches-10-370x262.jpg 370w, https:\/\/melbordat.fr\/wp-content\/uploads\/2020\/01\/dossier-recherches-10-1040x735.jpg 1040w\" sizes=\"(max-width: 920px) 100vw, 920px\" \/><\/a>\n\t\t\t<\/div><\/figure>\n\t\t<\/div>\n\t\t<\/div>\n\t\t\t\t<\/div>\n\t\t\t\t<\/div>\n\t\t\t\t\t\t<\/div>\n\t\t\t\t\t<\/div>\n\t\t<\/div>\n\t\t\t\t\t\t\t\t<\/div>\n\t\t\t\t\t<\/div>\n\t\t<\/section>\n\t\t\t\t<section class=\"elementor-section elementor-top-section elementor-element elementor-element-0346877 elementor-section-boxed elementor-section-height-default elementor-section-height-default\" data-id=\"0346877\" data-element_type=\"section\">\n\t\t\t\t\t\t<div class=\"elementor-container elementor-column-gap-default\">\n\t\t\t\t\t\t\t<div class=\"elementor-row\">\n\t\t\t\t\t<div class=\"elementor-column elementor-col-100 elementor-top-column elementor-element elementor-element-5f07ba8\" data-id=\"5f07ba8\" data-element_type=\"column\">\n\t\t\t<div class=\"elementor-column-wrap elementor-element-populated\">\n\t\t\t\t\t\t\t<div class=\"elementor-widget-wrap\">\n\t\t\t\t\t\t<div class=\"elementor-element elementor-element-04f02a5 elementor-align-center elementor-widget elementor-widget-button\" data-id=\"04f02a5\" data-element_type=\"widget\" data-widget_type=\"button.default\">\n\t\t\t\t<div class=\"elementor-widget-container\">\n\t\t\t\t\t<div class=\"elementor-button-wrapper\">\n\t\t\t<a href=\"http:\/\/melbordat.fr\/index.php\/web-design-infographie\/\" class=\"elementor-button-link elementor-button elementor-size-sm elementor-animation-grow\" role=\"button\">\n\t\t\t\t\t\t<span class=\"elementor-button-content-wrapper\">\n\t\t\t\t\t\t<span class=\"elementor-button-text\">VOIR LES  AUTRES WEB DESIGN - INFOGRAPHIES<\/span>\n\t\t<\/span>\n\t\t\t\t\t<\/a>\n\t\t<\/div>\n\t\t\t\t<\/div>\n\t\t\t\t<\/div>\n\t\t\t\t\t\t<\/div>\n\t\t\t\t\t<\/div>\n\t\t<\/div>\n\t\t\t\t\t\t\t\t<\/div>\n\t\t\t\t\t<\/div>\n\t\t<\/section>\n\t\t\t\t\t\t<\/div>\n\t\t\t\t\t\t<\/div>\n\t\t\t\t\t<\/div>\n\t\t","protected":false},"excerpt":{"rendered":"<p>Le projet consistait \u00e0 r\u00e9aliser une infographie du r\u00e8glement int\u00e9rieur des \u00e9coles primaires du d\u00e9partement de Lyon lisible par les parents et les enfants. Illustrations r\u00e9alis\u00e9es sur Illustrator.&nbsp; The project consisted of producing an infographic of the internal regulations primary schools in the department of Lyon readable by parents and children. Illustrations made on Illustrator.<span class=\"more-button\"><a href=\"https:\/\/melbordat.fr\/index.php\/web-design-infographie\/infographie-dsden\/\" class=\"more-link\">Continue reading<span class=\"screen-reader-text\">INFOGRAPHIES DSDEN<\/span><\/a><\/span><\/p>\n","protected":false},"author":1,"featured_media":0,"parent":29,"menu_order":0,"comment_status":"closed","ping_status":"closed","template":"","meta":[],"_links":{"self":[{"href":"https:\/\/melbordat.fr\/index.php\/wp-json\/wp\/v2\/pages\/475"}],"collection":[{"href":"https:\/\/melbordat.fr\/index.php\/wp-json\/wp\/v2\/pages"}],"about":[{"href":"https:\/\/melbordat.fr\/index.php\/wp-json\/wp\/v2\/types\/page"}],"author":[{"embeddable":true,"href":"https:\/\/melbordat.fr\/index.php\/wp-json\/wp\/v2\/users\/1"}],"replies":[{"embeddable":true,"href":"https:\/\/melbordat.fr\/index.php\/wp-json\/wp\/v2\/comments?post=475"}],"version-history":[{"count":8,"href":"https:\/\/melbordat.fr\/index.php\/wp-json\/wp\/v2\/pages\/475\/revisions"}],"predecessor-version":[{"id":1079,"href":"https:\/\/melbordat.fr\/index.php\/wp-json\/wp\/v2\/pages\/475\/revisions\/1079"}],"up":[{"embeddable":true,"href":"https:\/\/melbordat.fr\/index.php\/wp-json\/wp\/v2\/pages\/29"}],"wp:attachment":[{"href":"https:\/\/melbordat.fr\/index.php\/wp-json\/wp\/v2\/media?parent=475"}],"curies":[{"name":"wp","href":"https:\/\/api.w.org\/{rel}","templated":true}]}}