{"id":398,"date":"2020-01-09T15:20:03","date_gmt":"2020-01-09T14:20:03","guid":{"rendered":"http:\/\/melbordat.fr\/?page_id=398"},"modified":"2021-02-26T11:07:31","modified_gmt":"2021-02-26T10:07:31","slug":"faire-des-yeux-de-merlan-frit","status":"publish","type":"page","link":"https:\/\/melbordat.fr\/index.php\/motion-gifographie\/faire-des-yeux-de-merlan-frit\/","title":{"rendered":"FAIRE DES YEUX DE MERLAN FRIT"},"content":{"rendered":"\t\t<div data-elementor-type=\"wp-page\" data-elementor-id=\"398\" class=\"elementor elementor-398\" data-elementor-settings=\"[]\">\n\t\t\t\t\t\t<div class=\"elementor-inner\">\n\t\t\t\t\t\t\t<div class=\"elementor-section-wrap\">\n\t\t\t\t\t\t\t<section class=\"elementor-section elementor-top-section elementor-element elementor-element-cb3ca9c elementor-section-stretched elementor-section-boxed elementor-section-height-default elementor-section-height-default\" data-id=\"cb3ca9c\" data-element_type=\"section\" data-settings=\"{&quot;stretch_section&quot;:&quot;section-stretched&quot;}\">\n\t\t\t\t\t\t<div class=\"elementor-container elementor-column-gap-default\">\n\t\t\t\t\t\t\t<div class=\"elementor-row\">\n\t\t\t\t\t<div class=\"elementor-column elementor-col-100 elementor-top-column elementor-element elementor-element-2e53148\" data-id=\"2e53148\" data-element_type=\"column\">\n\t\t\t<div class=\"elementor-column-wrap elementor-element-populated\">\n\t\t\t\t\t\t\t<div class=\"elementor-widget-wrap\">\n\t\t\t\t\t\t<div class=\"elementor-element elementor-element-380301b elementor-widget elementor-widget-text-editor\" data-id=\"380301b\" data-element_type=\"widget\" data-widget_type=\"text-editor.default\">\n\t\t\t\t<div class=\"elementor-widget-container\">\n\t\t\t\t\t\t\t\t<div class=\"elementor-text-editor elementor-clearfix\">\n\t\t\t\t\t<p style=\"font-family: Barlow, sans-serif; font-size: 19px;\">R\u00e9alisation d&rsquo;un gif anim\u00e9 illustrant l&rsquo;expression fran\u00e7aise \u00ab\u00a0faire des yeux de merlan frit\u00a0\u00bb.\u00a0Le gif est r\u00e9alis\u00e9 en images vectorielles sur Adobe Illustrator s&rsquo;inspirant du style de Sanna Annukka.\u00a0\u00a0Le montage final est r\u00e9alis\u00e9 image par image sur Photoshop.\u00a0<\/p><p><em><span lang=\"en\">Realization of an animated gif illustrating the French expression \u00ab\u00a0to make eyes of fried whiting\u00a0\u00bb.The gif is made in vector images on Adobe Illustrator inspired by the style of Sanna Annukka.The final editing is done frame by frame in Photoshop.<\/span><\/em><\/p>\t\t\t\t\t<\/div>\n\t\t\t\t\t\t<\/div>\n\t\t\t\t<\/div>\n\t\t\t\t\t\t<\/div>\n\t\t\t\t\t<\/div>\n\t\t<\/div>\n\t\t\t\t\t\t\t\t<\/div>\n\t\t\t\t\t<\/div>\n\t\t<\/section>\n\t\t\t\t<section class=\"elementor-section elementor-top-section elementor-element elementor-element-bbde524 elementor-section-stretched elementor-section-boxed elementor-section-height-default elementor-section-height-default\" data-id=\"bbde524\" data-element_type=\"section\" data-settings=\"{&quot;stretch_section&quot;:&quot;section-stretched&quot;}\">\n\t\t\t\t\t\t<div class=\"elementor-container elementor-column-gap-default\">\n\t\t\t\t\t\t\t<div class=\"elementor-row\">\n\t\t\t\t\t<div class=\"elementor-column elementor-col-50 elementor-top-column elementor-element elementor-element-1360c87\" data-id=\"1360c87\" data-element_type=\"column\">\n\t\t\t<div class=\"elementor-column-wrap elementor-element-populated\">\n\t\t\t\t\t\t\t<div class=\"elementor-widget-wrap\">\n\t\t\t\t\t\t<div class=\"elementor-element elementor-element-84fa9b8 elementor-widget elementor-widget-image\" data-id=\"84fa9b8\" data-element_type=\"widget\" data-widget_type=\"image.default\">\n\t\t\t\t<div class=\"elementor-widget-container\">\n\t\t\t\t\t\t\t\t<div class=\"elementor-image\">\n\t\t\t\t\t\t\t\t\t\t\t\t<img width=\"920\" height=\"920\" src=\"https:\/\/melbordat.fr\/wp-content\/uploads\/2020\/01\/faire-des-yeux-de-merlan-frit-1-1024x1024.jpg\" class=\"attachment-large size-large\" alt=\"\" loading=\"lazy\" srcset=\"https:\/\/melbordat.fr\/wp-content\/uploads\/2020\/01\/faire-des-yeux-de-merlan-frit-1-1024x1024.jpg 1024w, https:\/\/melbordat.fr\/wp-content\/uploads\/2020\/01\/faire-des-yeux-de-merlan-frit-1-300x300.jpg 300w, https:\/\/melbordat.fr\/wp-content\/uploads\/2020\/01\/faire-des-yeux-de-merlan-frit-1-150x150.jpg 150w, https:\/\/melbordat.fr\/wp-content\/uploads\/2020\/01\/faire-des-yeux-de-merlan-frit-1-768x768.jpg 768w, https:\/\/melbordat.fr\/wp-content\/uploads\/2020\/01\/faire-des-yeux-de-merlan-frit-1-1536x1536.jpg 1536w, https:\/\/melbordat.fr\/wp-content\/uploads\/2020\/01\/faire-des-yeux-de-merlan-frit-1-2048x2048.jpg 2048w, https:\/\/melbordat.fr\/wp-content\/uploads\/2020\/01\/faire-des-yeux-de-merlan-frit-1-370x370.jpg 370w, https:\/\/melbordat.fr\/wp-content\/uploads\/2020\/01\/faire-des-yeux-de-merlan-frit-1-1040x1040.jpg 1040w\" sizes=\"(max-width: 920px) 100vw, 920px\" \/>\t\t\t\t\t\t\t\t\t\t\t\t\t\t<\/div>\n\t\t\t\t\t\t<\/div>\n\t\t\t\t<\/div>\n\t\t\t\t\t\t<\/div>\n\t\t\t\t\t<\/div>\n\t\t<\/div>\n\t\t\t\t<div class=\"elementor-column elementor-col-50 elementor-top-column elementor-element elementor-element-577701f\" data-id=\"577701f\" data-element_type=\"column\">\n\t\t\t<div class=\"elementor-column-wrap elementor-element-populated\">\n\t\t\t\t\t\t\t<div class=\"elementor-widget-wrap\">\n\t\t\t\t\t\t<div class=\"elementor-element elementor-element-de7bd7b elementor-widget elementor-widget-image\" data-id=\"de7bd7b\" data-element_type=\"widget\" data-widget_type=\"image.default\">\n\t\t\t\t<div class=\"elementor-widget-container\">\n\t\t\t\t\t\t\t\t<div class=\"elementor-image\">\n\t\t\t\t\t\t\t\t\t\t\t\t<img width=\"920\" height=\"920\" src=\"https:\/\/melbordat.fr\/wp-content\/uploads\/2020\/01\/faire-des-yeux-de-merlan-frit-2-1-1024x1024.jpg\" class=\"attachment-large size-large\" alt=\"\" loading=\"lazy\" srcset=\"https:\/\/melbordat.fr\/wp-content\/uploads\/2020\/01\/faire-des-yeux-de-merlan-frit-2-1-1024x1024.jpg 1024w, https:\/\/melbordat.fr\/wp-content\/uploads\/2020\/01\/faire-des-yeux-de-merlan-frit-2-1-300x300.jpg 300w, https:\/\/melbordat.fr\/wp-content\/uploads\/2020\/01\/faire-des-yeux-de-merlan-frit-2-1-150x150.jpg 150w, https:\/\/melbordat.fr\/wp-content\/uploads\/2020\/01\/faire-des-yeux-de-merlan-frit-2-1-768x768.jpg 768w, https:\/\/melbordat.fr\/wp-content\/uploads\/2020\/01\/faire-des-yeux-de-merlan-frit-2-1-1536x1536.jpg 1536w, https:\/\/melbordat.fr\/wp-content\/uploads\/2020\/01\/faire-des-yeux-de-merlan-frit-2-1-2048x2048.jpg 2048w, https:\/\/melbordat.fr\/wp-content\/uploads\/2020\/01\/faire-des-yeux-de-merlan-frit-2-1-370x370.jpg 370w, https:\/\/melbordat.fr\/wp-content\/uploads\/2020\/01\/faire-des-yeux-de-merlan-frit-2-1-1040x1040.jpg 1040w\" sizes=\"(max-width: 920px) 100vw, 920px\" \/>\t\t\t\t\t\t\t\t\t\t\t\t\t\t<\/div>\n\t\t\t\t\t\t<\/div>\n\t\t\t\t<\/div>\n\t\t\t\t\t\t<\/div>\n\t\t\t\t\t<\/div>\n\t\t<\/div>\n\t\t\t\t\t\t\t\t<\/div>\n\t\t\t\t\t<\/div>\n\t\t<\/section>\n\t\t\t\t<section class=\"elementor-section elementor-top-section elementor-element elementor-element-a2ea92a elementor-section-stretched elementor-section-boxed elementor-section-height-default elementor-section-height-default\" data-id=\"a2ea92a\" data-element_type=\"section\" data-settings=\"{&quot;stretch_section&quot;:&quot;section-stretched&quot;}\">\n\t\t\t\t\t\t<div class=\"elementor-container elementor-column-gap-default\">\n\t\t\t\t\t\t\t<div class=\"elementor-row\">\n\t\t\t\t\t<div class=\"elementor-column elementor-col-100 elementor-top-column elementor-element elementor-element-443db05\" data-id=\"443db05\" data-element_type=\"column\">\n\t\t\t<div class=\"elementor-column-wrap elementor-element-populated\">\n\t\t\t\t\t\t\t<div class=\"elementor-widget-wrap\">\n\t\t\t\t\t\t<div class=\"elementor-element elementor-element-895323b elementor-widget elementor-widget-image\" data-id=\"895323b\" data-element_type=\"widget\" data-widget_type=\"image.default\">\n\t\t\t\t<div class=\"elementor-widget-container\">\n\t\t\t\t\t\t\t\t<div class=\"elementor-image\">\n\t\t\t\t\t\t\t\t\t\t\t\t<img width=\"1080\" height=\"651\" src=\"https:\/\/melbordat.fr\/wp-content\/uploads\/2020\/01\/gifographie-BORDAT-SAMUEL-melodie-3.gif\" class=\"attachment-full size-full\" alt=\"\" loading=\"lazy\" \/>\t\t\t\t\t\t\t\t\t\t\t\t\t\t<\/div>\n\t\t\t\t\t\t<\/div>\n\t\t\t\t<\/div>\n\t\t\t\t<div class=\"elementor-element elementor-element-a2590fe elementor-align-center elementor-widget elementor-widget-button\" data-id=\"a2590fe\" data-element_type=\"widget\" data-widget_type=\"button.default\">\n\t\t\t\t<div class=\"elementor-widget-container\">\n\t\t\t\t\t<div class=\"elementor-button-wrapper\">\n\t\t\t<a href=\"http:\/\/melbordat.fr\/index.php\/motion-gifographie\/\" class=\"elementor-button-link elementor-button elementor-size-sm elementor-animation-grow\" role=\"button\">\n\t\t\t\t\t\t<span class=\"elementor-button-content-wrapper\">\n\t\t\t\t\t\t<span class=\"elementor-button-text\">VOIR LES AUTRES MOTION DESIGN OU VID\u00c9OS<\/span>\n\t\t<\/span>\n\t\t\t\t\t<\/a>\n\t\t<\/div>\n\t\t\t\t<\/div>\n\t\t\t\t<\/div>\n\t\t\t\t\t\t<\/div>\n\t\t\t\t\t<\/div>\n\t\t<\/div>\n\t\t\t\t\t\t\t\t<\/div>\n\t\t\t\t\t<\/div>\n\t\t<\/section>\n\t\t\t\t\t\t<\/div>\n\t\t\t\t\t\t<\/div>\n\t\t\t\t\t<\/div>\n\t\t","protected":false},"excerpt":{"rendered":"<p>R\u00e9alisation d&rsquo;un gif anim\u00e9 illustrant l&rsquo;expression fran\u00e7aise \u00ab\u00a0faire des yeux de merlan frit\u00a0\u00bb.&nbsp;Le gif est r\u00e9alis\u00e9 en images vectorielles sur Adobe Illustrator s&rsquo;inspirant du style de Sanna Annukka.&nbsp;&nbsp;Le montage final est r\u00e9alis\u00e9 image par image sur Photoshop.&nbsp; Realization of an animated gif illustrating the French expression \u00ab\u00a0to make eyes of fried whiting\u00a0\u00bb.The gif is made<span class=\"more-button\"><a href=\"https:\/\/melbordat.fr\/index.php\/motion-gifographie\/faire-des-yeux-de-merlan-frit\/\" class=\"more-link\">Continue reading<span class=\"screen-reader-text\">FAIRE DES YEUX DE MERLAN FRIT<\/span><\/a><\/span><\/p>\n","protected":false},"author":1,"featured_media":0,"parent":259,"menu_order":0,"comment_status":"closed","ping_status":"closed","template":"","meta":[],"_links":{"self":[{"href":"https:\/\/melbordat.fr\/index.php\/wp-json\/wp\/v2\/pages\/398"}],"collection":[{"href":"https:\/\/melbordat.fr\/index.php\/wp-json\/wp\/v2\/pages"}],"about":[{"href":"https:\/\/melbordat.fr\/index.php\/wp-json\/wp\/v2\/types\/page"}],"author":[{"embeddable":true,"href":"https:\/\/melbordat.fr\/index.php\/wp-json\/wp\/v2\/users\/1"}],"replies":[{"embeddable":true,"href":"https:\/\/melbordat.fr\/index.php\/wp-json\/wp\/v2\/comments?post=398"}],"version-history":[{"count":15,"href":"https:\/\/melbordat.fr\/index.php\/wp-json\/wp\/v2\/pages\/398\/revisions"}],"predecessor-version":[{"id":1049,"href":"https:\/\/melbordat.fr\/index.php\/wp-json\/wp\/v2\/pages\/398\/revisions\/1049"}],"up":[{"embeddable":true,"href":"https:\/\/melbordat.fr\/index.php\/wp-json\/wp\/v2\/pages\/259"}],"wp:attachment":[{"href":"https:\/\/melbordat.fr\/index.php\/wp-json\/wp\/v2\/media?parent=398"}],"curies":[{"name":"wp","href":"https:\/\/api.w.org\/{rel}","templated":true}]}}