{"id":27,"date":"2020-01-05T23:56:12","date_gmt":"2020-01-05T22:56:12","guid":{"rendered":"http:\/\/melbordat.fr\/?page_id=27"},"modified":"2021-02-26T11:47:18","modified_gmt":"2021-02-26T10:47:18","slug":"photographies","status":"publish","type":"page","link":"https:\/\/melbordat.fr\/index.php\/photographies\/","title":{"rendered":"PHOTOGRAPHIES"},"content":{"rendered":"\t\t<div data-elementor-type=\"wp-page\" data-elementor-id=\"27\" class=\"elementor elementor-27\" data-elementor-settings=\"[]\">\n\t\t\t\t\t\t<div class=\"elementor-inner\">\n\t\t\t\t\t\t\t<div class=\"elementor-section-wrap\">\n\t\t\t\t\t\t\t<section class=\"elementor-section elementor-top-section elementor-element elementor-element-5165618 elementor-section-boxed elementor-section-height-default elementor-section-height-default\" data-id=\"5165618\" data-element_type=\"section\">\n\t\t\t\t\t\t<div class=\"elementor-container elementor-column-gap-default\">\n\t\t\t\t\t\t\t<div class=\"elementor-row\">\n\t\t\t\t\t<div class=\"elementor-column elementor-col-100 elementor-top-column elementor-element elementor-element-3473a0f\" data-id=\"3473a0f\" data-element_type=\"column\">\n\t\t\t<div class=\"elementor-column-wrap elementor-element-populated\">\n\t\t\t\t\t\t\t<div class=\"elementor-widget-wrap\">\n\t\t\t\t\t\t<div class=\"elementor-element elementor-element-5627006 elementor-widget elementor-widget-text-editor\" data-id=\"5627006\" data-element_type=\"widget\" data-widget_type=\"text-editor.default\">\n\t\t\t\t<div class=\"elementor-widget-container\">\n\t\t\t\t\t\t\t\t<div class=\"elementor-text-editor elementor-clearfix\">\n\t\t\t\t\t<p><span lang=\"en\">Voici quelques photos que j&rsquo;ai r\u00e9alis\u00e9es.<br style=\"font-size: 18px;\" \/>J&rsquo;aime principalement travailler sur l&rsquo;humain, que ce soit sur le corps ou le portrait, je cherche \u00e0 donner des effets diff\u00e9rents pour r\u00e9v\u00e9ler des personnalit\u00e9s ou \u00e9tats d&rsquo;\u00e2mes.\u00a0<br \/><\/span><\/p><p><em><span lang=\"en\">Here are some photos I took. I mainly like to work on the human, whether it is on the body or the portrait, I try to give different effects to reveal personalities or states of mind.<\/span><\/em><\/p>\t\t\t\t\t<\/div>\n\t\t\t\t\t\t<\/div>\n\t\t\t\t<\/div>\n\t\t\t\t\t\t<\/div>\n\t\t\t\t\t<\/div>\n\t\t<\/div>\n\t\t\t\t\t\t\t\t<\/div>\n\t\t\t\t\t<\/div>\n\t\t<\/section>\n\t\t\t\t<section class=\"elementor-section elementor-top-section elementor-element elementor-element-95daa51 elementor-section-stretched elementor-section-boxed elementor-section-height-default elementor-section-height-default\" data-id=\"95daa51\" data-element_type=\"section\" data-settings=\"{&quot;stretch_section&quot;:&quot;section-stretched&quot;}\">\n\t\t\t\t\t\t<div class=\"elementor-container elementor-column-gap-default\">\n\t\t\t\t\t\t\t<div class=\"elementor-row\">\n\t\t\t\t\t<div class=\"elementor-column elementor-col-25 elementor-top-column elementor-element elementor-element-4578553\" data-id=\"4578553\" data-element_type=\"column\">\n\t\t\t<div class=\"elementor-column-wrap elementor-element-populated\">\n\t\t\t\t\t\t\t<div class=\"elementor-widget-wrap\">\n\t\t\t\t\t\t<div class=\"elementor-element elementor-element-2e44089 elementor-widget elementor-widget-image\" data-id=\"2e44089\" data-element_type=\"widget\" data-widget_type=\"image.default\">\n\t\t\t\t<div class=\"elementor-widget-container\">\n\t\t\t\t\t\t\t\t<div class=\"elementor-image\">\n\t\t\t\t\t\t\t\t\t<figure class=\"wp-caption\">\n\t\t\t\t\t\t\t\t\t\t\t<a href=\"http:\/\/melbordat.fr\/index.php\/photographies\/body-painting\/\">\n\t\t\t\t\t\t\t<img width=\"920\" height=\"920\" src=\"https:\/\/melbordat.fr\/wp-content\/uploads\/2021\/02\/body-1024x1024.jpg\" class=\"elementor-animation-grow attachment-large size-large\" alt=\"\" loading=\"lazy\" srcset=\"https:\/\/melbordat.fr\/wp-content\/uploads\/2021\/02\/body-1024x1024.jpg 1024w, https:\/\/melbordat.fr\/wp-content\/uploads\/2021\/02\/body-300x300.jpg 300w, https:\/\/melbordat.fr\/wp-content\/uploads\/2021\/02\/body-150x150.jpg 150w, https:\/\/melbordat.fr\/wp-content\/uploads\/2021\/02\/body-768x768.jpg 768w, https:\/\/melbordat.fr\/wp-content\/uploads\/2021\/02\/body-640x640.jpg 640w, https:\/\/melbordat.fr\/wp-content\/uploads\/2021\/02\/body-50x50.jpg 50w, https:\/\/melbordat.fr\/wp-content\/uploads\/2021\/02\/body.jpg 1080w\" sizes=\"(max-width: 920px) 100vw, 920px\" \/>\t\t\t\t\t\t\t\t<\/a>\n\t\t\t\t\t\t\t\t\t\t\t<figcaption class=\"widget-image-caption wp-caption-text\">BODY PAINTING<\/figcaption>\n\t\t\t\t\t\t\t\t\t\t<\/figure>\n\t\t\t\t\t\t\t\t<\/div>\n\t\t\t\t\t\t<\/div>\n\t\t\t\t<\/div>\n\t\t\t\t<div class=\"elementor-element elementor-element-df1b390 elementor-widget elementor-widget-image\" data-id=\"df1b390\" data-element_type=\"widget\" data-widget_type=\"image.default\">\n\t\t\t\t<div class=\"elementor-widget-container\">\n\t\t\t\t\t\t\t\t<div class=\"elementor-image\">\n\t\t\t\t\t\t\t\t\t<figure class=\"wp-caption\">\n\t\t\t\t\t\t\t\t\t\t\t<a href=\"http:\/\/melbordat.fr\/index.php\/self-portrait\/?preview_id=1037&#038;preview_nonce=4d34100256&#038;preview=true\">\n\t\t\t\t\t\t\t<img width=\"920\" height=\"920\" src=\"https:\/\/melbordat.fr\/wp-content\/uploads\/2021\/02\/autoportrait-1024x1024.jpg\" class=\"elementor-animation-grow attachment-large size-large\" alt=\"\" loading=\"lazy\" srcset=\"https:\/\/melbordat.fr\/wp-content\/uploads\/2021\/02\/autoportrait-1024x1024.jpg 1024w, https:\/\/melbordat.fr\/wp-content\/uploads\/2021\/02\/autoportrait-300x300.jpg 300w, https:\/\/melbordat.fr\/wp-content\/uploads\/2021\/02\/autoportrait-150x150.jpg 150w, https:\/\/melbordat.fr\/wp-content\/uploads\/2021\/02\/autoportrait-768x768.jpg 768w, https:\/\/melbordat.fr\/wp-content\/uploads\/2021\/02\/autoportrait-640x640.jpg 640w, https:\/\/melbordat.fr\/wp-content\/uploads\/2021\/02\/autoportrait-50x50.jpg 50w, https:\/\/melbordat.fr\/wp-content\/uploads\/2021\/02\/autoportrait.jpg 1080w\" sizes=\"(max-width: 920px) 100vw, 920px\" \/>\t\t\t\t\t\t\t\t<\/a>\n\t\t\t\t\t\t\t\t\t\t\t<figcaption class=\"widget-image-caption wp-caption-text\">AUTOPORTRAIT<\/figcaption>\n\t\t\t\t\t\t\t\t\t\t<\/figure>\n\t\t\t\t\t\t\t\t<\/div>\n\t\t\t\t\t\t<\/div>\n\t\t\t\t<\/div>\n\t\t\t\t\t\t<\/div>\n\t\t\t\t\t<\/div>\n\t\t<\/div>\n\t\t\t\t<div class=\"elementor-column elementor-col-25 elementor-top-column elementor-element elementor-element-162ea18\" data-id=\"162ea18\" data-element_type=\"column\">\n\t\t\t<div class=\"elementor-column-wrap elementor-element-populated\">\n\t\t\t\t\t\t\t<div class=\"elementor-widget-wrap\">\n\t\t\t\t\t\t<div class=\"elementor-element elementor-element-7fa94d9 elementor-widget elementor-widget-image\" data-id=\"7fa94d9\" data-element_type=\"widget\" data-widget_type=\"image.default\">\n\t\t\t\t<div class=\"elementor-widget-container\">\n\t\t\t\t\t\t\t\t<div class=\"elementor-image\">\n\t\t\t\t\t\t\t\t\t<figure class=\"wp-caption\">\n\t\t\t\t\t\t\t\t\t\t\t<a href=\"http:\/\/melbordat.fr\/index.php\/photographies\/posture-insolite\/\">\n\t\t\t\t\t\t\t<img width=\"920\" height=\"920\" src=\"https:\/\/melbordat.fr\/wp-content\/uploads\/2021\/02\/corps-1024x1024.jpg\" class=\"elementor-animation-grow attachment-large size-large\" alt=\"\" loading=\"lazy\" srcset=\"https:\/\/melbordat.fr\/wp-content\/uploads\/2021\/02\/corps-1024x1024.jpg 1024w, https:\/\/melbordat.fr\/wp-content\/uploads\/2021\/02\/corps-300x300.jpg 300w, https:\/\/melbordat.fr\/wp-content\/uploads\/2021\/02\/corps-150x150.jpg 150w, https:\/\/melbordat.fr\/wp-content\/uploads\/2021\/02\/corps-768x768.jpg 768w, https:\/\/melbordat.fr\/wp-content\/uploads\/2021\/02\/corps-640x640.jpg 640w, https:\/\/melbordat.fr\/wp-content\/uploads\/2021\/02\/corps-50x50.jpg 50w, https:\/\/melbordat.fr\/wp-content\/uploads\/2021\/02\/corps.jpg 1080w\" sizes=\"(max-width: 920px) 100vw, 920px\" \/>\t\t\t\t\t\t\t\t<\/a>\n\t\t\t\t\t\t\t\t\t\t\t<figcaption class=\"widget-image-caption wp-caption-text\">CAUCHEMARS<\/figcaption>\n\t\t\t\t\t\t\t\t\t\t<\/figure>\n\t\t\t\t\t\t\t\t<\/div>\n\t\t\t\t\t\t<\/div>\n\t\t\t\t<\/div>\n\t\t\t\t<div class=\"elementor-element elementor-element-766ac57 elementor-widget elementor-widget-image\" data-id=\"766ac57\" data-element_type=\"widget\" data-widget_type=\"image.default\">\n\t\t\t\t<div class=\"elementor-widget-container\">\n\t\t\t\t\t\t\t\t<div class=\"elementor-image\">\n\t\t\t\t\t\t\t\t\t<figure class=\"wp-caption\">\n\t\t\t\t\t\t\t\t\t\t\t<a href=\"http:\/\/melbordat.fr\/index.php\/light-painting\/\">\n\t\t\t\t\t\t\t<img width=\"920\" height=\"920\" src=\"https:\/\/melbordat.fr\/wp-content\/uploads\/2021\/02\/light-1024x1024.jpg\" class=\"elementor-animation-grow attachment-large size-large\" alt=\"\" loading=\"lazy\" srcset=\"https:\/\/melbordat.fr\/wp-content\/uploads\/2021\/02\/light-1024x1024.jpg 1024w, https:\/\/melbordat.fr\/wp-content\/uploads\/2021\/02\/light-300x300.jpg 300w, https:\/\/melbordat.fr\/wp-content\/uploads\/2021\/02\/light-150x150.jpg 150w, https:\/\/melbordat.fr\/wp-content\/uploads\/2021\/02\/light-768x768.jpg 768w, https:\/\/melbordat.fr\/wp-content\/uploads\/2021\/02\/light-640x640.jpg 640w, https:\/\/melbordat.fr\/wp-content\/uploads\/2021\/02\/light-50x50.jpg 50w, https:\/\/melbordat.fr\/wp-content\/uploads\/2021\/02\/light.jpg 1080w\" sizes=\"(max-width: 920px) 100vw, 920px\" \/>\t\t\t\t\t\t\t\t<\/a>\n\t\t\t\t\t\t\t\t\t\t\t<figcaption class=\"widget-image-caption wp-caption-text\">LIGHT PAINTING<\/figcaption>\n\t\t\t\t\t\t\t\t\t\t<\/figure>\n\t\t\t\t\t\t\t\t<\/div>\n\t\t\t\t\t\t<\/div>\n\t\t\t\t<\/div>\n\t\t\t\t\t\t<\/div>\n\t\t\t\t\t<\/div>\n\t\t<\/div>\n\t\t\t\t<div class=\"elementor-column elementor-col-25 elementor-top-column elementor-element elementor-element-95ccbf8\" data-id=\"95ccbf8\" data-element_type=\"column\">\n\t\t\t<div class=\"elementor-column-wrap elementor-element-populated\">\n\t\t\t\t\t\t\t<div class=\"elementor-widget-wrap\">\n\t\t\t\t\t\t<div class=\"elementor-element elementor-element-689b381 elementor-widget elementor-widget-image\" data-id=\"689b381\" data-element_type=\"widget\" data-widget_type=\"image.default\">\n\t\t\t\t<div class=\"elementor-widget-container\">\n\t\t\t\t\t\t\t\t<div class=\"elementor-image\">\n\t\t\t\t\t\t\t\t\t<figure class=\"wp-caption\">\n\t\t\t\t\t\t\t\t\t\t\t<a href=\"http:\/\/melbordat.fr\/index.php\/photographies\/emma\/\">\n\t\t\t\t\t\t\t<img width=\"920\" height=\"920\" src=\"https:\/\/melbordat.fr\/wp-content\/uploads\/2021\/02\/emma-1024x1024.jpg\" class=\"elementor-animation-grow attachment-large size-large\" alt=\"\" loading=\"lazy\" srcset=\"https:\/\/melbordat.fr\/wp-content\/uploads\/2021\/02\/emma-1024x1024.jpg 1024w, https:\/\/melbordat.fr\/wp-content\/uploads\/2021\/02\/emma-300x300.jpg 300w, https:\/\/melbordat.fr\/wp-content\/uploads\/2021\/02\/emma-150x150.jpg 150w, https:\/\/melbordat.fr\/wp-content\/uploads\/2021\/02\/emma-768x768.jpg 768w, https:\/\/melbordat.fr\/wp-content\/uploads\/2021\/02\/emma-640x640.jpg 640w, https:\/\/melbordat.fr\/wp-content\/uploads\/2021\/02\/emma-50x50.jpg 50w, https:\/\/melbordat.fr\/wp-content\/uploads\/2021\/02\/emma.jpg 1080w\" sizes=\"(max-width: 920px) 100vw, 920px\" \/>\t\t\t\t\t\t\t\t<\/a>\n\t\t\t\t\t\t\t\t\t\t\t<figcaption class=\"widget-image-caption wp-caption-text\">EMMA<\/figcaption>\n\t\t\t\t\t\t\t\t\t\t<\/figure>\n\t\t\t\t\t\t\t\t<\/div>\n\t\t\t\t\t\t<\/div>\n\t\t\t\t<\/div>\n\t\t\t\t<div class=\"elementor-element elementor-element-38103aa elementor-widget elementor-widget-image\" data-id=\"38103aa\" data-element_type=\"widget\" data-widget_type=\"image.default\">\n\t\t\t\t<div class=\"elementor-widget-container\">\n\t\t\t\t\t\t\t\t<div class=\"elementor-image\">\n\t\t\t\t\t\t\t\t\t<figure class=\"wp-caption\">\n\t\t\t\t\t\t\t\t\t\t\t<a href=\"http:\/\/melbordat.fr\/index.php\/photographies\/lucie\/\">\n\t\t\t\t\t\t\t<img width=\"920\" height=\"920\" src=\"https:\/\/melbordat.fr\/wp-content\/uploads\/2021\/02\/lulu-1024x1024.jpg\" class=\"elementor-animation-grow attachment-large size-large\" alt=\"\" loading=\"lazy\" srcset=\"https:\/\/melbordat.fr\/wp-content\/uploads\/2021\/02\/lulu-1024x1024.jpg 1024w, https:\/\/melbordat.fr\/wp-content\/uploads\/2021\/02\/lulu-300x300.jpg 300w, https:\/\/melbordat.fr\/wp-content\/uploads\/2021\/02\/lulu-150x150.jpg 150w, https:\/\/melbordat.fr\/wp-content\/uploads\/2021\/02\/lulu-768x768.jpg 768w, https:\/\/melbordat.fr\/wp-content\/uploads\/2021\/02\/lulu-640x640.jpg 640w, https:\/\/melbordat.fr\/wp-content\/uploads\/2021\/02\/lulu-50x50.jpg 50w, https:\/\/melbordat.fr\/wp-content\/uploads\/2021\/02\/lulu.jpg 1080w\" sizes=\"(max-width: 920px) 100vw, 920px\" \/>\t\t\t\t\t\t\t\t<\/a>\n\t\t\t\t\t\t\t\t\t\t\t<figcaption class=\"widget-image-caption wp-caption-text\">LUCIE<\/figcaption>\n\t\t\t\t\t\t\t\t\t\t<\/figure>\n\t\t\t\t\t\t\t\t<\/div>\n\t\t\t\t\t\t<\/div>\n\t\t\t\t<\/div>\n\t\t\t\t\t\t<\/div>\n\t\t\t\t\t<\/div>\n\t\t<\/div>\n\t\t\t\t<div class=\"elementor-column elementor-col-25 elementor-top-column elementor-element elementor-element-a190e64\" data-id=\"a190e64\" data-element_type=\"column\">\n\t\t\t<div class=\"elementor-column-wrap elementor-element-populated\">\n\t\t\t\t\t\t\t<div class=\"elementor-widget-wrap\">\n\t\t\t\t\t\t<div class=\"elementor-element elementor-element-76b4b0b elementor-widget elementor-widget-image\" data-id=\"76b4b0b\" data-element_type=\"widget\" data-widget_type=\"image.default\">\n\t\t\t\t<div class=\"elementor-widget-container\">\n\t\t\t\t\t\t\t\t<div class=\"elementor-image\">\n\t\t\t\t\t\t\t\t\t<figure class=\"wp-caption\">\n\t\t\t\t\t\t\t\t\t\t\t<a href=\"http:\/\/melbordat.fr\/index.php\/psychotropics\/?preview_id=1033&#038;preview_nonce=315d981c44&#038;preview=true\">\n\t\t\t\t\t\t\t<img width=\"920\" height=\"920\" src=\"https:\/\/melbordat.fr\/wp-content\/uploads\/2021\/02\/lola-1024x1024.jpg\" class=\"elementor-animation-grow attachment-large size-large\" alt=\"\" loading=\"lazy\" srcset=\"https:\/\/melbordat.fr\/wp-content\/uploads\/2021\/02\/lola-1024x1024.jpg 1024w, https:\/\/melbordat.fr\/wp-content\/uploads\/2021\/02\/lola-300x300.jpg 300w, https:\/\/melbordat.fr\/wp-content\/uploads\/2021\/02\/lola-150x150.jpg 150w, https:\/\/melbordat.fr\/wp-content\/uploads\/2021\/02\/lola-768x768.jpg 768w, https:\/\/melbordat.fr\/wp-content\/uploads\/2021\/02\/lola-640x640.jpg 640w, https:\/\/melbordat.fr\/wp-content\/uploads\/2021\/02\/lola-50x50.jpg 50w, https:\/\/melbordat.fr\/wp-content\/uploads\/2021\/02\/lola.jpg 1080w\" sizes=\"(max-width: 920px) 100vw, 920px\" \/>\t\t\t\t\t\t\t\t<\/a>\n\t\t\t\t\t\t\t\t\t\t\t<figcaption class=\"widget-image-caption wp-caption-text\">PSYCHOTROPES<\/figcaption>\n\t\t\t\t\t\t\t\t\t\t<\/figure>\n\t\t\t\t\t\t\t\t<\/div>\n\t\t\t\t\t\t<\/div>\n\t\t\t\t<\/div>\n\t\t\t\t<div class=\"elementor-element elementor-element-a8eb54b elementor-widget elementor-widget-image\" data-id=\"a8eb54b\" data-element_type=\"widget\" data-widget_type=\"image.default\">\n\t\t\t\t<div class=\"elementor-widget-container\">\n\t\t\t\t\t\t\t\t<div class=\"elementor-image\">\n\t\t\t\t\t\t\t\t\t<figure class=\"wp-caption\">\n\t\t\t\t\t\t\t\t\t\t\t<a href=\"http:\/\/melbordat.fr\/index.php\/photographies\/my-feelings\/\">\n\t\t\t\t\t\t\t<img width=\"920\" height=\"920\" src=\"https:\/\/melbordat.fr\/wp-content\/uploads\/2021\/02\/makeup-1024x1024.jpg\" class=\"elementor-animation-grow attachment-large size-large\" alt=\"\" loading=\"lazy\" srcset=\"https:\/\/melbordat.fr\/wp-content\/uploads\/2021\/02\/makeup-1024x1024.jpg 1024w, https:\/\/melbordat.fr\/wp-content\/uploads\/2021\/02\/makeup-300x300.jpg 300w, https:\/\/melbordat.fr\/wp-content\/uploads\/2021\/02\/makeup-150x150.jpg 150w, https:\/\/melbordat.fr\/wp-content\/uploads\/2021\/02\/makeup-768x768.jpg 768w, https:\/\/melbordat.fr\/wp-content\/uploads\/2021\/02\/makeup-640x640.jpg 640w, https:\/\/melbordat.fr\/wp-content\/uploads\/2021\/02\/makeup-50x50.jpg 50w, https:\/\/melbordat.fr\/wp-content\/uploads\/2021\/02\/makeup.jpg 1080w\" sizes=\"(max-width: 920px) 100vw, 920px\" \/>\t\t\t\t\t\t\t\t<\/a>\n\t\t\t\t\t\t\t\t\t\t\t<figcaption class=\"widget-image-caption wp-caption-text\">SENTIMENTS<\/figcaption>\n\t\t\t\t\t\t\t\t\t\t<\/figure>\n\t\t\t\t\t\t\t\t<\/div>\n\t\t\t\t\t\t<\/div>\n\t\t\t\t<\/div>\n\t\t\t\t\t\t<\/div>\n\t\t\t\t\t<\/div>\n\t\t<\/div>\n\t\t\t\t\t\t\t\t<\/div>\n\t\t\t\t\t<\/div>\n\t\t<\/section>\n\t\t\t\t\t\t<\/div>\n\t\t\t\t\t\t<\/div>\n\t\t\t\t\t<\/div>\n\t\t","protected":false},"excerpt":{"rendered":"<p>Voici quelques photos que j&rsquo;ai r\u00e9alis\u00e9es.J&rsquo;aime principalement travailler sur l&rsquo;humain, que ce soit sur le corps ou le portrait, je cherche \u00e0 donner des effets diff\u00e9rents pour r\u00e9v\u00e9ler des personnalit\u00e9s ou \u00e9tats d&rsquo;\u00e2mes.\u00a0 Here are some photos I took. I mainly like to work on the human, whether it is on the body or the<span class=\"more-button\"><a href=\"https:\/\/melbordat.fr\/index.php\/photographies\/\" class=\"more-link\">Continue reading<span class=\"screen-reader-text\">PHOTOGRAPHIES<\/span><\/a><\/span><\/p>\n","protected":false},"author":1,"featured_media":0,"parent":0,"menu_order":0,"comment_status":"closed","ping_status":"closed","template":"","meta":[],"_links":{"self":[{"href":"https:\/\/melbordat.fr\/index.php\/wp-json\/wp\/v2\/pages\/27"}],"collection":[{"href":"https:\/\/melbordat.fr\/index.php\/wp-json\/wp\/v2\/pages"}],"about":[{"href":"https:\/\/melbordat.fr\/index.php\/wp-json\/wp\/v2\/types\/page"}],"author":[{"embeddable":true,"href":"https:\/\/melbordat.fr\/index.php\/wp-json\/wp\/v2\/users\/1"}],"replies":[{"embeddable":true,"href":"https:\/\/melbordat.fr\/index.php\/wp-json\/wp\/v2\/comments?post=27"}],"version-history":[{"count":29,"href":"https:\/\/melbordat.fr\/index.php\/wp-json\/wp\/v2\/pages\/27\/revisions"}],"predecessor-version":[{"id":1082,"href":"https:\/\/melbordat.fr\/index.php\/wp-json\/wp\/v2\/pages\/27\/revisions\/1082"}],"wp:attachment":[{"href":"https:\/\/melbordat.fr\/index.php\/wp-json\/wp\/v2\/media?parent=27"}],"curies":[{"name":"wp","href":"https:\/\/api.w.org\/{rel}","templated":true}]}}