{"id":214,"date":"2020-01-07T16:22:03","date_gmt":"2020-01-07T15:22:03","guid":{"rendered":"http:\/\/melbordat.fr\/?page_id=214"},"modified":"2021-03-01T10:37:11","modified_gmt":"2021-03-01T09:37:11","slug":"recherches-typographiques","status":"publish","type":"page","link":"https:\/\/melbordat.fr\/index.php\/trames-graphiques\/recherches-typographiques\/","title":{"rendered":"RECHERCHES TYPOGRAPHIQUES"},"content":{"rendered":"\t\t<div data-elementor-type=\"wp-page\" data-elementor-id=\"214\" class=\"elementor elementor-214\" data-elementor-settings=\"[]\">\n\t\t\t\t\t\t<div class=\"elementor-inner\">\n\t\t\t\t\t\t\t<div class=\"elementor-section-wrap\">\n\t\t\t\t\t\t\t<section class=\"elementor-section elementor-top-section elementor-element elementor-element-35f4b01 elementor-section-stretched elementor-section-boxed elementor-section-height-default elementor-section-height-default\" data-id=\"35f4b01\" data-element_type=\"section\" data-settings=\"{&quot;stretch_section&quot;:&quot;section-stretched&quot;}\">\n\t\t\t\t\t\t<div class=\"elementor-container elementor-column-gap-default\">\n\t\t\t\t\t\t\t<div class=\"elementor-row\">\n\t\t\t\t\t<div class=\"elementor-column elementor-col-100 elementor-top-column elementor-element elementor-element-596cd92\" data-id=\"596cd92\" data-element_type=\"column\">\n\t\t\t<div class=\"elementor-column-wrap elementor-element-populated\">\n\t\t\t\t\t\t\t<div class=\"elementor-widget-wrap\">\n\t\t\t\t\t\t<div class=\"elementor-element elementor-element-a0dc1b9 elementor-widget elementor-widget-text-editor\" data-id=\"a0dc1b9\" data-element_type=\"widget\" data-widget_type=\"text-editor.default\">\n\t\t\t\t<div class=\"elementor-widget-container\">\n\t\t\t\t\t\t\t\t<div class=\"elementor-text-editor elementor-clearfix\">\n\t\t\t\t\t<p>R\u00e9alisation d&rsquo;un ab\u00e9c\u00e9daire lors d&rsquo;une balade dans la rue. Nous devions trouver des \u00e9l\u00e9ments alphab\u00e9tiques dans des objets quelconques.<\/p>\n<p><em><span lang=\"en\">Realization of an alphabet book during a walk in the street. We had to find alphabetic elements in some objects.<\/span><\/em><\/p>\t\t\t\t\t<\/div>\n\t\t\t\t\t\t<\/div>\n\t\t\t\t<\/div>\n\t\t\t\t\t\t<\/div>\n\t\t\t\t\t<\/div>\n\t\t<\/div>\n\t\t\t\t\t\t\t\t<\/div>\n\t\t\t\t\t<\/div>\n\t\t<\/section>\n\t\t\t\t<section class=\"elementor-section elementor-top-section elementor-element elementor-element-3190300 elementor-section-stretched elementor-section-boxed elementor-section-height-default elementor-section-height-default\" data-id=\"3190300\" data-element_type=\"section\" data-settings=\"{&quot;stretch_section&quot;:&quot;section-stretched&quot;}\">\n\t\t\t\t\t\t<div class=\"elementor-container elementor-column-gap-default\">\n\t\t\t\t\t\t\t<div class=\"elementor-row\">\n\t\t\t\t\t<div class=\"elementor-column elementor-col-100 elementor-top-column elementor-element elementor-element-69a30c1\" data-id=\"69a30c1\" data-element_type=\"column\">\n\t\t\t<div class=\"elementor-column-wrap elementor-element-populated\">\n\t\t\t\t\t\t\t<div class=\"elementor-widget-wrap\">\n\t\t\t\t\t\t<div class=\"elementor-element elementor-element-35658ed elementor-widget elementor-widget-image\" data-id=\"35658ed\" data-element_type=\"widget\" data-widget_type=\"image.default\">\n\t\t\t\t<div class=\"elementor-widget-container\">\n\t\t\t\t\t\t\t\t<div class=\"elementor-image\">\n\t\t\t\t\t\t\t\t\t\t\t\t<img width=\"2466\" height=\"1201\" src=\"https:\/\/melbordat.fr\/wp-content\/uploads\/2020\/01\/abe\u0301ce\u0301daire.jpg\" class=\"attachment-full size-full\" alt=\"\" loading=\"lazy\" srcset=\"https:\/\/melbordat.fr\/wp-content\/uploads\/2020\/01\/abe\u0301ce\u0301daire.jpg 2466w, https:\/\/melbordat.fr\/wp-content\/uploads\/2020\/01\/abe\u0301ce\u0301daire-300x146.jpg 300w, https:\/\/melbordat.fr\/wp-content\/uploads\/2020\/01\/abe\u0301ce\u0301daire-1024x499.jpg 1024w, https:\/\/melbordat.fr\/wp-content\/uploads\/2020\/01\/abe\u0301ce\u0301daire-768x374.jpg 768w, https:\/\/melbordat.fr\/wp-content\/uploads\/2020\/01\/abe\u0301ce\u0301daire-1536x748.jpg 1536w, https:\/\/melbordat.fr\/wp-content\/uploads\/2020\/01\/abe\u0301ce\u0301daire-2048x997.jpg 2048w, https:\/\/melbordat.fr\/wp-content\/uploads\/2020\/01\/abe\u0301ce\u0301daire-370x180.jpg 370w, https:\/\/melbordat.fr\/wp-content\/uploads\/2020\/01\/abe\u0301ce\u0301daire-1040x507.jpg 1040w\" sizes=\"(max-width: 2466px) 100vw, 2466px\" \/>\t\t\t\t\t\t\t\t\t\t\t\t\t\t<\/div>\n\t\t\t\t\t\t<\/div>\n\t\t\t\t<\/div>\n\t\t\t\t\t\t<\/div>\n\t\t\t\t\t<\/div>\n\t\t<\/div>\n\t\t\t\t\t\t\t\t<\/div>\n\t\t\t\t\t<\/div>\n\t\t<\/section>\n\t\t\t\t<section class=\"elementor-section elementor-top-section elementor-element elementor-element-1c14d07 elementor-section-stretched elementor-section-boxed elementor-section-height-default elementor-section-height-default\" data-id=\"1c14d07\" data-element_type=\"section\" data-settings=\"{&quot;stretch_section&quot;:&quot;section-stretched&quot;}\">\n\t\t\t\t\t\t<div class=\"elementor-container elementor-column-gap-default\">\n\t\t\t\t\t\t\t<div class=\"elementor-row\">\n\t\t\t\t\t<div class=\"elementor-column elementor-col-100 elementor-top-column elementor-element elementor-element-4f3556b\" data-id=\"4f3556b\" data-element_type=\"column\">\n\t\t\t<div class=\"elementor-column-wrap elementor-element-populated\">\n\t\t\t\t\t\t\t<div class=\"elementor-widget-wrap\">\n\t\t\t\t\t\t<div class=\"elementor-element elementor-element-8c7cd1e elementor-widget elementor-widget-text-editor\" data-id=\"8c7cd1e\" data-element_type=\"widget\" data-widget_type=\"text-editor.default\">\n\t\t\t\t<div class=\"elementor-widget-container\">\n\t\t\t\t\t\t\t\t<div class=\"elementor-text-editor elementor-clearfix\">\n\t\t\t\t\t<p>Cr\u00e9ation d&rsquo;une typographie en partant d&rsquo;une typo existante. Ici la typographie originale est la Hoblo. J&rsquo;ai d\u00e9coup\u00e9 des \u00e9l\u00e9ments dans les lettres pour faire des effets de bulles, puis j&rsquo;ai r\u00e9imprim\u00e9 les lettres en bougeant les feuilles pour donner des mouvements ondulatoires.<br \/>La nouvelle typographies s&rsquo;intitule Aqua Hoblo et rappelle le reflet dans de l&rsquo;eau.<\/p><p id=\"tw-target-text\" class=\"tw-data-text tw-text-large XcVN5d tw-ta\" dir=\"ltr\" data-placeholder=\"Traduction\"><em><span lang=\"en\">Creation of a typography starting from an existing typo. Here the original typography is the Hoblo. I cut out elements in the letters to create bubble effects, then I reprinted the letters by moving the sheets to give wave movements. The new typography is called Aqua Hoblo and recalls the reflection in water.<\/span><\/em><\/p><p>\u00a0<\/p>\t\t\t\t\t<\/div>\n\t\t\t\t\t\t<\/div>\n\t\t\t\t<\/div>\n\t\t\t\t\t\t<\/div>\n\t\t\t\t\t<\/div>\n\t\t<\/div>\n\t\t\t\t\t\t\t\t<\/div>\n\t\t\t\t\t<\/div>\n\t\t<\/section>\n\t\t\t\t<section class=\"elementor-section elementor-top-section elementor-element elementor-element-8c5c2aa elementor-section-stretched elementor-section-boxed elementor-section-height-default elementor-section-height-default\" data-id=\"8c5c2aa\" data-element_type=\"section\" data-settings=\"{&quot;stretch_section&quot;:&quot;section-stretched&quot;}\">\n\t\t\t\t\t\t<div class=\"elementor-container elementor-column-gap-default\">\n\t\t\t\t\t\t\t<div class=\"elementor-row\">\n\t\t\t\t\t<div class=\"elementor-column elementor-col-50 elementor-top-column elementor-element elementor-element-15d6124\" data-id=\"15d6124\" data-element_type=\"column\">\n\t\t\t<div class=\"elementor-column-wrap elementor-element-populated\">\n\t\t\t\t\t\t\t<div class=\"elementor-widget-wrap\">\n\t\t\t\t\t\t<div class=\"elementor-element elementor-element-49419ea elementor-widget elementor-widget-image\" data-id=\"49419ea\" data-element_type=\"widget\" data-widget_type=\"image.default\">\n\t\t\t\t<div class=\"elementor-widget-container\">\n\t\t\t\t\t\t\t\t<div class=\"elementor-image\">\n\t\t\t\t\t\t\t\t\t\t\t\t<img width=\"2275\" height=\"2500\" src=\"https:\/\/melbordat.fr\/wp-content\/uploads\/2020\/01\/Aquahoblo_BORDAT-vectorise\u0301-1.jpg\" class=\"attachment-full size-full\" alt=\"\" loading=\"lazy\" srcset=\"https:\/\/melbordat.fr\/wp-content\/uploads\/2020\/01\/Aquahoblo_BORDAT-vectorise\u0301-1.jpg 2275w, https:\/\/melbordat.fr\/wp-content\/uploads\/2020\/01\/Aquahoblo_BORDAT-vectorise\u0301-1-273x300.jpg 273w, https:\/\/melbordat.fr\/wp-content\/uploads\/2020\/01\/Aquahoblo_BORDAT-vectorise\u0301-1-932x1024.jpg 932w, https:\/\/melbordat.fr\/wp-content\/uploads\/2020\/01\/Aquahoblo_BORDAT-vectorise\u0301-1-768x844.jpg 768w, https:\/\/melbordat.fr\/wp-content\/uploads\/2020\/01\/Aquahoblo_BORDAT-vectorise\u0301-1-1398x1536.jpg 1398w, https:\/\/melbordat.fr\/wp-content\/uploads\/2020\/01\/Aquahoblo_BORDAT-vectorise\u0301-1-1864x2048.jpg 1864w, https:\/\/melbordat.fr\/wp-content\/uploads\/2020\/01\/Aquahoblo_BORDAT-vectorise\u0301-1-370x407.jpg 370w, https:\/\/melbordat.fr\/wp-content\/uploads\/2020\/01\/Aquahoblo_BORDAT-vectorise\u0301-1-1040x1143.jpg 1040w\" sizes=\"(max-width: 2275px) 100vw, 2275px\" \/>\t\t\t\t\t\t\t\t\t\t\t\t\t\t<\/div>\n\t\t\t\t\t\t<\/div>\n\t\t\t\t<\/div>\n\t\t\t\t\t\t<\/div>\n\t\t\t\t\t<\/div>\n\t\t<\/div>\n\t\t\t\t<div class=\"elementor-column elementor-col-50 elementor-top-column elementor-element elementor-element-0de5b52\" data-id=\"0de5b52\" data-element_type=\"column\">\n\t\t\t<div class=\"elementor-column-wrap elementor-element-populated\">\n\t\t\t\t\t\t\t<div class=\"elementor-widget-wrap\">\n\t\t\t\t\t\t<div class=\"elementor-element elementor-element-0c6f9c9 elementor-widget elementor-widget-image\" data-id=\"0c6f9c9\" data-element_type=\"widget\" data-widget_type=\"image.default\">\n\t\t\t\t<div class=\"elementor-widget-container\">\n\t\t\t\t\t\t\t\t<div class=\"elementor-image\">\n\t\t\t\t\t\t\t\t\t\t\t\t<img width=\"920\" height=\"1011\" src=\"https:\/\/melbordat.fr\/wp-content\/uploads\/2020\/01\/Aquahoblo_BORDAT-vectorise\u0301-2-932x1024.jpg\" class=\"attachment-large size-large\" alt=\"\" loading=\"lazy\" srcset=\"https:\/\/melbordat.fr\/wp-content\/uploads\/2020\/01\/Aquahoblo_BORDAT-vectorise\u0301-2-932x1024.jpg 932w, https:\/\/melbordat.fr\/wp-content\/uploads\/2020\/01\/Aquahoblo_BORDAT-vectorise\u0301-2-273x300.jpg 273w, https:\/\/melbordat.fr\/wp-content\/uploads\/2020\/01\/Aquahoblo_BORDAT-vectorise\u0301-2-768x844.jpg 768w, https:\/\/melbordat.fr\/wp-content\/uploads\/2020\/01\/Aquahoblo_BORDAT-vectorise\u0301-2-1398x1536.jpg 1398w, https:\/\/melbordat.fr\/wp-content\/uploads\/2020\/01\/Aquahoblo_BORDAT-vectorise\u0301-2-1864x2048.jpg 1864w, https:\/\/melbordat.fr\/wp-content\/uploads\/2020\/01\/Aquahoblo_BORDAT-vectorise\u0301-2-370x407.jpg 370w, https:\/\/melbordat.fr\/wp-content\/uploads\/2020\/01\/Aquahoblo_BORDAT-vectorise\u0301-2-1040x1143.jpg 1040w\" sizes=\"(max-width: 920px) 100vw, 920px\" \/>\t\t\t\t\t\t\t\t\t\t\t\t\t\t<\/div>\n\t\t\t\t\t\t<\/div>\n\t\t\t\t<\/div>\n\t\t\t\t\t\t<\/div>\n\t\t\t\t\t<\/div>\n\t\t<\/div>\n\t\t\t\t\t\t\t\t<\/div>\n\t\t\t\t\t<\/div>\n\t\t<\/section>\n\t\t\t\t<section class=\"elementor-section elementor-top-section elementor-element elementor-element-12e6248 elementor-section-stretched elementor-section-boxed elementor-section-height-default elementor-section-height-default\" data-id=\"12e6248\" data-element_type=\"section\" data-settings=\"{&quot;stretch_section&quot;:&quot;section-stretched&quot;}\">\n\t\t\t\t\t\t<div class=\"elementor-container elementor-column-gap-default\">\n\t\t\t\t\t\t\t<div class=\"elementor-row\">\n\t\t\t\t\t<div class=\"elementor-column elementor-col-100 elementor-top-column elementor-element elementor-element-ab6dc0d\" data-id=\"ab6dc0d\" data-element_type=\"column\">\n\t\t\t<div class=\"elementor-column-wrap elementor-element-populated\">\n\t\t\t\t\t\t\t<div class=\"elementor-widget-wrap\">\n\t\t\t\t\t\t<div class=\"elementor-element elementor-element-789edd8 elementor-widget elementor-widget-text-editor\" data-id=\"789edd8\" data-element_type=\"widget\" data-widget_type=\"text-editor.default\">\n\t\t\t\t<div class=\"elementor-widget-container\">\n\t\t\t\t\t\t\t\t<div class=\"elementor-text-editor elementor-clearfix\">\n\t\t\t\t\t<p id=\"tw-target-text\" class=\"tw-data-text tw-text-large XcVN5d tw-ta\" dir=\"ltr\" data-placeholder=\"Traduction\"><span lang=\"en\">Travail sur le reflet et la forme d&rsquo;un texte sur des \u00e9l\u00e9ments r\u00e9fl\u00e9chissants.<\/span><\/p><p><em>Work on the reflection and shape of a text on reflective elements.<\/em><\/p>\t\t\t\t\t<\/div>\n\t\t\t\t\t\t<\/div>\n\t\t\t\t<\/div>\n\t\t\t\t\t\t<\/div>\n\t\t\t\t\t<\/div>\n\t\t<\/div>\n\t\t\t\t\t\t\t\t<\/div>\n\t\t\t\t\t<\/div>\n\t\t<\/section>\n\t\t\t\t<section class=\"elementor-section elementor-top-section elementor-element elementor-element-c347375 elementor-section-stretched elementor-section-boxed elementor-section-height-default elementor-section-height-default\" data-id=\"c347375\" data-element_type=\"section\" data-settings=\"{&quot;stretch_section&quot;:&quot;section-stretched&quot;}\">\n\t\t\t\t\t\t<div class=\"elementor-container elementor-column-gap-default\">\n\t\t\t\t\t\t\t<div class=\"elementor-row\">\n\t\t\t\t\t<div class=\"elementor-column elementor-col-33 elementor-top-column elementor-element elementor-element-c30d4be\" data-id=\"c30d4be\" data-element_type=\"column\">\n\t\t\t<div class=\"elementor-column-wrap elementor-element-populated\">\n\t\t\t\t\t\t\t<div class=\"elementor-widget-wrap\">\n\t\t\t\t\t\t<div class=\"elementor-element elementor-element-376d6f9 elementor-widget elementor-widget-image\" data-id=\"376d6f9\" data-element_type=\"widget\" data-widget_type=\"image.default\">\n\t\t\t\t<div class=\"elementor-widget-container\">\n\t\t\t\t\t\t\t\t<div class=\"elementor-image\">\n\t\t\t\t\t\t\t\t\t\t\t\t<img width=\"2560\" height=\"1920\" src=\"https:\/\/melbordat.fr\/wp-content\/uploads\/2020\/01\/IMG_20190215_154542-scaled-e1578436999433.jpg\" class=\"attachment-full size-full\" alt=\"\" loading=\"lazy\" srcset=\"https:\/\/melbordat.fr\/wp-content\/uploads\/2020\/01\/IMG_20190215_154542-scaled-e1578436999433.jpg 2560w, https:\/\/melbordat.fr\/wp-content\/uploads\/2020\/01\/IMG_20190215_154542-scaled-e1578436999433-300x225.jpg 300w, https:\/\/melbordat.fr\/wp-content\/uploads\/2020\/01\/IMG_20190215_154542-scaled-e1578436999433-1024x768.jpg 1024w, https:\/\/melbordat.fr\/wp-content\/uploads\/2020\/01\/IMG_20190215_154542-scaled-e1578436999433-768x576.jpg 768w, https:\/\/melbordat.fr\/wp-content\/uploads\/2020\/01\/IMG_20190215_154542-scaled-e1578436999433-1536x1152.jpg 1536w, https:\/\/melbordat.fr\/wp-content\/uploads\/2020\/01\/IMG_20190215_154542-scaled-e1578436999433-2048x1536.jpg 2048w, https:\/\/melbordat.fr\/wp-content\/uploads\/2020\/01\/IMG_20190215_154542-scaled-e1578436999433-370x278.jpg 370w, https:\/\/melbordat.fr\/wp-content\/uploads\/2020\/01\/IMG_20190215_154542-scaled-e1578436999433-1040x780.jpg 1040w\" sizes=\"(max-width: 2560px) 100vw, 2560px\" \/>\t\t\t\t\t\t\t\t\t\t\t\t\t\t<\/div>\n\t\t\t\t\t\t<\/div>\n\t\t\t\t<\/div>\n\t\t\t\t\t\t<\/div>\n\t\t\t\t\t<\/div>\n\t\t<\/div>\n\t\t\t\t<div class=\"elementor-column elementor-col-33 elementor-top-column elementor-element elementor-element-cbf6959\" data-id=\"cbf6959\" data-element_type=\"column\">\n\t\t\t<div class=\"elementor-column-wrap elementor-element-populated\">\n\t\t\t\t\t\t\t<div class=\"elementor-widget-wrap\">\n\t\t\t\t\t\t<div class=\"elementor-element elementor-element-daea23a elementor-widget__width-initial elementor-widget elementor-widget-image\" data-id=\"daea23a\" data-element_type=\"widget\" data-widget_type=\"image.default\">\n\t\t\t\t<div class=\"elementor-widget-container\">\n\t\t\t\t\t\t\t\t<div class=\"elementor-image\">\n\t\t\t\t\t\t\t\t\t\t\t\t<img src=\"https:\/\/melbordat.fr\/wp-content\/uploads\/2020\/01\/20190215_154102-1-1040x780.jpg\" title=\"20190215_154102\" alt=\"20190215_154102\" \/>\t\t\t\t\t\t\t\t\t\t\t\t\t\t<\/div>\n\t\t\t\t\t\t<\/div>\n\t\t\t\t<\/div>\n\t\t\t\t\t\t<\/div>\n\t\t\t\t\t<\/div>\n\t\t<\/div>\n\t\t\t\t<div class=\"elementor-column elementor-col-33 elementor-top-column elementor-element elementor-element-c3c65b9\" data-id=\"c3c65b9\" data-element_type=\"column\">\n\t\t\t<div class=\"elementor-column-wrap elementor-element-populated\">\n\t\t\t\t\t\t\t<div class=\"elementor-widget-wrap\">\n\t\t\t\t\t\t<div class=\"elementor-element elementor-element-833b33b elementor-widget elementor-widget-image\" data-id=\"833b33b\" data-element_type=\"widget\" data-widget_type=\"image.default\">\n\t\t\t\t<div class=\"elementor-widget-container\">\n\t\t\t\t\t\t\t\t<div class=\"elementor-image\">\n\t\t\t\t\t\t\t\t\t\t\t\t<img width=\"920\" height=\"690\" src=\"https:\/\/melbordat.fr\/wp-content\/uploads\/2020\/01\/20190215_155746-1024x768.jpg\" class=\"attachment-large size-large\" alt=\"\" loading=\"lazy\" srcset=\"https:\/\/melbordat.fr\/wp-content\/uploads\/2020\/01\/20190215_155746-1024x768.jpg 1024w, https:\/\/melbordat.fr\/wp-content\/uploads\/2020\/01\/20190215_155746-300x225.jpg 300w, https:\/\/melbordat.fr\/wp-content\/uploads\/2020\/01\/20190215_155746-768x576.jpg 768w, https:\/\/melbordat.fr\/wp-content\/uploads\/2020\/01\/20190215_155746-1536x1152.jpg 1536w, https:\/\/melbordat.fr\/wp-content\/uploads\/2020\/01\/20190215_155746-2048x1536.jpg 2048w, https:\/\/melbordat.fr\/wp-content\/uploads\/2020\/01\/20190215_155746-370x278.jpg 370w, https:\/\/melbordat.fr\/wp-content\/uploads\/2020\/01\/20190215_155746-1040x780.jpg 1040w\" sizes=\"(max-width: 920px) 100vw, 920px\" \/>\t\t\t\t\t\t\t\t\t\t\t\t\t\t<\/div>\n\t\t\t\t\t\t<\/div>\n\t\t\t\t<\/div>\n\t\t\t\t\t\t<\/div>\n\t\t\t\t\t<\/div>\n\t\t<\/div>\n\t\t\t\t\t\t\t\t<\/div>\n\t\t\t\t\t<\/div>\n\t\t<\/section>\n\t\t\t\t<section class=\"elementor-section elementor-top-section elementor-element elementor-element-0bf2320 elementor-section-boxed elementor-section-height-default elementor-section-height-default\" data-id=\"0bf2320\" data-element_type=\"section\">\n\t\t\t\t\t\t<div class=\"elementor-container elementor-column-gap-default\">\n\t\t\t\t\t\t\t<div class=\"elementor-row\">\n\t\t\t\t\t<div class=\"elementor-column elementor-col-100 elementor-top-column elementor-element elementor-element-3cbbdca\" data-id=\"3cbbdca\" data-element_type=\"column\">\n\t\t\t<div class=\"elementor-column-wrap elementor-element-populated\">\n\t\t\t\t\t\t\t<div class=\"elementor-widget-wrap\">\n\t\t\t\t\t\t<div class=\"elementor-element elementor-element-c29fda0 elementor-align-center elementor-widget elementor-widget-button\" data-id=\"c29fda0\" data-element_type=\"widget\" data-widget_type=\"button.default\">\n\t\t\t\t<div class=\"elementor-widget-container\">\n\t\t\t\t\t<div class=\"elementor-button-wrapper\">\n\t\t\t<a href=\"http:\/\/melbordat.fr\/index.php\/trames-graphiques\/\" class=\"elementor-button-link elementor-button elementor-size-sm elementor-animation-grow\" role=\"button\">\n\t\t\t\t\t\t<span class=\"elementor-button-content-wrapper\">\n\t\t\t\t\t\t<span class=\"elementor-button-text\">VOIR LES AUTRES DESSINS<\/span>\n\t\t<\/span>\n\t\t\t\t\t<\/a>\n\t\t<\/div>\n\t\t\t\t<\/div>\n\t\t\t\t<\/div>\n\t\t\t\t\t\t<\/div>\n\t\t\t\t\t<\/div>\n\t\t<\/div>\n\t\t\t\t\t\t\t\t<\/div>\n\t\t\t\t\t<\/div>\n\t\t<\/section>\n\t\t\t\t\t\t<\/div>\n\t\t\t\t\t\t<\/div>\n\t\t\t\t\t<\/div>\n\t\t","protected":false},"excerpt":{"rendered":"<p>R\u00e9alisation d&rsquo;un ab\u00e9c\u00e9daire lors d&rsquo;une balade dans la rue. Nous devions trouver des \u00e9l\u00e9ments alphab\u00e9tiques dans des objets quelconques. Realization of an alphabet book during a walk in the street. We had to find alphabetic elements in some objects. Cr\u00e9ation d&rsquo;une typographie en partant d&rsquo;une typo existante. Ici la typographie originale est la Hoblo. J&rsquo;ai<span class=\"more-button\"><a href=\"https:\/\/melbordat.fr\/index.php\/trames-graphiques\/recherches-typographiques\/\" class=\"more-link\">Continue reading<span class=\"screen-reader-text\">RECHERCHES TYPOGRAPHIQUES<\/span><\/a><\/span><\/p>\n","protected":false},"author":1,"featured_media":0,"parent":274,"menu_order":0,"comment_status":"closed","ping_status":"closed","template":"","meta":[],"_links":{"self":[{"href":"https:\/\/melbordat.fr\/index.php\/wp-json\/wp\/v2\/pages\/214"}],"collection":[{"href":"https:\/\/melbordat.fr\/index.php\/wp-json\/wp\/v2\/pages"}],"about":[{"href":"https:\/\/melbordat.fr\/index.php\/wp-json\/wp\/v2\/types\/page"}],"author":[{"embeddable":true,"href":"https:\/\/melbordat.fr\/index.php\/wp-json\/wp\/v2\/users\/1"}],"replies":[{"embeddable":true,"href":"https:\/\/melbordat.fr\/index.php\/wp-json\/wp\/v2\/comments?post=214"}],"version-history":[{"count":10,"href":"https:\/\/melbordat.fr\/index.php\/wp-json\/wp\/v2\/pages\/214\/revisions"}],"predecessor-version":[{"id":1229,"href":"https:\/\/melbordat.fr\/index.php\/wp-json\/wp\/v2\/pages\/214\/revisions\/1229"}],"up":[{"embeddable":true,"href":"https:\/\/melbordat.fr\/index.php\/wp-json\/wp\/v2\/pages\/274"}],"wp:attachment":[{"href":"https:\/\/melbordat.fr\/index.php\/wp-json\/wp\/v2\/media?parent=214"}],"curies":[{"name":"wp","href":"https:\/\/api.w.org\/{rel}","templated":true}]}}