{"id":139,"date":"2020-01-06T14:53:01","date_gmt":"2020-01-06T13:53:01","guid":{"rendered":"http:\/\/melbordat.fr\/?page_id=139"},"modified":"2021-02-26T11:53:41","modified_gmt":"2021-02-26T10:53:41","slug":"light-painting","status":"publish","type":"page","link":"https:\/\/melbordat.fr\/index.php\/photographies\/light-painting\/","title":{"rendered":"LIGHT PAINTING"},"content":{"rendered":"\t\t<div data-elementor-type=\"wp-page\" data-elementor-id=\"139\" class=\"elementor elementor-139\" data-elementor-settings=\"[]\">\n\t\t\t\t\t\t<div class=\"elementor-inner\">\n\t\t\t\t\t\t\t<div class=\"elementor-section-wrap\">\n\t\t\t\t\t\t\t<section class=\"elementor-section elementor-top-section elementor-element elementor-element-448c505 elementor-section-stretched elementor-section-boxed elementor-section-height-default elementor-section-height-default\" data-id=\"448c505\" data-element_type=\"section\" data-settings=\"{&quot;stretch_section&quot;:&quot;section-stretched&quot;}\">\n\t\t\t\t\t\t<div class=\"elementor-container elementor-column-gap-default\">\n\t\t\t\t\t\t\t<div class=\"elementor-row\">\n\t\t\t\t\t<div class=\"elementor-column elementor-col-100 elementor-top-column elementor-element elementor-element-7bf020a\" data-id=\"7bf020a\" data-element_type=\"column\">\n\t\t\t<div class=\"elementor-column-wrap elementor-element-populated\">\n\t\t\t\t\t\t\t<div class=\"elementor-widget-wrap\">\n\t\t\t\t\t\t<div class=\"elementor-element elementor-element-4aaff868 elementor-widget__width-initial elementor-widget elementor-widget-text-editor\" data-id=\"4aaff868\" data-element_type=\"widget\" data-widget_type=\"text-editor.default\">\n\t\t\t\t<div class=\"elementor-widget-container\">\n\t\t\t\t\t\t\t\t<div class=\"elementor-text-editor elementor-clearfix\">\n\t\t\t\t\t<p>Photos r\u00e9alis\u00e9es en studio \u00e0 la suite du workshop exposer\/s&rsquo;exposer d&rsquo;avril 2019.<br \/>J&rsquo;ai utilis\u00e9 le proc\u00e9d\u00e9 de light painting en r\u00e9duisant la vitesse d&rsquo;obturation de l&rsquo;appareil photo.<\/p><p><em>Photos taken in the studio following the workshop exhibit \/ exhibit from April 2019. I used the light painting process by reducing the shutter speed of the camera.<\/em><\/p>\t\t\t\t\t<\/div>\n\t\t\t\t\t\t<\/div>\n\t\t\t\t<\/div>\n\t\t\t\t\t\t<\/div>\n\t\t\t\t\t<\/div>\n\t\t<\/div>\n\t\t\t\t\t\t\t\t<\/div>\n\t\t\t\t\t<\/div>\n\t\t<\/section>\n\t\t\t\t<section class=\"elementor-section elementor-top-section elementor-element elementor-element-373cd283 elementor-section-stretched elementor-section-boxed elementor-section-height-default elementor-section-height-default\" data-id=\"373cd283\" data-element_type=\"section\" data-settings=\"{&quot;stretch_section&quot;:&quot;section-stretched&quot;}\">\n\t\t\t\t\t\t<div class=\"elementor-container elementor-column-gap-default\">\n\t\t\t\t\t\t\t<div class=\"elementor-row\">\n\t\t\t\t\t<div class=\"elementor-column elementor-col-100 elementor-top-column elementor-element elementor-element-2c8f78f9\" data-id=\"2c8f78f9\" data-element_type=\"column\">\n\t\t\t<div class=\"elementor-column-wrap elementor-element-populated\">\n\t\t\t\t\t\t\t<div class=\"elementor-widget-wrap\">\n\t\t\t\t\t\t<div class=\"elementor-element elementor-element-bcf6a09 elementor-widget elementor-widget-image\" data-id=\"bcf6a09\" data-element_type=\"widget\" data-widget_type=\"image.default\">\n\t\t\t\t<div class=\"elementor-widget-container\">\n\t\t\t\t\t\t\t\t<div class=\"elementor-image\">\n\t\t\t\t\t\t\t\t\t\t\t\t<img width=\"2560\" height=\"1707\" src=\"https:\/\/melbordat.fr\/wp-content\/uploads\/2020\/01\/light-painting-2-scaled.jpg\" class=\"attachment-full size-full\" alt=\"\" loading=\"lazy\" srcset=\"https:\/\/melbordat.fr\/wp-content\/uploads\/2020\/01\/light-painting-2-scaled.jpg 2560w, https:\/\/melbordat.fr\/wp-content\/uploads\/2020\/01\/light-painting-2-300x200.jpg 300w, https:\/\/melbordat.fr\/wp-content\/uploads\/2020\/01\/light-painting-2-1024x683.jpg 1024w, https:\/\/melbordat.fr\/wp-content\/uploads\/2020\/01\/light-painting-2-768x512.jpg 768w, https:\/\/melbordat.fr\/wp-content\/uploads\/2020\/01\/light-painting-2-1536x1024.jpg 1536w, https:\/\/melbordat.fr\/wp-content\/uploads\/2020\/01\/light-painting-2-2048x1365.jpg 2048w, https:\/\/melbordat.fr\/wp-content\/uploads\/2020\/01\/light-painting-2-370x247.jpg 370w, https:\/\/melbordat.fr\/wp-content\/uploads\/2020\/01\/light-painting-2-1040x693.jpg 1040w\" sizes=\"(max-width: 2560px) 100vw, 2560px\" \/>\t\t\t\t\t\t\t\t\t\t\t\t\t\t<\/div>\n\t\t\t\t\t\t<\/div>\n\t\t\t\t<\/div>\n\t\t\t\t<div class=\"elementor-element elementor-element-ee2909d elementor-widget elementor-widget-image\" data-id=\"ee2909d\" data-element_type=\"widget\" data-widget_type=\"image.default\">\n\t\t\t\t<div class=\"elementor-widget-container\">\n\t\t\t\t\t\t\t\t<div class=\"elementor-image\">\n\t\t\t\t\t\t\t\t\t\t\t\t<img width=\"2560\" height=\"1707\" src=\"https:\/\/melbordat.fr\/wp-content\/uploads\/2020\/01\/light-painting-1-scaled.jpg\" class=\"attachment-full size-full\" alt=\"\" loading=\"lazy\" srcset=\"https:\/\/melbordat.fr\/wp-content\/uploads\/2020\/01\/light-painting-1-scaled.jpg 2560w, https:\/\/melbordat.fr\/wp-content\/uploads\/2020\/01\/light-painting-1-300x200.jpg 300w, https:\/\/melbordat.fr\/wp-content\/uploads\/2020\/01\/light-painting-1-1024x683.jpg 1024w, https:\/\/melbordat.fr\/wp-content\/uploads\/2020\/01\/light-painting-1-768x512.jpg 768w, https:\/\/melbordat.fr\/wp-content\/uploads\/2020\/01\/light-painting-1-1536x1024.jpg 1536w, https:\/\/melbordat.fr\/wp-content\/uploads\/2020\/01\/light-painting-1-2048x1365.jpg 2048w, https:\/\/melbordat.fr\/wp-content\/uploads\/2020\/01\/light-painting-1-370x247.jpg 370w, https:\/\/melbordat.fr\/wp-content\/uploads\/2020\/01\/light-painting-1-1040x693.jpg 1040w\" sizes=\"(max-width: 2560px) 100vw, 2560px\" \/>\t\t\t\t\t\t\t\t\t\t\t\t\t\t<\/div>\n\t\t\t\t\t\t<\/div>\n\t\t\t\t<\/div>\n\t\t\t\t\t\t<\/div>\n\t\t\t\t\t<\/div>\n\t\t<\/div>\n\t\t\t\t\t\t\t\t<\/div>\n\t\t\t\t\t<\/div>\n\t\t<\/section>\n\t\t\t\t<section class=\"elementor-section elementor-top-section elementor-element elementor-element-d9d979f elementor-section-stretched elementor-section-boxed elementor-section-height-default elementor-section-height-default\" data-id=\"d9d979f\" data-element_type=\"section\" data-settings=\"{&quot;stretch_section&quot;:&quot;section-stretched&quot;}\">\n\t\t\t\t\t\t<div class=\"elementor-container elementor-column-gap-default\">\n\t\t\t\t\t\t\t<div class=\"elementor-row\">\n\t\t\t\t\t<div class=\"elementor-column elementor-col-50 elementor-top-column elementor-element elementor-element-4eb0c98\" data-id=\"4eb0c98\" data-element_type=\"column\">\n\t\t\t<div class=\"elementor-column-wrap elementor-element-populated\">\n\t\t\t\t\t\t\t<div class=\"elementor-widget-wrap\">\n\t\t\t\t\t\t<div class=\"elementor-element elementor-element-ad38d88 elementor-widget elementor-widget-image\" data-id=\"ad38d88\" data-element_type=\"widget\" data-widget_type=\"image.default\">\n\t\t\t\t<div class=\"elementor-widget-container\">\n\t\t\t\t\t\t\t\t<div class=\"elementor-image\">\n\t\t\t\t\t\t\t\t\t\t\t\t<img width=\"920\" height=\"614\" src=\"https:\/\/melbordat.fr\/wp-content\/uploads\/2020\/01\/IMG_1684-1024x683.jpg\" class=\"attachment-large size-large\" alt=\"\" loading=\"lazy\" srcset=\"https:\/\/melbordat.fr\/wp-content\/uploads\/2020\/01\/IMG_1684-1024x683.jpg 1024w, https:\/\/melbordat.fr\/wp-content\/uploads\/2020\/01\/IMG_1684-300x200.jpg 300w, https:\/\/melbordat.fr\/wp-content\/uploads\/2020\/01\/IMG_1684-768x512.jpg 768w, https:\/\/melbordat.fr\/wp-content\/uploads\/2020\/01\/IMG_1684-1536x1024.jpg 1536w, https:\/\/melbordat.fr\/wp-content\/uploads\/2020\/01\/IMG_1684-2048x1365.jpg 2048w, https:\/\/melbordat.fr\/wp-content\/uploads\/2020\/01\/IMG_1684-370x247.jpg 370w, https:\/\/melbordat.fr\/wp-content\/uploads\/2020\/01\/IMG_1684-1040x693.jpg 1040w\" sizes=\"(max-width: 920px) 100vw, 920px\" \/>\t\t\t\t\t\t\t\t\t\t\t\t\t\t<\/div>\n\t\t\t\t\t\t<\/div>\n\t\t\t\t<\/div>\n\t\t\t\t\t\t<\/div>\n\t\t\t\t\t<\/div>\n\t\t<\/div>\n\t\t\t\t<div class=\"elementor-column elementor-col-50 elementor-top-column elementor-element elementor-element-a7560e6\" data-id=\"a7560e6\" data-element_type=\"column\">\n\t\t\t<div class=\"elementor-column-wrap elementor-element-populated\">\n\t\t\t\t\t\t\t<div class=\"elementor-widget-wrap\">\n\t\t\t\t\t\t<div class=\"elementor-element elementor-element-c51de9a elementor-widget elementor-widget-image\" data-id=\"c51de9a\" data-element_type=\"widget\" data-widget_type=\"image.default\">\n\t\t\t\t<div class=\"elementor-widget-container\">\n\t\t\t\t\t\t\t\t<div class=\"elementor-image\">\n\t\t\t\t\t\t\t\t\t\t\t\t<img width=\"920\" height=\"614\" src=\"https:\/\/melbordat.fr\/wp-content\/uploads\/2020\/01\/IMG_1716-1024x683.jpg\" class=\"attachment-large size-large\" alt=\"\" loading=\"lazy\" srcset=\"https:\/\/melbordat.fr\/wp-content\/uploads\/2020\/01\/IMG_1716-1024x683.jpg 1024w, https:\/\/melbordat.fr\/wp-content\/uploads\/2020\/01\/IMG_1716-300x200.jpg 300w, https:\/\/melbordat.fr\/wp-content\/uploads\/2020\/01\/IMG_1716-768x512.jpg 768w, https:\/\/melbordat.fr\/wp-content\/uploads\/2020\/01\/IMG_1716-1536x1024.jpg 1536w, https:\/\/melbordat.fr\/wp-content\/uploads\/2020\/01\/IMG_1716-2048x1365.jpg 2048w, https:\/\/melbordat.fr\/wp-content\/uploads\/2020\/01\/IMG_1716-370x247.jpg 370w, https:\/\/melbordat.fr\/wp-content\/uploads\/2020\/01\/IMG_1716-1040x693.jpg 1040w\" sizes=\"(max-width: 920px) 100vw, 920px\" \/>\t\t\t\t\t\t\t\t\t\t\t\t\t\t<\/div>\n\t\t\t\t\t\t<\/div>\n\t\t\t\t<\/div>\n\t\t\t\t\t\t<\/div>\n\t\t\t\t\t<\/div>\n\t\t<\/div>\n\t\t\t\t\t\t\t\t<\/div>\n\t\t\t\t\t<\/div>\n\t\t<\/section>\n\t\t\t\t<section class=\"elementor-section elementor-top-section elementor-element elementor-element-95ad061 elementor-section-stretched elementor-section-boxed elementor-section-height-default elementor-section-height-default\" data-id=\"95ad061\" data-element_type=\"section\" data-settings=\"{&quot;stretch_section&quot;:&quot;section-stretched&quot;}\">\n\t\t\t\t\t\t<div class=\"elementor-container elementor-column-gap-default\">\n\t\t\t\t\t\t\t<div class=\"elementor-row\">\n\t\t\t\t\t<div class=\"elementor-column elementor-col-100 elementor-top-column elementor-element elementor-element-a5cf9dc\" data-id=\"a5cf9dc\" data-element_type=\"column\">\n\t\t\t<div class=\"elementor-column-wrap elementor-element-populated\">\n\t\t\t\t\t\t\t<div class=\"elementor-widget-wrap\">\n\t\t\t\t\t\t<div class=\"elementor-element elementor-element-398e721 elementor-widget elementor-widget-image\" data-id=\"398e721\" data-element_type=\"widget\" data-widget_type=\"image.default\">\n\t\t\t\t<div class=\"elementor-widget-container\">\n\t\t\t\t\t\t\t\t<div class=\"elementor-image\">\n\t\t\t\t\t\t\t\t\t\t\t\t<img width=\"2560\" height=\"1707\" src=\"https:\/\/melbordat.fr\/wp-content\/uploads\/2020\/01\/IMG_1582-scaled.jpg\" class=\"attachment-full size-full\" alt=\"\" loading=\"lazy\" srcset=\"https:\/\/melbordat.fr\/wp-content\/uploads\/2020\/01\/IMG_1582-scaled.jpg 2560w, https:\/\/melbordat.fr\/wp-content\/uploads\/2020\/01\/IMG_1582-300x200.jpg 300w, https:\/\/melbordat.fr\/wp-content\/uploads\/2020\/01\/IMG_1582-1024x683.jpg 1024w, https:\/\/melbordat.fr\/wp-content\/uploads\/2020\/01\/IMG_1582-768x512.jpg 768w, https:\/\/melbordat.fr\/wp-content\/uploads\/2020\/01\/IMG_1582-1536x1024.jpg 1536w, https:\/\/melbordat.fr\/wp-content\/uploads\/2020\/01\/IMG_1582-2048x1365.jpg 2048w, https:\/\/melbordat.fr\/wp-content\/uploads\/2020\/01\/IMG_1582-370x247.jpg 370w, https:\/\/melbordat.fr\/wp-content\/uploads\/2020\/01\/IMG_1582-1040x693.jpg 1040w\" sizes=\"(max-width: 2560px) 100vw, 2560px\" \/>\t\t\t\t\t\t\t\t\t\t\t\t\t\t<\/div>\n\t\t\t\t\t\t<\/div>\n\t\t\t\t<\/div>\n\t\t\t\t\t\t<\/div>\n\t\t\t\t\t<\/div>\n\t\t<\/div>\n\t\t\t\t\t\t\t\t<\/div>\n\t\t\t\t\t<\/div>\n\t\t<\/section>\n\t\t\t\t<section class=\"elementor-section elementor-top-section elementor-element elementor-element-f01c3b7 elementor-section-boxed elementor-section-height-default elementor-section-height-default\" data-id=\"f01c3b7\" data-element_type=\"section\">\n\t\t\t\t\t\t<div class=\"elementor-container elementor-column-gap-default\">\n\t\t\t\t\t\t\t<div class=\"elementor-row\">\n\t\t\t\t\t<div class=\"elementor-column elementor-col-100 elementor-top-column elementor-element elementor-element-ebb15d2\" data-id=\"ebb15d2\" data-element_type=\"column\">\n\t\t\t<div class=\"elementor-column-wrap elementor-element-populated\">\n\t\t\t\t\t\t\t<div class=\"elementor-widget-wrap\">\n\t\t\t\t\t\t<div class=\"elementor-element elementor-element-24aab2b elementor-align-center elementor-widget elementor-widget-button\" data-id=\"24aab2b\" data-element_type=\"widget\" data-widget_type=\"button.default\">\n\t\t\t\t<div class=\"elementor-widget-container\">\n\t\t\t\t\t<div class=\"elementor-button-wrapper\">\n\t\t\t<a href=\"http:\/\/melbordat.fr\/index.php\/photographies\/\" class=\"elementor-button-link elementor-button elementor-size-sm elementor-animation-grow\" role=\"button\">\n\t\t\t\t\t\t<span class=\"elementor-button-content-wrapper\">\n\t\t\t\t\t\t<span class=\"elementor-button-text\">VOIR LES AUTRES PHOTOGRAPHIES<\/span>\n\t\t<\/span>\n\t\t\t\t\t<\/a>\n\t\t<\/div>\n\t\t\t\t<\/div>\n\t\t\t\t<\/div>\n\t\t\t\t\t\t<\/div>\n\t\t\t\t\t<\/div>\n\t\t<\/div>\n\t\t\t\t\t\t\t\t<\/div>\n\t\t\t\t\t<\/div>\n\t\t<\/section>\n\t\t\t\t\t\t<\/div>\n\t\t\t\t\t\t<\/div>\n\t\t\t\t\t<\/div>\n\t\t","protected":false},"excerpt":{"rendered":"<p>Photos r\u00e9alis\u00e9es en studio \u00e0 la suite du workshop exposer\/s&rsquo;exposer d&rsquo;avril 2019.J&rsquo;ai utilis\u00e9 le proc\u00e9d\u00e9 de light painting en r\u00e9duisant la vitesse d&rsquo;obturation de l&rsquo;appareil photo. Photos taken in the studio following the workshop exhibit \/ exhibit from April 2019. I used the light painting process by reducing the shutter speed of the camera. VOIR<span class=\"more-button\"><a href=\"https:\/\/melbordat.fr\/index.php\/photographies\/light-painting\/\" class=\"more-link\">Continue reading<span class=\"screen-reader-text\">LIGHT PAINTING<\/span><\/a><\/span><\/p>\n","protected":false},"author":1,"featured_media":0,"parent":27,"menu_order":0,"comment_status":"closed","ping_status":"closed","template":"","meta":[],"_links":{"self":[{"href":"https:\/\/melbordat.fr\/index.php\/wp-json\/wp\/v2\/pages\/139"}],"collection":[{"href":"https:\/\/melbordat.fr\/index.php\/wp-json\/wp\/v2\/pages"}],"about":[{"href":"https:\/\/melbordat.fr\/index.php\/wp-json\/wp\/v2\/types\/page"}],"author":[{"embeddable":true,"href":"https:\/\/melbordat.fr\/index.php\/wp-json\/wp\/v2\/users\/1"}],"replies":[{"embeddable":true,"href":"https:\/\/melbordat.fr\/index.php\/wp-json\/wp\/v2\/comments?post=139"}],"version-history":[{"count":11,"href":"https:\/\/melbordat.fr\/index.php\/wp-json\/wp\/v2\/pages\/139\/revisions"}],"predecessor-version":[{"id":1090,"href":"https:\/\/melbordat.fr\/index.php\/wp-json\/wp\/v2\/pages\/139\/revisions\/1090"}],"up":[{"embeddable":true,"href":"https:\/\/melbordat.fr\/index.php\/wp-json\/wp\/v2\/pages\/27"}],"wp:attachment":[{"href":"https:\/\/melbordat.fr\/index.php\/wp-json\/wp\/v2\/media?parent=139"}],"curies":[{"name":"wp","href":"https:\/\/api.w.org\/{rel}","templated":true}]}}