{"id":1152,"date":"2021-02-26T15:42:50","date_gmt":"2021-02-26T14:42:50","guid":{"rendered":"http:\/\/melbordat.fr\/?page_id=1152"},"modified":"2021-02-26T15:45:19","modified_gmt":"2021-02-26T14:45:19","slug":"david-bowie","status":"publish","type":"page","link":"https:\/\/melbordat.fr\/index.php\/david-bowie\/","title":{"rendered":"DAVID BOWIE"},"content":{"rendered":"\t\t<div data-elementor-type=\"wp-page\" data-elementor-id=\"1152\" class=\"elementor elementor-1152\" data-elementor-settings=\"[]\">\n\t\t\t\t\t\t<div class=\"elementor-inner\">\n\t\t\t\t\t\t\t<div class=\"elementor-section-wrap\">\n\t\t\t\t\t\t\t<section class=\"elementor-section elementor-top-section elementor-element elementor-element-782aacf7 elementor-section-stretched elementor-section-boxed elementor-section-height-default elementor-section-height-default\" data-id=\"782aacf7\" data-element_type=\"section\" data-settings=\"{&quot;stretch_section&quot;:&quot;section-stretched&quot;}\">\n\t\t\t\t\t\t<div class=\"elementor-container elementor-column-gap-default\">\n\t\t\t\t\t\t\t<div class=\"elementor-row\">\n\t\t\t\t\t<div class=\"elementor-column elementor-col-100 elementor-top-column elementor-element elementor-element-1a2234b7\" data-id=\"1a2234b7\" data-element_type=\"column\">\n\t\t\t<div class=\"elementor-column-wrap elementor-element-populated\">\n\t\t\t\t\t\t\t<div class=\"elementor-widget-wrap\">\n\t\t\t\t\t\t<div class=\"elementor-element elementor-element-6fdf16e6 elementor-widget elementor-widget-text-editor\" data-id=\"6fdf16e6\" data-element_type=\"widget\" data-widget_type=\"text-editor.default\">\n\t\t\t\t<div class=\"elementor-widget-container\">\n\t\t\t\t\t\t\t\t<div class=\"elementor-text-editor elementor-clearfix\">\n\t\t\t\t\t<p>Projet r\u00e9alis\u00e9 en cours de culture. Le but \u00e9tait de pr\u00e9senter des variations de figures iconiques. J&rsquo;ai choisi David Bowie car c&rsquo;est un de mes artistes chanteur pr\u00e9f\u00e9r\u00e9.<\/p>\n<p><em><span lang=\"en\">Project carried in class of culture. The aim was to present variations of iconic figures. I chose David Bowie because he is one of my favorite singer artists.<\/span><\/em><\/p>\t\t\t\t\t<\/div>\n\t\t\t\t\t\t<\/div>\n\t\t\t\t<\/div>\n\t\t\t\t\t\t<\/div>\n\t\t\t\t\t<\/div>\n\t\t<\/div>\n\t\t\t\t\t\t\t\t<\/div>\n\t\t\t\t\t<\/div>\n\t\t<\/section>\n\t\t\t\t<section class=\"elementor-section elementor-top-section elementor-element elementor-element-f1c2ccc elementor-section-stretched elementor-section-boxed elementor-section-height-default elementor-section-height-default\" data-id=\"f1c2ccc\" data-element_type=\"section\" data-settings=\"{&quot;stretch_section&quot;:&quot;section-stretched&quot;}\">\n\t\t\t\t\t\t<div class=\"elementor-container elementor-column-gap-default\">\n\t\t\t\t\t\t\t<div class=\"elementor-row\">\n\t\t\t\t\t<div class=\"elementor-column elementor-col-100 elementor-top-column elementor-element elementor-element-2df2bcc\" data-id=\"2df2bcc\" data-element_type=\"column\">\n\t\t\t<div class=\"elementor-column-wrap elementor-element-populated\">\n\t\t\t\t\t\t\t<div class=\"elementor-widget-wrap\">\n\t\t\t\t\t\t<div class=\"elementor-element elementor-element-b10b36d elementor-arrows-position-inside elementor-pagination-position-outside elementor-widget elementor-widget-image-carousel\" data-id=\"b10b36d\" data-element_type=\"widget\" data-settings=\"{&quot;slides_to_show&quot;:&quot;1&quot;,&quot;navigation&quot;:&quot;both&quot;,&quot;autoplay&quot;:&quot;yes&quot;,&quot;pause_on_hover&quot;:&quot;yes&quot;,&quot;pause_on_interaction&quot;:&quot;yes&quot;,&quot;autoplay_speed&quot;:5000,&quot;infinite&quot;:&quot;yes&quot;,&quot;effect&quot;:&quot;slide&quot;,&quot;speed&quot;:500}\" data-widget_type=\"image-carousel.default\">\n\t\t\t\t<div class=\"elementor-widget-container\">\n\t\t\t\t\t<div class=\"elementor-image-carousel-wrapper swiper-container\" dir=\"ltr\">\n\t\t\t<div class=\"elementor-image-carousel swiper-wrapper\">\n\t\t\t\t<div class=\"swiper-slide\"><figure class=\"swiper-slide-inner\"><img class=\"swiper-slide-image\" src=\"https:\/\/melbordat.fr\/wp-content\/uploads\/2021\/02\/Capture-d\u2019e\u0301cran-2021-02-26-a\u0300-15.12.18.png\" alt=\"Capture d\u2019e\u0301cran 2021-02-26 a\u0300 15.12.18\" \/><\/figure><\/div><div class=\"swiper-slide\"><figure class=\"swiper-slide-inner\"><img class=\"swiper-slide-image\" src=\"https:\/\/melbordat.fr\/wp-content\/uploads\/2021\/02\/Capture-d\u2019e\u0301cran-2021-02-26-a\u0300-15.12.32.png\" alt=\"Capture d\u2019e\u0301cran 2021-02-26 a\u0300 15.12.32\" \/><\/figure><\/div><div class=\"swiper-slide\"><figure class=\"swiper-slide-inner\"><img class=\"swiper-slide-image\" src=\"https:\/\/melbordat.fr\/wp-content\/uploads\/2021\/02\/Capture-d\u2019e\u0301cran-2021-02-26-a\u0300-15.12.45.png\" alt=\"Capture d\u2019e\u0301cran 2021-02-26 a\u0300 15.12.45\" \/><\/figure><\/div><div class=\"swiper-slide\"><figure class=\"swiper-slide-inner\"><img class=\"swiper-slide-image\" src=\"https:\/\/melbordat.fr\/wp-content\/uploads\/2021\/02\/Capture-d\u2019e\u0301cran-2021-02-26-a\u0300-15.12.57.png\" alt=\"Capture d\u2019e\u0301cran 2021-02-26 a\u0300 15.12.57\" \/><\/figure><\/div><div class=\"swiper-slide\"><figure class=\"swiper-slide-inner\"><img class=\"swiper-slide-image\" src=\"https:\/\/melbordat.fr\/wp-content\/uploads\/2021\/02\/Capture-d\u2019e\u0301cran-2021-02-26-a\u0300-15.13.08.png\" alt=\"Capture d\u2019e\u0301cran 2021-02-26 a\u0300 15.13.08\" \/><\/figure><\/div><div class=\"swiper-slide\"><figure class=\"swiper-slide-inner\"><img class=\"swiper-slide-image\" src=\"https:\/\/melbordat.fr\/wp-content\/uploads\/2021\/02\/Capture-d\u2019e\u0301cran-2021-02-26-a\u0300-15.13.19.png\" alt=\"Capture d\u2019e\u0301cran 2021-02-26 a\u0300 15.13.19\" \/><\/figure><\/div><div class=\"swiper-slide\"><figure class=\"swiper-slide-inner\"><img class=\"swiper-slide-image\" src=\"https:\/\/melbordat.fr\/wp-content\/uploads\/2021\/02\/Capture-d\u2019e\u0301cran-2021-02-26-a\u0300-15.13.32.png\" alt=\"Capture d\u2019e\u0301cran 2021-02-26 a\u0300 15.13.32\" \/><\/figure><\/div><div class=\"swiper-slide\"><figure class=\"swiper-slide-inner\"><img class=\"swiper-slide-image\" src=\"https:\/\/melbordat.fr\/wp-content\/uploads\/2021\/02\/Capture-d\u2019e\u0301cran-2021-02-26-a\u0300-15.13.47.png\" alt=\"Capture d\u2019e\u0301cran 2021-02-26 a\u0300 15.13.47\" \/><\/figure><\/div><div class=\"swiper-slide\"><figure class=\"swiper-slide-inner\"><img class=\"swiper-slide-image\" src=\"https:\/\/melbordat.fr\/wp-content\/uploads\/2021\/02\/Capture-d\u2019e\u0301cran-2021-02-26-a\u0300-15.13.59.png\" alt=\"Capture d\u2019e\u0301cran 2021-02-26 a\u0300 15.13.59\" \/><\/figure><\/div><div class=\"swiper-slide\"><figure class=\"swiper-slide-inner\"><img class=\"swiper-slide-image\" src=\"https:\/\/melbordat.fr\/wp-content\/uploads\/2021\/02\/Capture-d\u2019e\u0301cran-2021-02-26-a\u0300-15.14.09.png\" alt=\"Capture d\u2019e\u0301cran 2021-02-26 a\u0300 15.14.09\" \/><\/figure><\/div><div class=\"swiper-slide\"><figure class=\"swiper-slide-inner\"><img class=\"swiper-slide-image\" src=\"https:\/\/melbordat.fr\/wp-content\/uploads\/2021\/02\/Capture-d\u2019e\u0301cran-2021-02-26-a\u0300-15.14.20.png\" alt=\"Capture d\u2019e\u0301cran 2021-02-26 a\u0300 15.14.20\" \/><\/figure><\/div><div class=\"swiper-slide\"><figure class=\"swiper-slide-inner\"><img class=\"swiper-slide-image\" src=\"https:\/\/melbordat.fr\/wp-content\/uploads\/2021\/02\/Capture-d\u2019e\u0301cran-2021-02-26-a\u0300-15.14.31.png\" alt=\"Capture d\u2019e\u0301cran 2021-02-26 a\u0300 15.14.31\" \/><\/figure><\/div>\t\t\t<\/div>\n\t\t\t\t\t\t\t\t\t\t\t\t<div class=\"swiper-pagination\"><\/div>\n\t\t\t\t\t\t\t\t\t\t\t\t\t<div class=\"elementor-swiper-button elementor-swiper-button-prev\">\n\t\t\t\t\t\t<i class=\"eicon-chevron-left\" aria-hidden=\"true\"><\/i>\n\t\t\t\t\t\t<span class=\"elementor-screen-only\">Pr\u00e9c\u00e9dent<\/span>\n\t\t\t\t\t<\/div>\n\t\t\t\t\t<div class=\"elementor-swiper-button elementor-swiper-button-next\">\n\t\t\t\t\t\t<i class=\"eicon-chevron-right\" aria-hidden=\"true\"><\/i>\n\t\t\t\t\t\t<span class=\"elementor-screen-only\">Suivant<\/span>\n\t\t\t\t\t<\/div>\n\t\t\t\t\t\t\t\t\t<\/div>\n\t\t\t\t<\/div>\n\t\t\t\t<\/div>\n\t\t\t\t\t\t<\/div>\n\t\t\t\t\t<\/div>\n\t\t<\/div>\n\t\t\t\t\t\t\t\t<\/div>\n\t\t\t\t\t<\/div>\n\t\t<\/section>\n\t\t\t\t<section class=\"elementor-section elementor-top-section elementor-element elementor-element-7909527 elementor-section-boxed elementor-section-height-default elementor-section-height-default\" data-id=\"7909527\" data-element_type=\"section\">\n\t\t\t\t\t\t<div class=\"elementor-container elementor-column-gap-default\">\n\t\t\t\t\t\t\t<div class=\"elementor-row\">\n\t\t\t\t\t<div class=\"elementor-column elementor-col-100 elementor-top-column elementor-element elementor-element-76ffaf5\" data-id=\"76ffaf5\" data-element_type=\"column\">\n\t\t\t<div class=\"elementor-column-wrap elementor-element-populated\">\n\t\t\t\t\t\t\t<div class=\"elementor-widget-wrap\">\n\t\t\t\t\t\t<div class=\"elementor-element elementor-element-64fce3c elementor-align-center elementor-widget elementor-widget-button\" data-id=\"64fce3c\" data-element_type=\"widget\" data-widget_type=\"button.default\">\n\t\t\t\t<div class=\"elementor-widget-container\">\n\t\t\t\t\t<div class=\"elementor-button-wrapper\">\n\t\t\t<a href=\"http:\/\/melbordat.fr\/index.php\/research\/\" class=\"elementor-button-link elementor-button elementor-size-sm elementor-animation-grow\" role=\"button\">\n\t\t\t\t\t\t<span class=\"elementor-button-content-wrapper\">\n\t\t\t\t\t\t<span class=\"elementor-button-text\">VOIR LES AUTRES RECHERCHES<\/span>\n\t\t<\/span>\n\t\t\t\t\t<\/a>\n\t\t<\/div>\n\t\t\t\t<\/div>\n\t\t\t\t<\/div>\n\t\t\t\t\t\t<\/div>\n\t\t\t\t\t<\/div>\n\t\t<\/div>\n\t\t\t\t\t\t\t\t<\/div>\n\t\t\t\t\t<\/div>\n\t\t<\/section>\n\t\t\t\t\t\t<\/div>\n\t\t\t\t\t\t<\/div>\n\t\t\t\t\t<\/div>\n\t\t","protected":false},"excerpt":{"rendered":"<p>Projet r\u00e9alis\u00e9 en cours de culture. Le but \u00e9tait de pr\u00e9senter des variations de figures iconiques. J&rsquo;ai choisi David Bowie car c&rsquo;est un de mes artistes chanteur pr\u00e9f\u00e9r\u00e9. Project carried in class of culture. The aim was to present variations of iconic figures. I chose David Bowie because he is one of my favorite singer<span class=\"more-button\"><a href=\"https:\/\/melbordat.fr\/index.php\/david-bowie\/\" class=\"more-link\">Continue reading<span class=\"screen-reader-text\">DAVID BOWIE<\/span><\/a><\/span><\/p>\n","protected":false},"author":1,"featured_media":0,"parent":0,"menu_order":0,"comment_status":"closed","ping_status":"closed","template":"","meta":[],"_links":{"self":[{"href":"https:\/\/melbordat.fr\/index.php\/wp-json\/wp\/v2\/pages\/1152"}],"collection":[{"href":"https:\/\/melbordat.fr\/index.php\/wp-json\/wp\/v2\/pages"}],"about":[{"href":"https:\/\/melbordat.fr\/index.php\/wp-json\/wp\/v2\/types\/page"}],"author":[{"embeddable":true,"href":"https:\/\/melbordat.fr\/index.php\/wp-json\/wp\/v2\/users\/1"}],"replies":[{"embeddable":true,"href":"https:\/\/melbordat.fr\/index.php\/wp-json\/wp\/v2\/comments?post=1152"}],"version-history":[{"count":3,"href":"https:\/\/melbordat.fr\/index.php\/wp-json\/wp\/v2\/pages\/1152\/revisions"}],"predecessor-version":[{"id":1167,"href":"https:\/\/melbordat.fr\/index.php\/wp-json\/wp\/v2\/pages\/1152\/revisions\/1167"}],"wp:attachment":[{"href":"https:\/\/melbordat.fr\/index.php\/wp-json\/wp\/v2\/media?parent=1152"}],"curies":[{"name":"wp","href":"https:\/\/api.w.org\/{rel}","templated":true}]}}