{"id":1132,"date":"2021-02-26T15:09:01","date_gmt":"2021-02-26T14:09:01","guid":{"rendered":"http:\/\/melbordat.fr\/?page_id=1132"},"modified":"2021-09-09T11:06:31","modified_gmt":"2021-09-09T09:06:31","slug":"le-mapping-video-memoire-2020-2021","status":"publish","type":"page","link":"https:\/\/melbordat.fr\/index.php\/le-mapping-video-memoire-2020-2021\/","title":{"rendered":"LE MAPPING VID\u00c9O &#8211; M\u00c9MOIRE 2020\/2021"},"content":{"rendered":"\t\t<div data-elementor-type=\"wp-page\" data-elementor-id=\"1132\" class=\"elementor elementor-1132\" data-elementor-settings=\"[]\">\n\t\t\t\t\t\t<div class=\"elementor-inner\">\n\t\t\t\t\t\t\t<div class=\"elementor-section-wrap\">\n\t\t\t\t\t\t\t<section class=\"elementor-section elementor-top-section elementor-element elementor-element-0eebd2b elementor-section-stretched elementor-section-boxed elementor-section-height-default elementor-section-height-default\" data-id=\"0eebd2b\" data-element_type=\"section\" data-settings=\"{&quot;stretch_section&quot;:&quot;section-stretched&quot;}\">\n\t\t\t\t\t\t<div class=\"elementor-container elementor-column-gap-default\">\n\t\t\t\t\t\t\t<div class=\"elementor-row\">\n\t\t\t\t\t<div class=\"elementor-column elementor-col-100 elementor-top-column elementor-element elementor-element-8a48f83\" data-id=\"8a48f83\" data-element_type=\"column\">\n\t\t\t<div class=\"elementor-column-wrap elementor-element-populated\">\n\t\t\t\t\t\t\t<div class=\"elementor-widget-wrap\">\n\t\t\t\t\t\t<div class=\"elementor-element elementor-element-776c5be elementor-widget elementor-widget-text-editor\" data-id=\"776c5be\" data-element_type=\"widget\" data-widget_type=\"text-editor.default\">\n\t\t\t\t<div class=\"elementor-widget-container\">\n\t\t\t\t\t\t\t\t<div class=\"elementor-text-editor elementor-clearfix\">\n\t\t\t\t\t<p>M\u00e9moire de fin de dipl\u00f4me de DNMADE Num\u00e9rique. J&rsquo;ai travaill\u00e9 sur le Mapping Vid\u00e9o: domaine dans lequel j&rsquo;aimerai poursuivre\u00a0professionnellement.\u00a0<\/p><p><em><span lang=\"en\">End of diploma thesis from DNMADE Num\u00e9rique. I worked on Video Mapping: an area in which I would like to pursue professionally.<\/span><\/em><\/p>\t\t\t\t\t<\/div>\n\t\t\t\t\t\t<\/div>\n\t\t\t\t<\/div>\n\t\t\t\t\t\t<\/div>\n\t\t\t\t\t<\/div>\n\t\t<\/div>\n\t\t\t\t\t\t\t\t<\/div>\n\t\t\t\t\t<\/div>\n\t\t<\/section>\n\t\t\t\t<section class=\"elementor-section elementor-top-section elementor-element elementor-element-1fb0068 elementor-section-boxed elementor-section-height-default elementor-section-height-default\" data-id=\"1fb0068\" data-element_type=\"section\">\n\t\t\t\t\t\t<div class=\"elementor-container elementor-column-gap-default\">\n\t\t\t\t\t\t\t<div class=\"elementor-row\">\n\t\t\t\t\t<div class=\"elementor-column elementor-col-100 elementor-top-column elementor-element elementor-element-3b1c2f8\" data-id=\"3b1c2f8\" data-element_type=\"column\">\n\t\t\t<div class=\"elementor-column-wrap elementor-element-populated\">\n\t\t\t\t\t\t\t<div class=\"elementor-widget-wrap\">\n\t\t\t\t\t\t<div class=\"elementor-element elementor-element-72a03ca elementor-widget elementor-widget-image\" data-id=\"72a03ca\" data-element_type=\"widget\" data-widget_type=\"image.default\">\n\t\t\t\t<div class=\"elementor-widget-container\">\n\t\t\t\t\t\t\t\t<div class=\"elementor-image\">\n\t\t\t\t\t\t\t\t\t\t\t\t<img width=\"912\" height=\"1024\" src=\"https:\/\/melbordat.fr\/wp-content\/uploads\/2021\/02\/Capture-d\u2019e\u0301cran-2021-02-26-a\u0300-15.15.32-912x1024.png\" class=\"attachment-large size-large\" alt=\"\" loading=\"lazy\" srcset=\"https:\/\/melbordat.fr\/wp-content\/uploads\/2021\/02\/Capture-d\u2019e\u0301cran-2021-02-26-a\u0300-15.15.32-912x1024.png 912w, https:\/\/melbordat.fr\/wp-content\/uploads\/2021\/02\/Capture-d\u2019e\u0301cran-2021-02-26-a\u0300-15.15.32-267x300.png 267w, https:\/\/melbordat.fr\/wp-content\/uploads\/2021\/02\/Capture-d\u2019e\u0301cran-2021-02-26-a\u0300-15.15.32-768x863.png 768w, https:\/\/melbordat.fr\/wp-content\/uploads\/2021\/02\/Capture-d\u2019e\u0301cran-2021-02-26-a\u0300-15.15.32-1367x1536.png 1367w, https:\/\/melbordat.fr\/wp-content\/uploads\/2021\/02\/Capture-d\u2019e\u0301cran-2021-02-26-a\u0300-15.15.32-1823x2048.png 1823w, https:\/\/melbordat.fr\/wp-content\/uploads\/2021\/02\/Capture-d\u2019e\u0301cran-2021-02-26-a\u0300-15.15.32.png 1848w\" sizes=\"(max-width: 912px) 100vw, 912px\" \/>\t\t\t\t\t\t\t\t\t\t\t\t\t\t<\/div>\n\t\t\t\t\t\t<\/div>\n\t\t\t\t<\/div>\n\t\t\t\t\t\t<\/div>\n\t\t\t\t\t<\/div>\n\t\t<\/div>\n\t\t\t\t\t\t\t\t<\/div>\n\t\t\t\t\t<\/div>\n\t\t<\/section>\n\t\t\t\t<section class=\"elementor-section elementor-top-section elementor-element elementor-element-ded48c6 elementor-section-stretched elementor-section-boxed elementor-section-height-default elementor-section-height-default\" data-id=\"ded48c6\" data-element_type=\"section\" data-settings=\"{&quot;stretch_section&quot;:&quot;section-stretched&quot;}\">\n\t\t\t\t\t\t<div class=\"elementor-container elementor-column-gap-default\">\n\t\t\t\t\t\t\t<div class=\"elementor-row\">\n\t\t\t\t\t<div class=\"elementor-column elementor-col-100 elementor-top-column elementor-element elementor-element-339f7706\" data-id=\"339f7706\" data-element_type=\"column\">\n\t\t\t<div class=\"elementor-column-wrap elementor-element-populated\">\n\t\t\t\t\t\t\t<div class=\"elementor-widget-wrap\">\n\t\t\t\t\t\t<div class=\"elementor-element elementor-element-0db68e1 elementor-arrows-position-inside elementor-pagination-position-outside elementor-widget elementor-widget-image-carousel\" data-id=\"0db68e1\" data-element_type=\"widget\" data-settings=\"{&quot;slides_to_show&quot;:&quot;1&quot;,&quot;infinite&quot;:&quot;no&quot;,&quot;navigation&quot;:&quot;both&quot;,&quot;autoplay&quot;:&quot;yes&quot;,&quot;pause_on_hover&quot;:&quot;yes&quot;,&quot;pause_on_interaction&quot;:&quot;yes&quot;,&quot;autoplay_speed&quot;:5000,&quot;effect&quot;:&quot;slide&quot;,&quot;speed&quot;:500}\" data-widget_type=\"image-carousel.default\">\n\t\t\t\t<div class=\"elementor-widget-container\">\n\t\t\t\t\t<div class=\"elementor-image-carousel-wrapper swiper-container\" dir=\"ltr\">\n\t\t\t<div class=\"elementor-image-carousel swiper-wrapper\">\n\t\t\t\t<div class=\"swiper-slide\"><figure class=\"swiper-slide-inner\"><img class=\"swiper-slide-image\" src=\"https:\/\/melbordat.fr\/wp-content\/uploads\/2021\/02\/Capture-d\u2019e\u0301cran-2021-02-26-a\u0300-15.17.04.png\" alt=\"Capture d\u2019e\u0301cran 2021-02-26 a\u0300 15.17.04\" \/><\/figure><\/div><div class=\"swiper-slide\"><figure class=\"swiper-slide-inner\"><img class=\"swiper-slide-image\" src=\"https:\/\/melbordat.fr\/wp-content\/uploads\/2021\/02\/Capture-d\u2019e\u0301cran-2021-02-26-a\u0300-15.16.55.png\" alt=\"Capture d\u2019e\u0301cran 2021-02-26 a\u0300 15.16.55\" \/><\/figure><\/div><div class=\"swiper-slide\"><figure class=\"swiper-slide-inner\"><img class=\"swiper-slide-image\" src=\"https:\/\/melbordat.fr\/wp-content\/uploads\/2021\/02\/Capture-d\u2019e\u0301cran-2021-02-26-a\u0300-15.16.42.png\" alt=\"Capture d\u2019e\u0301cran 2021-02-26 a\u0300 15.16.42\" \/><\/figure><\/div><div class=\"swiper-slide\"><figure class=\"swiper-slide-inner\"><img class=\"swiper-slide-image\" src=\"https:\/\/melbordat.fr\/wp-content\/uploads\/2021\/02\/Capture-d\u2019e\u0301cran-2021-02-26-a\u0300-15.17.40.png\" alt=\"Capture d\u2019e\u0301cran 2021-02-26 a\u0300 15.17.40\" \/><\/figure><\/div><div class=\"swiper-slide\"><figure class=\"swiper-slide-inner\"><img class=\"swiper-slide-image\" src=\"https:\/\/melbordat.fr\/wp-content\/uploads\/2021\/02\/Capture-d\u2019e\u0301cran-2021-02-26-a\u0300-15.17.15.png\" alt=\"Capture d\u2019e\u0301cran 2021-02-26 a\u0300 15.17.15\" \/><\/figure><\/div><div class=\"swiper-slide\"><figure class=\"swiper-slide-inner\"><img class=\"swiper-slide-image\" src=\"https:\/\/melbordat.fr\/wp-content\/uploads\/2021\/02\/Capture-d\u2019e\u0301cran-2021-02-26-a\u0300-15.17.24.png\" alt=\"Capture d\u2019e\u0301cran 2021-02-26 a\u0300 15.17.24\" \/><\/figure><\/div><div class=\"swiper-slide\"><figure class=\"swiper-slide-inner\"><img class=\"swiper-slide-image\" src=\"https:\/\/melbordat.fr\/wp-content\/uploads\/2021\/02\/Capture-d\u2019e\u0301cran-2021-02-26-a\u0300-15.17.52.png\" alt=\"Capture d\u2019e\u0301cran 2021-02-26 a\u0300 15.17.52\" \/><\/figure><\/div><div class=\"swiper-slide\"><figure class=\"swiper-slide-inner\"><img class=\"swiper-slide-image\" src=\"https:\/\/melbordat.fr\/wp-content\/uploads\/2021\/02\/Capture-d\u2019e\u0301cran-2021-02-26-a\u0300-15.18.01.png\" alt=\"Capture d\u2019e\u0301cran 2021-02-26 a\u0300 15.18.01\" \/><\/figure><\/div><div class=\"swiper-slide\"><figure class=\"swiper-slide-inner\"><img class=\"swiper-slide-image\" src=\"https:\/\/melbordat.fr\/wp-content\/uploads\/2021\/02\/Capture-d\u2019e\u0301cran-2021-02-26-a\u0300-15.18.14.png\" alt=\"Capture d\u2019e\u0301cran 2021-02-26 a\u0300 15.18.14\" \/><\/figure><\/div>\t\t\t<\/div>\n\t\t\t\t\t\t\t\t\t\t\t\t<div class=\"swiper-pagination\"><\/div>\n\t\t\t\t\t\t\t\t\t\t\t\t\t<div class=\"elementor-swiper-button elementor-swiper-button-prev\">\n\t\t\t\t\t\t<i class=\"eicon-chevron-left\" aria-hidden=\"true\"><\/i>\n\t\t\t\t\t\t<span class=\"elementor-screen-only\">Pr\u00e9c\u00e9dent<\/span>\n\t\t\t\t\t<\/div>\n\t\t\t\t\t<div class=\"elementor-swiper-button elementor-swiper-button-next\">\n\t\t\t\t\t\t<i class=\"eicon-chevron-right\" aria-hidden=\"true\"><\/i>\n\t\t\t\t\t\t<span class=\"elementor-screen-only\">Suivant<\/span>\n\t\t\t\t\t<\/div>\n\t\t\t\t\t\t\t\t\t<\/div>\n\t\t\t\t<\/div>\n\t\t\t\t<\/div>\n\t\t\t\t\t\t<\/div>\n\t\t\t\t\t<\/div>\n\t\t<\/div>\n\t\t\t\t\t\t\t\t<\/div>\n\t\t\t\t\t<\/div>\n\t\t<\/section>\n\t\t\t\t<section class=\"elementor-section elementor-top-section elementor-element elementor-element-c185cf1 elementor-section-boxed elementor-section-height-default elementor-section-height-default\" data-id=\"c185cf1\" data-element_type=\"section\">\n\t\t\t\t\t\t<div class=\"elementor-container elementor-column-gap-default\">\n\t\t\t\t\t\t\t<div class=\"elementor-row\">\n\t\t\t\t\t<div class=\"elementor-column elementor-col-100 elementor-top-column elementor-element elementor-element-4c67b04\" data-id=\"4c67b04\" data-element_type=\"column\">\n\t\t\t<div class=\"elementor-column-wrap elementor-element-populated\">\n\t\t\t\t\t\t\t<div class=\"elementor-widget-wrap\">\n\t\t\t\t\t\t<div class=\"elementor-element elementor-element-378b657 elementor-align-center elementor-widget elementor-widget-button\" data-id=\"378b657\" data-element_type=\"widget\" data-widget_type=\"button.default\">\n\t\t\t\t<div class=\"elementor-widget-container\">\n\t\t\t\t\t<div class=\"elementor-button-wrapper\">\n\t\t\t<a href=\"http:\/\/melbordat.fr\/index.php\/research\/\" class=\"elementor-button-link elementor-button elementor-size-sm elementor-animation-grow\" role=\"button\">\n\t\t\t\t\t\t<span class=\"elementor-button-content-wrapper\">\n\t\t\t\t\t\t<span class=\"elementor-button-text\">VOIR LES AUTRES RECHERCHES<\/span>\n\t\t<\/span>\n\t\t\t\t\t<\/a>\n\t\t<\/div>\n\t\t\t\t<\/div>\n\t\t\t\t<\/div>\n\t\t\t\t\t\t<\/div>\n\t\t\t\t\t<\/div>\n\t\t<\/div>\n\t\t\t\t\t\t\t\t<\/div>\n\t\t\t\t\t<\/div>\n\t\t<\/section>\n\t\t\t\t\t\t<\/div>\n\t\t\t\t\t\t<\/div>\n\t\t\t\t\t<\/div>\n\t\t","protected":false},"excerpt":{"rendered":"<p>M\u00e9moire de fin de dipl\u00f4me de DNMADE Num\u00e9rique. J&rsquo;ai travaill\u00e9 sur le Mapping Vid\u00e9o: domaine dans lequel j&rsquo;aimerai poursuivre\u00a0professionnellement.\u00a0 End of diploma thesis from DNMADE Num\u00e9rique. I worked on Video Mapping: an area in which I would like to pursue professionally. Pr\u00e9c\u00e9dent Suivant VOIR LES AUTRES RECHERCHES<\/p>\n","protected":false},"author":1,"featured_media":0,"parent":0,"menu_order":0,"comment_status":"closed","ping_status":"closed","template":"","meta":[],"_links":{"self":[{"href":"https:\/\/melbordat.fr\/index.php\/wp-json\/wp\/v2\/pages\/1132"}],"collection":[{"href":"https:\/\/melbordat.fr\/index.php\/wp-json\/wp\/v2\/pages"}],"about":[{"href":"https:\/\/melbordat.fr\/index.php\/wp-json\/wp\/v2\/types\/page"}],"author":[{"embeddable":true,"href":"https:\/\/melbordat.fr\/index.php\/wp-json\/wp\/v2\/users\/1"}],"replies":[{"embeddable":true,"href":"https:\/\/melbordat.fr\/index.php\/wp-json\/wp\/v2\/comments?post=1132"}],"version-history":[{"count":9,"href":"https:\/\/melbordat.fr\/index.php\/wp-json\/wp\/v2\/pages\/1132\/revisions"}],"predecessor-version":[{"id":1332,"href":"https:\/\/melbordat.fr\/index.php\/wp-json\/wp\/v2\/pages\/1132\/revisions\/1332"}],"wp:attachment":[{"href":"https:\/\/melbordat.fr\/index.php\/wp-json\/wp\/v2\/media?parent=1132"}],"curies":[{"name":"wp","href":"https:\/\/api.w.org\/{rel}","templated":true}]}}